{"id":21854,"date":"2024-05-23T12:30:37","date_gmt":"2024-05-23T09:30:37","guid":{"rendered":"https:\/\/www.phys.uaic.ro\/?page_id=21854"},"modified":"2024-05-23T12:30:37","modified_gmt":"2024-05-23T09:30:37","slug":"anunt-privind-sustinerea-raportului-de-cercetare-a-drd-cocean-c-georgiana-pe-24-05-2024","status":"publish","type":"page","link":"https:\/\/www.phys.uaic.ro\/index.php\/anunt-privind-sustinerea-raportului-de-cercetare-a-drd-cocean-c-georgiana-pe-24-05-2024\/","title":{"rendered":"Anun\u021b privind sus\u021binerea raportului de cercetare a drd. COCEAN C. GEORGIANA pe 24.05.2024"},"content":{"rendered":"<p>La data de <strong>24 mai<\/strong><strong> 2024<\/strong>, \u00eencep\u00e2nd cu ora <strong>1<\/strong><strong>6<\/strong><strong><sup>0<\/sup><\/strong><strong><sup>0<\/sup><\/strong>, \u00een <strong>Laboratorul de Spectroscopie (LOASL)<\/strong> va avea loc sus\u021binerea raportului de cercetare cu titlul <strong><em>\u201d<\/em><\/strong><strong>PLD thin films. Application<\/strong> \/ <strong><em>Straturi subtiri obtinute prin tehnologia PLD. Aplicatii<\/em><\/strong><strong><em>\u201d<\/em><\/strong>, prezentat de <strong>studenta-doctorand<\/strong><strong>\u0103<\/strong> <strong>COCEAN Georgiana<\/strong>, sub \u00eendrumarea <strong>prof. univ. dr. habil. SILVIU GURLUI<\/strong>.<\/p>\n","protected":false},"excerpt":{"rendered":"<p>La data de 24 mai 2024, \u00eencep\u00e2nd cu ora 1600, \u00een Laboratorul de Spectroscopie (LOASL) va avea loc sus\u021binerea raportului de cercetare cu titlul \u201dPLD thin films. Application \/ Straturi subtiri obtinute prin tehnologia PLD. Aplicatii\u201d, prezentat de studenta-doctorand\u0103 COCEAN Georgiana, sub \u00eendrumarea prof. univ. dr. habil. SILVIU GURLUI.<\/p>\n","protected":false},"author":4,"featured_media":0,"parent":0,"menu_order":0,"comment_status":"closed","ping_status":"closed","template":"","meta":{"footnotes":""},"class_list":["post-21854","page","type-page","status-publish","hentry"],"_links":{"self":[{"href":"https:\/\/www.phys.uaic.ro\/index.php\/wp-json\/wp\/v2\/pages\/21854","targetHints":{"allow":["GET"]}}],"collection":[{"href":"https:\/\/www.phys.uaic.ro\/index.php\/wp-json\/wp\/v2\/pages"}],"about":[{"href":"https:\/\/www.phys.uaic.ro\/index.php\/wp-json\/wp\/v2\/types\/page"}],"author":[{"embeddable":true,"href":"https:\/\/www.phys.uaic.ro\/index.php\/wp-json\/wp\/v2\/users\/4"}],"replies":[{"embeddable":true,"href":"https:\/\/www.phys.uaic.ro\/index.php\/wp-json\/wp\/v2\/comments?post=21854"}],"version-history":[{"count":0,"href":"https:\/\/www.phys.uaic.ro\/index.php\/wp-json\/wp\/v2\/pages\/21854\/revisions"}],"wp:attachment":[{"href":"https:\/\/www.phys.uaic.ro\/index.php\/wp-json\/wp\/v2\/media?parent=21854"}],"curies":[{"name":"wp","href":"https:\/\/api.w.org\/{rel}","templated":true}]}}