{"id":21862,"date":"2024-05-24T11:37:26","date_gmt":"2024-05-24T08:37:26","guid":{"rendered":"https:\/\/www.phys.uaic.ro\/?page_id=21862"},"modified":"2024-07-08T21:30:33","modified_gmt":"2024-07-08T18:30:33","slug":"examenul-de-licenta-diploma-sesiunea-iulie-2024","status":"publish","type":"page","link":"https:\/\/www.phys.uaic.ro\/index.php\/examenul-de-licenta-diploma-sesiunea-iulie-2024\/","title":{"rendered":"Examenul de licen\u021b\u0103\/diplom\u0103 \u2013 Sesiunea iulie 2024"},"content":{"rendered":"<header><strong><a href=\"https:\/\/www.phys.uaic.ro\/wp-content\/uploads\/2024\/07\/Rezultate_licenta_FM_FT-B_iulie2024.pdf\" target=\"_blank\" rel=\"noopener\"><span style=\"font-size: 14pt;\"><span style=\"font-size: 14pt;\"><span style=\"color: #ff0000;\">Rezultatele examen de licen\u021b\u0103 de la specializ\u0103rile <em>Fizic\u0103 medical\u0103<\/em> \u0219i <\/span><em><span style=\"color: #ff0000;\">Fizic\u0103<\/span> <span style=\"color: #ff0000;\">tehnologic\u0103 (B\u0103l\u021bi &#8211; R.Moldova) &#8211; 8 iulie 2024<\/span><\/em><\/span><\/span><\/a><span style=\"color: #ff0000;\">\u00a0<\/span><\/strong><\/header>\n<p><\/p>\n<header><strong><span style=\"color: #ff0000;\"><a style=\"color: #ff0000;\" href=\"https:\/\/www.phys.uaic.ro\/wp-content\/uploads\/2024\/07\/Rezultate_licenta_F_FI_iulie2024.pdf\" target=\"_blank\" rel=\"noopener\"><span style=\"font-size: 14pt;\"><span style=\"font-size: 14pt;\">Rezultatele examen de licen\u021b\u0103 de la specializ\u0103rile <em>Fizic\u0103 \u0219i Fizic\u0103 informatic\u0103 &#8211; 8 iulie 2024<\/em><\/span><\/span><\/a>\u00a0<\/span><\/strong><\/header>\n<header><em><strong><br \/>\n<a href=\"https:\/\/www.phys.uaic.ro\/wp-content\/uploads\/2022\/03\/Tematici_licenta.pdf\">Tematica pentru examenul de licen\u021b\u0103\/diplom\u0103 &#8211; sesiunea iulie 2024<\/a><\/strong><\/em><\/header>\n<header><\/header>\n<header class=\"entry-header\"><a href=\"https:\/\/www.phys.uaic.ro\/wp-content\/uploads\/2022\/06\/Subiecte-licenta-2022_V1.pdf\"><strong><em>Subiecte Licenta 2024<\/em><\/strong><\/a><\/header>\n<header><\/header>\n<header><\/header>\n<p><span style=\"font-size: 14pt;\"><strong><a href=\"https:\/\/www.phys.uaic.ro\/wp-content\/uploads\/2024\/07\/Programare-candidati-LICENTA-08.07.2024-FM-FT-3.pdf\" target=\"_blank\" rel=\"noopener\">Programarea candida\u021bilor de la specializ\u0103rile <em>Fizic\u0103 medical\u0103<\/em> \u0219i <em>Fizic\u0103 tehnologic\u0103 (B\u0103l\u0163i &#8211; R.Moldova)<\/em><\/a><em> &#8211;<\/em> 8 iulie 2024,\u00a0 Lab. Informatic\u0103 (demisol)<\/strong><\/span><\/p>\n<p><span style=\"font-size: 14pt;\"><strong><a href=\"https:\/\/www.phys.uaic.ro\/wp-content\/uploads\/2024\/07\/Program-candidati-licenta-08.07.2024-FFI.pdf\" target=\"_blank\" rel=\"noopener\">Programarea candida\u021bilor de la specializ\u0103rile <em>Fizic\u0103 \u015fi Fizic\u0103 informatic\u0103<\/em><\/a><em> &#8211; <\/em>8 iulie 2024, sala L1<br \/>\n<\/strong><\/span><\/p>\n<h3><\/h3>\n<h3><a href=\"https:\/\/www.phys.uaic.ro\/wp-content\/uploads\/2024\/07\/inscrisi.pdf\" target=\"_blank\" rel=\"noopener\"><span style=\"color: #ff0000;\">Lista absolven\u021bilor care au dreptul s\u0103 se prezinte la sus\u021binerea examenului de LICEN\u021a\u0102\/DIPLOM\u0102 \u00een sesiunea iulie 2024<\/span><\/a><\/h3>\n<header class=\"entry-header\">\n<h1><span style=\"font-size: 14pt;\"><b>Perioada de \u00eenscriere la examenul de licen\u0163\u0103\/diplom\u0103:<\/b><\/span><\/h1>\n<\/header>\n<div class=\"entry-content\">\n<ul>\n<li><strong>17-21 iunie 2024<\/strong>, ora 12, online<\/li>\n<\/ul>\n<h3><b>Sus\u0163inerea examenului de licen\u0163\u0103\/diplom\u0103 (doar cei care au dob\u00e2ndit calitatea de absolvent):<\/b><\/h3>\n<ul>\n<li><strong>8 iulie 2024<\/strong><\/li>\n<\/ul>\n<h3><\/h3>\n<h3><b>Pa\u0219i de parcurs<\/b> pentru \u00eenscrierea la examenul de licen\u021b\u0103:<\/h3>\n<ul>\n<li>etapa 1:<br \/>\n\u00een perioada 17-21 iunie 2024, ora 12, candidatul va trimite urm\u0103toarele documente (\u00eentr-un singur mesaj) la adresa de e-mail luca@uaic.ro:<\/p>\n<ol>\n<li>cererea de \u00eenscriere semnat\u0103 cu albastru \u0219i scanat\u0103;<\/li>\n<li>certificat de na\u0219tere scanat;<\/li>\n<li>carte de identitate scanat\u0103;<\/li>\n<li>confirmarea coordonatorului lucr\u0103rii de licen\u021b\u0103 (pe email) care atest\u0103 faptul c\u0103 lucrarea este \u00een analiz\u0103 \u0219i va fi trimis\u0103 (secretarului comisiei de licenta) \u00eenainte de \u00eenceperea examenului;<\/li>\n<li>chitan\u0163a de plat\u0103 a taxei (200 lei) \u00een cazul repet\u0103rii examenului.<\/li>\n<\/ol>\n<\/li>\n<li>etapa 2:<br \/>\ncoordonatorul trimite dou\u0103 documente pe adresa secretarului de comisie, cu cel pu\u021bin dou\u0103 zile \u00eenainte de data programat\u0103 pentru sus\u021binere, folosind fisiere.uaic.ro:<\/p>\n<ol>\n<li style=\"list-style-type: none;\">\n<ol>\n<li>referatul de apreciere (care con\u021bine \u0219i informa\u021bii asupra procentului de similitudini, din platforma Turnitin);<\/li>\n<li>lucrarea de licen\u021b\u0103\/diplom\u0103 care con\u021bine \u0219i <em><a href=\"https:\/\/www.phys.uaic.ro\/wp-content\/uploads\/2022\/05\/2022-Declaratie-autenticitate_licenta_diploma.pdf\" target=\"_blank\" rel=\"noopener\">declara\u021bia privind autenticitatea semnat\u0103 de <strong>candidat si coordonator<\/strong>,<\/a><\/em> \u00een format <b>pdf<\/b> .<\/li>\n<\/ol>\n<\/li>\n<\/ol>\n<p>&nbsp;<\/li>\n<\/ul>\n<h3>Formulare licen\u021b\u0103<\/h3>\n<ul>\n<li style=\"list-style-type: none;\">\n<ul>\n<li><a href=\"https:\/\/www.phys.uaic.ro\/wp-content\/uploads\/2024\/05\/2024-cerere_inscriere_licenta_iulie.pdf\" target=\"_blank\" rel=\"noopener\"><em>Cerere pentru \u00eenscrierea la examenul de licen\u0163\u0103 sesiunea iulie 2024<\/em><\/a><\/li>\n<li><a href=\"https:\/\/www.phys.uaic.ro\/wp-content\/uploads\/2024\/05\/2024_cerere_inscriere_diploma_BALTI.pdf\" target=\"_blank\" rel=\"noopener\"><em>Cerere pentru \u00eenscrierea la examenul de diplom\u0103 sesiunea iulie 2024 (Extensiunea B\u0103l\u021bi)<\/em><\/a><\/li>\n<\/ul>\n<\/li>\n<\/ul>\n<p>&nbsp;<\/p>\n<p><a href=\"https:\/\/www.phys.uaic.ro\/wp-content\/uploads\/2024\/05\/Regulament_finalizare_studii_2024_aprobatSENAT15.02.2024.pdf\" target=\"_blank\" rel=\"noopener\"><strong>Regulament privind organizarea \u015fi desf\u0103\u015furarea examenelor de absolvire, licen\u0163\u0103\/diplom\u0103 \u0219i diserta\u0163ie (sesiunile: iulie 2024, septembrie 2024 \u0219i februarie 2025)<\/strong><\/a><\/p>\n<\/div>\n","protected":false},"excerpt":{"rendered":"<p>Rezultatele examen de licen\u021b\u0103 de la specializ\u0103rile Fizic\u0103 medical\u0103 \u0219i Fizic\u0103 tehnologic\u0103 (B\u0103l\u021bi &#8211; R.Moldova) &#8211; 8 iulie 2024\u00a0 Rezultatele examen de licen\u021b\u0103 de la specializ\u0103rile Fizic\u0103 \u0219i Fizic\u0103 informatic\u0103 &#8211; 8 iulie 2024\u00a0 Tematica pentru examenul de licen\u021b\u0103\/diplom\u0103 &#8211; sesiunea iulie 2024 Subiecte Licenta 2024 Programarea candida\u021bilor de la specializ\u0103rile Fizic\u0103 medical\u0103 \u0219i Fizic\u0103 tehnologic\u0103 (B\u0103l\u0163i &#8211;\u2026 <span class=\"read-more\"><a href=\"https:\/\/www.phys.uaic.ro\/index.php\/examenul-de-licenta-diploma-sesiunea-iulie-2024\/\">Read More &raquo;<\/a><\/span><\/p>\n","protected":false},"author":4,"featured_media":0,"parent":0,"menu_order":0,"comment_status":"closed","ping_status":"closed","template":"","meta":{"footnotes":""},"class_list":["post-21862","page","type-page","status-publish","hentry"],"_links":{"self":[{"href":"https:\/\/www.phys.uaic.ro\/index.php\/wp-json\/wp\/v2\/pages\/21862","targetHints":{"allow":["GET"]}}],"collection":[{"href":"https:\/\/www.phys.uaic.ro\/index.php\/wp-json\/wp\/v2\/pages"}],"about":[{"href":"https:\/\/www.phys.uaic.ro\/index.php\/wp-json\/wp\/v2\/types\/page"}],"author":[{"embeddable":true,"href":"https:\/\/www.phys.uaic.ro\/index.php\/wp-json\/wp\/v2\/users\/4"}],"replies":[{"embeddable":true,"href":"https:\/\/www.phys.uaic.ro\/index.php\/wp-json\/wp\/v2\/comments?post=21862"}],"version-history":[{"count":0,"href":"https:\/\/www.phys.uaic.ro\/index.php\/wp-json\/wp\/v2\/pages\/21862\/revisions"}],"wp:attachment":[{"href":"https:\/\/www.phys.uaic.ro\/index.php\/wp-json\/wp\/v2\/media?parent=21862"}],"curies":[{"name":"wp","href":"https:\/\/api.w.org\/{rel}","templated":true}]}}