{"id":21972,"date":"2024-06-10T15:32:09","date_gmt":"2024-06-10T12:32:09","guid":{"rendered":"https:\/\/www.phys.uaic.ro\/?page_id=21972"},"modified":"2024-08-08T09:19:45","modified_gmt":"2024-08-08T06:19:45","slug":"admitere-licenta-iulie-2024","status":"publish","type":"page","link":"https:\/\/www.phys.uaic.ro\/index.php\/admitere-licenta-iulie-2024\/","title":{"rendered":"Admitere studii licen\u021b\u0103 \u2013 iulie 2024"},"content":{"rendered":"<p><a href=\"https:\/\/www.phys.uaic.ro\/wp-content\/uploads\/2024\/08\/runda-3_lista-admisi-BUGET_5-august-2024.pdf\" target=\"_blank\" rel=\"noopener\"><span style=\"color: #ff0000; font-size: 14pt;\"><strong>Rezultate admitere licenta \u2013 etapa a treia \u2013 BUGET &#8211; afisat 5 august 2024<\/strong><\/span><\/a><\/p>\n<p><a href=\"https:\/\/www.phys.uaic.ro\/wp-content\/uploads\/2024\/08\/runda-3_lista-admisi-TAXA_5-august-2024.pdf\" target=\"_blank\" rel=\"noopener\"><strong><span style=\"color: #ff0000; font-size: 14pt;\">Rezultate admitere licenta \u2013 etapa a treia \u2013 TAXA &#8211; afisat 5 august 2024<\/span><\/strong><\/a><\/p>\n<p><span style=\"font-size: 14pt;\"><em><span style=\"color: #ff0000;\"><a style=\"color: #ff0000;\" href=\"https:\/\/www.phys.uaic.ro\/wp-content\/uploads\/2024\/08\/Licenta_FI_lista-suplimentara-candidati-8-august-2024.pdf\" target=\"_blank\" rel=\"noopener\"><strong>Lista candida\u021bilor admi\u0219i la specializarea FIZIC\u0102 INFORMATIC\u0102 (op\u021biuni ini\u021biale la Facultatea de Informatic\u0103) &#8211; afi\u0219at 8 august 2024<\/strong><\/a><\/span><\/em><\/span><\/p>\n<p>&nbsp;<\/p>\n<p><span style=\"color: #0000ff;\"><em><span style=\"font-size: 14pt;\"><a style=\"color: #0000ff;\" href=\"https:\/\/www.phys.uaic.ro\/wp-content\/uploads\/2024\/08\/runda-2_BUGET_afisat_1-august-2024.pdf\" target=\"_blank\" rel=\"noopener\"><strong>Rezultate admitere licenta \u2013 etapa a doua \u2013 BUGET &#8211; afisat 1 august 2024<\/strong><\/a><\/span><\/em><\/span><\/p>\n<p><span style=\"color: #0000ff;\"><em><span style=\"font-size: 14pt;\"><a style=\"color: #0000ff;\" href=\"https:\/\/www.phys.uaic.ro\/wp-content\/uploads\/2024\/08\/runda-2_TAXA_afisat_1-august-2024.pdf\" target=\"_blank\" rel=\"noopener\"><strong>Rezultate admitere licenta \u2013 etapa a doua \u2013 TAXA &#8211; afisat 1 august 2024<\/strong><\/a><\/span><\/em><\/span><\/p>\n<p><span style=\"color: #0000ff;\"><em><span style=\"font-size: 14pt;\"><a style=\"color: #0000ff;\" href=\"https:\/\/www.phys.uaic.ro\/wp-content\/uploads\/2024\/08\/runda-2_lista-asteptare-1-aug-2024.pdf\" target=\"_blank\" rel=\"noopener\"><strong>Lista candidatilor in asteptare \u2013 etapa a doua \u2013 afisat 1 august 2024<\/strong><\/a><\/span><\/em><\/span><\/p>\n<p>&nbsp;<\/p>\n<p>&nbsp;<\/p>\n<p>&nbsp;<\/p>\n<p><strong>Candidatii care nu adus actele in original si nu au semnat contractul de studii <\/strong>trebuie sa aduca documentele la secretariatul facultatii pana luni<strong> 05 august cel mai tarziu (1-2 august orele 9-15, 5 august orele 9-12).<\/strong><\/p>\n<p><strong>Specializarile Fizica in limba engleza si Fizica tehnologica se vor desfasura doar daca se vor constitui formatiunile de studiu minime (10 studenti). In caz contrar, studentii vor fi redistribuiti la alta optiune la alegere.<\/strong><\/p>\n<p>&nbsp;<\/p>\n<p><span style=\"color: #0000ff;\"><a style=\"color: #0000ff;\" href=\"https:\/\/www.phys.uaic.ro\/wp-content\/uploads\/2024\/07\/licenta-BUGET-iulie-2024.pdf\" target=\"_blank\" rel=\"noopener\"><span style=\"font-size: 14pt;\"><strong>Rezultate admitere licenta \u2013 BUGET \u2013 iulie 2024<\/strong><\/span><\/a><\/span><\/p>\n<p><span style=\"color: #0000ff;\"><a style=\"color: #0000ff;\" href=\"https:\/\/www.phys.uaic.ro\/wp-content\/uploads\/2024\/07\/licenta-TAXA-iulie-2024.pdf\" target=\"_blank\" rel=\"noopener\"><span style=\"font-size: 14pt;\"><strong>Rezultate admitere licenta \u2013 TAXA \u2013 iulie 2024<\/strong><\/span><\/a><\/span><\/p>\n<p><a href=\"https:\/\/www.phys.uaic.ro\/wp-content\/uploads\/2024\/07\/lista-candidatilor-licenta-in-asteptare.pdf\" target=\"_blank\" rel=\"noopener\"><span style=\"color: #ff0000; font-size: 14pt;\"><strong><span style=\"color: #000000;\"><span style=\"color: #0000ff;\">Lista candida\u021bilor \u00een a\u0219teptare<\/span><\/span><\/strong><\/span><\/a><\/p>\n<p>&nbsp;<\/p>\n<p id=\"confirmare-master\"><span style=\"font-size: 14pt; font-family: georgia, palatino, serif;\">Candida\u0163ii declara\u0163i <b>admi\u015fi<\/b> vor trebui \u00een perioada <strong>24-31 iulie 2024, <\/strong>\u00eentre orele <b>9-15<\/b>, except\u00e2nd s\u00e2mb\u0103ta si duminica:<\/span><\/p>\n<ul>\n<li><span style=\"font-size: 14pt; font-family: georgia, palatino, serif;\"><b>s\u0103 semneze contractul de studii;<\/b><\/span><\/li>\n<li><span style=\"font-size: 14pt; font-family: georgia, palatino, serif;\"><b>s\u0103 achite taxa de \u00eenmatriculare de 100 RON<\/b> (cei admi\u015fi la buget);<\/span><\/li>\n<li><span style=\"font-size: 14pt; font-family: georgia, palatino, serif;\"><strong>candida\u021bii admi\u0219i la tax\u0103 (doar cei care urmeaza a II-a facultate)\u00a0<\/strong> vor achita <b>30% din taxa sem.I: 500 RON<\/b>;<\/span><\/li>\n<li><span style=\"font-size: 14pt; font-family: georgia, palatino, serif;\"><b>s\u0103 completeze dosarul cu actele \u00een original<\/b> (diploma de bacalaureat \u015fi foaia matricol\u0103, dosar plic).<\/span><\/li>\n<\/ul>\n<p><span style=\"font-size: 14pt; font-family: georgia, palatino, serif;\">\u00cen caz contrar se pierde calitatea de student, iar locul r\u0103mas liber va fi ocupat, \u00een ordine descresc\u0103toare a mediilor la admitere, de un alt candidat sau va fi scos din nou la concurs \u00een perioada <b>6-11 septembrie 2024.<br \/>\n<\/b><\/span><\/p>\n<p>&nbsp;<\/p>\n<p><span style=\"font-size: 14pt; font-family: georgia, palatino, serif;\">Candida\u021bii care, din diverse motive, renun\u021b\u0103 la loc sunt ruga\u021bi s\u0103 trimit\u0103 un e-mail la adresa fizica@uaic.ro.<\/span><\/p>\n<h3><span style=\"font-size: 14pt; font-family: georgia, palatino, serif;\"><strong>Candidatii care au fost admisi la alta specializare decat cea dorita, vor putea fi redistribuiti la prima optiune, imediat dupa prima faza a admiterii, cu conditia sa isi confirme locul sa precizeze optiunea dorita in timpul confirmarii!<\/strong><\/span><\/h3>\n<h3><\/h3>\n<h3><strong>Perioada admiterii<\/strong><\/h3>\n<ul>\n<li><b>\u00censcriere \u0219i depunerea dosarelor<\/b>: 15-20 iulie 2024 (online \u0219i fizic \u00een laboratorul de informatic\u0103 &#8211; demisol)\n<ul>\n<li>luni, <strong>15 iulie<\/strong> \u2013 vineri, <strong>19 iulie 2024<\/strong>, orele <strong>9:00 \u2013 16:00<\/strong><\/li>\n<li>s\u00e2mb\u0103t\u0103, <strong>20 iulie 2024<\/strong>; orele <strong>9:00 \u2013 13:00<\/strong><\/li>\n<\/ul>\n<\/li>\n<li><b>Selec\u021bia candida\u021bilor \u0219i afi\u0219area rezultatelor<\/b>: 22-27 iulie 2024<\/li>\n<\/ul>\n<p>&nbsp;<\/p>\n<p><strong>Conturile de acces<\/strong> pe platforma <a href=\"http:\/\/eadmitere.uaic.ro\"><strong>eadmitere.uaic.ro<\/strong><\/a> vor putea fi create p\u00e2n\u0103 cel t\u00e2rziu s\u00eemb\u0103t\u0103, <strong>20 iulie<\/strong> <strong>2024<\/strong>, ora <strong>12:00<\/strong>, completarea \u0219i finalizarea dosarelor put\u00e2ndu-se face p\u00e2n\u0103 la ora <strong>13:oo<\/strong>.<\/p>\n<p>Deschide\u0163i pagina<strong><em> <a href=\"https:\/\/eadmitere.uaic.ro\" target=\"_blank\" rel=\"noopener\">https:\/\/eadmitere.uaic.ro<\/a> <\/em><\/strong>de pe site-ul universit\u0103\u021bii \u0219i urma\u021bi instruc\u021biunile de admitere \u00eensemn\u00e2nd achitarea taxei de admitere, scanarea (fotocopierea) actelor necesare si trimiterea lor \u00een contul creat. Informa\u021bii suplimentare pute\u021bi primi la <em>fizica@uaic.ro<\/em>.<\/p>\n<p><strong>Sf\u0103tuim candida\u021bii s\u0103 bifeze cat mai multe din cele 5 specializ\u0103ri, \u00een ordinea pe care o doresc, (nu e necesar\u0103 nicio taxa suplimentar\u0103), \u00een a\u0219a fel \u00eenc\u00e2t s\u0103 \u00ee\u0219i maximizeze \u0219ansele de admitere. Ulterior, se poate face o cerere de transfer, \u00eenainte de \u00eenceperea anului universitar.<\/strong><\/p>\n<p><a href=\"https:\/\/www.phys.uaic.ro\/index.php\/numarul-de-locuri-la-licenta-iulie-2024\/\" target=\"_blank\" rel=\"noopener\">Num\u0103rul de locuri<\/a><\/p>\n<p><a href=\"https:\/\/www.phys.uaic.ro\/index.php\/conditii-de-admitere-si-taxe-la-licenta-2024\/\" target=\"_blank\" rel=\"noopener\">Condi\u021bii de admitere \u0219i taxe<\/a><\/p>\n<p><a href=\"https:\/\/www.phys.uaic.ro\/index.php\/actele-necesare-la-licenta-iulie-2024\/\" target=\"_blank\" rel=\"noopener\">Actele necesare<\/a><\/p>\n<p>&nbsp;<\/p>\n<p><b>Informa\u021bii<\/b> despre admitere:<\/p>\n<ul>\n<li style=\"list-style-type: none;\">\n<ul>\n<li>Tel: 0232 201050<\/li>\n<li>E-mail: fizica@uaic.ro<\/li>\n<li>Site-ul Facult\u0103\u021bii de Fizic\u0103: <a href=\"https:\/\/www.phys.uaic.ro\" target=\"_blank\" rel=\"noopener\">https:\/\/www.phys.uaic.ro<\/a><\/li>\n<li>Site-ul universit\u0103\u021bii dedicat admiterii: <a href=\"http:\/\/admitere.uaic.ro\/\" target=\"_blank\" rel=\"noopener\">http:\/\/admitere.uaic.ro\/<\/a><\/li>\n<\/ul>\n<\/li>\n<\/ul>\n<p>&nbsp;<\/p>\n<p>&nbsp;<\/p>\n<p><a href=\"https:\/\/admitere.uaic.ro\/wp-content\/uploads\/2024\/01\/Reg_Adm_LICENTA_2024-2025_aprobatSenatfinal.pdf\" target=\"_blank\" rel=\"noopener\"><em>Metodologie privind organizarea \u015fi desf\u0103\u015furarea admiterii \u00een ciclul de studii universitare de licen\u0163\u0103 pentru anul universitar 2024-2025<\/em><\/a><\/p>\n<p><em><a href=\"https:\/\/admitere.uaic.ro\/admitere-licenta\/lista-olimpiadelor-scolare\/\" target=\"_blank\" rel=\"noopener\">Anexa V \u2013 Lista olimpiadelor \u015fcolare \u0219i a concursurilor de nivel na\u0163ional \u015fi interna\u0163ional ai c\u0103ror laurea\u0163i, absolven\u0163i cu Diplom\u0103 de bacalaureat, au dreptul s\u0103 fie admi\u015fi, pe locuri finan\u0163ate de la buget, f\u0103r\u0103 sus\u0163inerea concursului de admitere la Universitatea \u201eAlexandru Ioan Cuza\u201d din Ia\u015fi pentru anul universitar 2024\/2025<\/a><\/em><\/p>\n<p><a href=\"https:\/\/www.phys.uaic.ro\/wp-content\/uploads\/2022\/05\/L_02.-Anexa_INFORMARE-PRIVIND-PRELUCRAREA-INFORMATIILOR-2022.pdf\" target=\"_blank\" rel=\"noopener\"><em>Informare privind prelucrarea informa\u021biilor cu caracter personal<\/em><\/a><\/p>\n","protected":false},"excerpt":{"rendered":"<p>Rezultate admitere licenta \u2013 etapa a treia \u2013 BUGET &#8211; afisat 5 august 2024 Rezultate admitere licenta \u2013 etapa a treia \u2013 TAXA &#8211; afisat 5 august 2024 Lista candida\u021bilor admi\u0219i la specializarea FIZIC\u0102 INFORMATIC\u0102 (op\u021biuni ini\u021biale la Facultatea de Informatic\u0103) &#8211; afi\u0219at 8 august 2024 &nbsp; Rezultate admitere licenta \u2013 etapa a doua \u2013 BUGET &#8211; afisat\u2026 <span class=\"read-more\"><a href=\"https:\/\/www.phys.uaic.ro\/index.php\/admitere-licenta-iulie-2024\/\">Read More &raquo;<\/a><\/span><\/p>\n","protected":false},"author":5,"featured_media":0,"parent":0,"menu_order":0,"comment_status":"closed","ping_status":"closed","template":"","meta":{"footnotes":""},"class_list":["post-21972","page","type-page","status-publish","hentry"],"_links":{"self":[{"href":"https:\/\/www.phys.uaic.ro\/index.php\/wp-json\/wp\/v2\/pages\/21972","targetHints":{"allow":["GET"]}}],"collection":[{"href":"https:\/\/www.phys.uaic.ro\/index.php\/wp-json\/wp\/v2\/pages"}],"about":[{"href":"https:\/\/www.phys.uaic.ro\/index.php\/wp-json\/wp\/v2\/types\/page"}],"author":[{"embeddable":true,"href":"https:\/\/www.phys.uaic.ro\/index.php\/wp-json\/wp\/v2\/users\/5"}],"replies":[{"embeddable":true,"href":"https:\/\/www.phys.uaic.ro\/index.php\/wp-json\/wp\/v2\/comments?post=21972"}],"version-history":[{"count":0,"href":"https:\/\/www.phys.uaic.ro\/index.php\/wp-json\/wp\/v2\/pages\/21972\/revisions"}],"wp:attachment":[{"href":"https:\/\/www.phys.uaic.ro\/index.php\/wp-json\/wp\/v2\/media?parent=21972"}],"curies":[{"name":"wp","href":"https:\/\/api.w.org\/{rel}","templated":true}]}}