{"id":21996,"date":"2024-06-11T08:51:41","date_gmt":"2024-06-11T05:51:41","guid":{"rendered":"https:\/\/www.phys.uaic.ro\/?page_id=21996"},"modified":"2024-07-15T16:06:35","modified_gmt":"2024-07-15T13:06:35","slug":"numarul-de-locuri-la-licenta-iulie-2024","status":"publish","type":"page","link":"https:\/\/www.phys.uaic.ro\/index.php\/numarul-de-locuri-la-licenta-iulie-2024\/","title":{"rendered":"Num\u0103rul de locuri la licen\u021b\u0103 iulie 2024"},"content":{"rendered":"<p>&nbsp;<\/p>\n<table style=\"height: 212px; width: 40.0317%; border: 1px solid black; color: black; font-size: 10px;\" border=\"1px solid black\">\n<tbody>\n<tr style=\"height: 15px;\">\n<td style=\"border: 1px solid black; width: 1.50978%; height: 39px; text-align: center;\" rowspan=\"3\"><strong><span style=\"font-size: 10pt;\">Domeniul de licen\u0163\u0103<\/span><\/strong><\/td>\n<td style=\"border: 1px solid black; width: 3.46745%; height: 39px; text-align: center;\" rowspan=\"3\"><strong><span style=\"font-size: 10pt;\">Specializarea\/ Programul de studii universitare de licen\u0163\u0103<\/span><\/strong><\/td>\n<td style=\"border: 1px solid black; width: 3.97364%; height: 39px; text-align: center;\" rowspan=\"3\"><strong><span style=\"font-size: 10pt;\">Limba de predare<\/span><\/strong><\/td>\n<td style=\"border: 1px solid black; width: 1.78571%; height: 39px; text-align: center;\" rowspan=\"3\"><strong><span style=\"font-size: 10pt;\">Forma de \u00eenv\u0103\u021b\u0103m\u00e2nt<\/span><\/strong><\/td>\n<td style=\"border: 1px solid black; width: 2.00633%; height: 39px; text-align: center;\" rowspan=\"3\"><strong><span style=\"font-size: 10pt;\">Num\u0103r credite<\/span><\/strong><\/td>\n<td style=\"border: 1px solid black; height: 14px; width: 11.7488%; text-align: center;\" colspan=\"4\"><strong><span style=\"font-size: 10pt;\">Num\u0103r locuri<\/span><\/strong><\/td>\n<\/tr>\n<tr style=\"height: 15px;\">\n<td style=\"border: 1px solid black; width: 7.39509%; height: 15px; text-align: center;\" colspan=\"2\"><strong><span style=\"font-size: 10pt;\">Rom\u00e2ni, UE, SEE<\/span><\/strong><\/td>\n<td style=\"border: 1px solid black; height: 15px; width: 4.35375%; text-align: center;\" colspan=\"2\"><strong><span style=\"font-size: 10pt;\">Rom\u00e2ni de pretutindeni<\/span><\/strong><\/td>\n<\/tr>\n<tr style=\"height: 10px;\">\n<td style=\"border: 1px solid black; width: 3.20533%; height: 10px; text-align: center;\"><strong><span style=\"font-size: 10pt;\">Buget<\/span><\/strong><\/td>\n<td style=\"border: 1px solid black; width: 4.18976%; height: 10px; text-align: center;\"><strong><span style=\"font-size: 10pt;\">Tax\u0103<\/span><\/strong><\/td>\n<td style=\"border: 1px solid black; width: 3.38288%; height: 10px; text-align: center;\"><strong><span style=\"font-size: 10pt;\">Buget<\/span><\/strong><\/td>\n<td style=\"border: 1px solid black; width: 0.970874%; height: 10px; text-align: center;\"><strong><span style=\"font-size: 10pt;\">Tax\u0103<\/span><\/strong><\/td>\n<\/tr>\n<tr style=\"height: 21px;\">\n<td style=\"border: 1px solid black; font-size: 13px; width: 1.50978%; height: 21px; text-align: center;\"><span style=\"font-size: 10pt;\">Fizic\u0103<\/span><\/td>\n<td style=\"border: 1px solid black; font-size: 13px; width: 3.46745%; height: 21px; text-align: center;\"><span style=\"font-size: 10pt;\">Physics<\/span><\/td>\n<td style=\"border: 1px solid black; width: 3.97364%; height: 21px; text-align: center;\"><span style=\"font-size: 10pt;\">Englez\u0103<\/span><\/td>\n<td style=\"border: 1px solid black; width: 1.78571%; height: 21px; text-align: center;\"><span style=\"font-size: 10pt;\">IF<\/span><\/td>\n<td style=\"border: 1px solid black; width: 2.00633%; height: 21px; text-align: center;\"><span style=\"font-size: 10pt;\">180<\/span><\/td>\n<td style=\"border: 1px solid black; font-size: 14px; width: 3.20533%; height: 21px; text-align: center;\">7<\/td>\n<td style=\"border: 1px solid black; font-size: 14px; width: 4.18976%; height: 21px; text-align: center;\">10<\/td>\n<td style=\"border: 1px solid black; font-size: 14px; width: 3.38288%; height: 21px; text-align: center;\"><span style=\"font-size: 10pt;\">0<\/span><\/td>\n<td style=\"border: 1px solid black; font-size: 14px; width: 0.970874%; height: 21px; text-align: center;\">2<\/td>\n<\/tr>\n<\/tbody>\n<\/table>\n<p>&nbsp;<\/p>\n<table style=\"border: 1px solid black; color: black; font-size: 10px; width: 85.1869%; height: 120px;\">\n<tbody>\n<tr style=\"height: 15px;\">\n<td style=\"border: 1px solid black; height: 60px; width: 10.1733%; text-align: center;\" rowspan=\"3\"><strong><span style=\"font-size: 10pt;\">Domeniul de licen\u0163\u0103<\/span><\/strong><\/td>\n<td style=\"border: 1px solid black; height: 60px; width: 10.9749%; text-align: center;\" rowspan=\"3\"><strong><span style=\"font-size: 10pt;\">Specializarea\/Programul de studii universitare de licen\u0163\u0103<\/span><\/strong><\/td>\n<td style=\"border: 1px solid black; height: 60px; width: 8.73352%; text-align: center;\" rowspan=\"3\"><strong><span style=\"font-size: 10pt;\">Limba de predare<\/span><\/strong><\/td>\n<td style=\"border: 1px solid black; height: 60px; width: 6.8032%; text-align: center;\" rowspan=\"3\"><strong><span style=\"font-size: 10pt;\">Forma de \u00eenv\u0103\u021b\u0103m\u00e2nt<\/span><\/strong><\/td>\n<td style=\"border: 1px solid black; height: 60px; width: 7.93711%; text-align: center;\" rowspan=\"3\"><strong><span style=\"font-size: 10pt;\">Num\u0103r credite<\/span><\/strong><\/td>\n<td style=\"border: 1px solid black; height: 15px; width: 17.9613%; text-align: center;\" colspan=\"4\"><strong><span style=\"font-size: 10pt;\">Num\u0103r locuri<\/span><\/strong><\/td>\n<\/tr>\n<tr style=\"height: 30px;\">\n<td style=\"border: 1px solid black; height: 30px; width: 11.5092%; text-align: center;\" colspan=\"2\"><strong><span style=\"font-size: 10pt;\">Rom\u00e2ni, UE, SEE<\/span><\/strong><\/td>\n<td style=\"border: 1px solid black; height: 30px; width: 6.45203%; text-align: center;\" colspan=\"2\"><strong><span style=\"font-size: 10pt;\">Rom\u00e2ni de pretutindeni<\/span><\/strong><\/td>\n<\/tr>\n<tr style=\"height: 15px;\">\n<td style=\"border: 1px solid black; height: 15px; width: 6.67954%; text-align: center;\"><strong><span style=\"font-size: 10pt;\">Buget<\/span><\/strong><\/td>\n<td style=\"border: 1px solid black; height: 15px; width: 4.8297%; text-align: center;\"><strong><span style=\"font-size: 10pt;\">Tax\u0103<\/span><\/strong><\/td>\n<td style=\"border: 1px solid black; height: 15px; width: 3.43277%; text-align: center;\"><strong><span style=\"font-size: 10pt;\">Buget<\/span><\/strong><\/td>\n<td style=\"border: 1px solid black; height: 15px; width: 3.01926%; text-align: center;\"><strong><span style=\"font-size: 10pt;\">Tax\u0103<\/span><\/strong><\/td>\n<\/tr>\n<tr style=\"height: 19px;\">\n<td style=\"border: 1px solid black; font-size: 13px; height: 60px; width: 10.1733%; text-align: center;\" rowspan=\"3\"><span style=\"font-size: 10pt;\">Fizic\u0103<\/span><\/td>\n<td style=\"border: 1px solid black; font-size: 13px; height: 19px; width: 10.9749%; text-align: center;\"><span style=\"font-size: 10pt;\">Fizic\u0103<\/span><\/td>\n<td style=\"border: 1px solid black; height: 19px; width: 8.73352%; text-align: center;\"><span style=\"font-size: 10pt;\">Rom\u00e2n\u0103<\/span><\/td>\n<td style=\"border: 1px solid black; height: 19px; width: 6.8032%; text-align: center;\"><span style=\"font-size: 10pt;\">IF<\/span><\/td>\n<td style=\"border: 1px solid black; height: 19px; width: 7.93711%; text-align: center;\"><span style=\"font-size: 10pt;\">180<\/span><\/td>\n<td style=\"border: 1px solid black; font-size: 14px; height: 60px; width: 6.67954%; text-align: center;\" rowspan=\"3\">43<\/td>\n<td style=\"border: 1px solid black; font-size: 14px; height: 60px; width: 4.8297%; text-align: center;\" rowspan=\"3\">30<\/td>\n<td style=\"border: 1px solid black; font-size: 14px; height: 60px; width: 3.43277%; text-align: center;\" rowspan=\"3\">1<\/td>\n<td style=\"border: 1px solid black; font-size: 14px; height: 60px; width: 3.01926%; text-align: center;\" rowspan=\"3\">9<\/td>\n<\/tr>\n<tr style=\"height: 19px;\">\n<td style=\"border: 1px solid black; font-size: 13px; height: 22px; width: 10.9749%; text-align: center;\"><span style=\"font-size: 10pt;\">Fizic\u0103 informatic\u0103<\/span><\/td>\n<td style=\"border: 1px solid black; height: 22px; width: 8.73352%; text-align: center;\"><span style=\"font-size: 10pt;\">Rom\u00e2n\u0103<\/span><\/td>\n<td style=\"border: 1px solid black; height: 22px; width: 6.8032%; text-align: center;\"><span style=\"font-size: 10pt;\">IF<\/span><\/td>\n<td style=\"border: 1px solid black; height: 22px; width: 7.93711%; text-align: center;\"><span style=\"font-size: 10pt;\">180<\/span><\/td>\n<\/tr>\n<tr style=\"height: 19px;\">\n<td style=\"border: 1px solid black; font-size: 13px; height: 19px; width: 10.9749%; text-align: center;\"><span style=\"font-size: 10pt;\">Fizic\u0103 medical\u0103<\/span><\/td>\n<td style=\"border: 1px solid black; height: 19px; width: 8.73352%; text-align: center;\"><span style=\"font-size: 10pt;\">Rom\u00e2n\u0103<\/span><\/td>\n<td style=\"border: 1px solid black; height: 19px; width: 6.8032%; text-align: center;\"><span style=\"font-size: 10pt;\">IF<\/span><\/td>\n<td style=\"border: 1px solid black; height: 19px; width: 7.93711%; text-align: center;\"><span style=\"font-size: 10pt;\">180<\/span><\/td>\n<\/tr>\n<\/tbody>\n<\/table>\n<p>&nbsp;<\/p>\n<table style=\"border: 1px solid black; color: black; font-size: 10px; width: 89.2678%; height: 264px;\">\n<tbody>\n<tr style=\"height: 25px;\">\n<td style=\"border: 1px solid black; width: 10.8828%; height: 94px; text-align: center;\" rowspan=\"3\"><strong><span style=\"font-size: 10pt;\">Domeniul de licen\u0163\u0103<\/span><\/strong><\/td>\n<td style=\"border: 1px solid black; width: 1.47493%; height: 94px; text-align: center;\" rowspan=\"3\"><strong><span style=\"font-size: 10pt;\">Specializarea\/Programul de studii universitare de licen\u0163\u0103<\/span><\/strong><\/td>\n<td style=\"border: 1px solid black; width: 8.74663%; height: 94px; text-align: center;\" rowspan=\"3\"><strong><span style=\"font-size: 10pt;\">Limba de predare<\/span><\/strong><\/td>\n<td style=\"border: 1px solid black; width: 7.60074%; height: 94px; text-align: center;\" rowspan=\"3\"><strong><span style=\"font-size: 10pt;\">Forma de \u00eenv\u0103\u021b\u0103m\u00e2nt<\/span><\/strong><\/td>\n<td style=\"border: 1px solid black; width: 6.27892%; height: 94px; text-align: center;\" rowspan=\"3\"><strong><span style=\"font-size: 10pt;\">Num\u0103r credite<\/span><\/strong><\/td>\n<td style=\"border: 1px solid black; width: 32.825%; height: 25px; text-align: center;\" colspan=\"4\"><strong><span style=\"font-size: 10pt;\">Num\u0103r locuri<\/span><\/strong><\/td>\n<\/tr>\n<tr style=\"height: 44px;\">\n<td style=\"border: 1px solid black; width: 16.9292%; height: 44px; text-align: center;\" colspan=\"2\"><strong><span style=\"font-size: 10pt;\">Rom\u00e2ni, UE, SEE<\/span><\/strong><\/td>\n<td style=\"border: 1px solid black; width: 15.8958%; height: 44px; text-align: center;\" colspan=\"2\"><strong><span style=\"font-size: 10pt;\">Rom\u00e2ni de pretutindeni<\/span><\/strong><\/td>\n<\/tr>\n<tr style=\"height: 25px;\">\n<td style=\"border: 1px solid black; width: 9.10515%; height: 25px; text-align: center;\"><strong><span style=\"font-size: 10pt;\">Buget<\/span><\/strong><\/td>\n<td style=\"border: 1px solid black; width: 7.82405%; height: 25px; text-align: center;\"><strong><span style=\"font-size: 10pt;\">Tax\u0103<\/span><\/strong><\/td>\n<td style=\"border: 1px solid black; width: 7.63962%; height: 25px; text-align: center;\"><strong><span style=\"font-size: 10pt;\">Buget<\/span><\/strong><\/td>\n<td style=\"border: 1px solid black; width: 8.25618%; height: 25px; text-align: center;\"><strong><span style=\"font-size: 10pt;\">Tax\u0103<\/span><\/strong><\/td>\n<\/tr>\n<tr style=\"height: 27px;\">\n<td style=\"border: 1px solid black; font-size: 13px; width: 10.8828%; height: 54px; text-align: center;\" rowspan=\"2\"><span style=\"font-size: 10pt;\">\u015etiin\u0163e inginere\u015fti aplicate<\/span><\/td>\n<td style=\"border: 1px solid black; font-size: 13px; width: 1.47493%; height: 27px; text-align: center;\"><span style=\"font-size: 10pt;\">Fizic\u0103 tehnologic\u0103 (Ia\u0219i)<\/span><\/td>\n<td style=\"border: 1px solid black; width: 8.74663%; height: 27px; text-align: center;\"><span style=\"font-size: 10pt;\">Rom\u00e2n\u0103<\/span><\/td>\n<td style=\"border: 1px solid black; width: 7.60074%; height: 27px; text-align: center;\"><span style=\"font-size: 10pt;\">IF<\/span><\/td>\n<td style=\"border: 1px solid black; width: 6.27892%; height: 27px; text-align: center;\"><span style=\"font-size: 10pt;\">240<\/span><\/td>\n<td style=\"border: 1px solid black; font-size: 14px; width: 9.10515%; height: 27px; text-align: center;\">9<\/td>\n<td style=\"border: 1px solid black; font-size: 14px; width: 7.82405%; height: 27px; text-align: center;\">10<\/td>\n<td style=\"border: 1px solid black; font-size: 14px; width: 7.63962%; height: 27px; text-align: center;\"><\/td>\n<td style=\"border: 1px solid black; font-size: 14px; width: 8.25618%; height: 27px; text-align: center;\">3<\/td>\n<\/tr>\n<tr style=\"height: 27px;\">\n<td style=\"border: 1px solid black; font-size: 13px; width: 1.47493%; height: 27px; text-align: center;\"><span style=\"font-size: 10pt;\">Fizic\u0103 tehnologic\u0103 (B\u0103l\u021bi)<\/span><\/td>\n<td style=\"border: 1px solid black; width: 8.74663%; height: 27px; text-align: center;\"><span style=\"font-size: 10pt;\">Rom\u00e2n\u0103<\/span><\/td>\n<td style=\"border: 1px solid black; width: 7.60074%; height: 27px; text-align: center;\"><span style=\"font-size: 10pt;\">IF<\/span><\/td>\n<td style=\"border: 1px solid black; width: 6.27892%; height: 27px; text-align: center;\"><span style=\"font-size: 10pt;\">240<\/span><\/td>\n<td style=\"border: 1px solid black; font-size: 14px; width: 9.10515%; height: 27px; text-align: center;\"><\/td>\n<td style=\"border: 1px solid black; font-size: 14px; width: 7.82405%; height: 27px; text-align: center;\"><\/td>\n<td style=\"border: 1px solid black; font-size: 14px; width: 7.63962%; height: 27px; text-align: center;\">25<\/td>\n<td style=\"border: 1px solid black; font-size: 14px; width: 8.25618%; height: 27px; text-align: center;\">5<\/td>\n<\/tr>\n<\/tbody>\n<\/table>\n","protected":false},"excerpt":{"rendered":"<p>&nbsp; Domeniul de licen\u0163\u0103 Specializarea\/ Programul de studii universitare de licen\u0163\u0103 Limba de predare Forma de \u00eenv\u0103\u021b\u0103m\u00e2nt Num\u0103r credite Num\u0103r locuri Rom\u00e2ni, UE, SEE Rom\u00e2ni de pretutindeni Buget Tax\u0103 Buget Tax\u0103 Fizic\u0103 Physics Englez\u0103 IF 180 7 10 0 2 &nbsp; Domeniul de licen\u0163\u0103 Specializarea\/Programul de studii universitare de licen\u0163\u0103 Limba de predare Forma de \u00eenv\u0103\u021b\u0103m\u00e2nt Num\u0103r credite\u2026 <span class=\"read-more\"><a href=\"https:\/\/www.phys.uaic.ro\/index.php\/numarul-de-locuri-la-licenta-iulie-2024\/\">Read More &raquo;<\/a><\/span><\/p>\n","protected":false},"author":5,"featured_media":0,"parent":0,"menu_order":0,"comment_status":"closed","ping_status":"closed","template":"page-templates\/full-width.php","meta":{"footnotes":""},"class_list":["post-21996","page","type-page","status-publish","hentry"],"_links":{"self":[{"href":"https:\/\/www.phys.uaic.ro\/index.php\/wp-json\/wp\/v2\/pages\/21996","targetHints":{"allow":["GET"]}}],"collection":[{"href":"https:\/\/www.phys.uaic.ro\/index.php\/wp-json\/wp\/v2\/pages"}],"about":[{"href":"https:\/\/www.phys.uaic.ro\/index.php\/wp-json\/wp\/v2\/types\/page"}],"author":[{"embeddable":true,"href":"https:\/\/www.phys.uaic.ro\/index.php\/wp-json\/wp\/v2\/users\/5"}],"replies":[{"embeddable":true,"href":"https:\/\/www.phys.uaic.ro\/index.php\/wp-json\/wp\/v2\/comments?post=21996"}],"version-history":[{"count":0,"href":"https:\/\/www.phys.uaic.ro\/index.php\/wp-json\/wp\/v2\/pages\/21996\/revisions"}],"wp:attachment":[{"href":"https:\/\/www.phys.uaic.ro\/index.php\/wp-json\/wp\/v2\/media?parent=21996"}],"curies":[{"name":"wp","href":"https:\/\/api.w.org\/{rel}","templated":true}]}}