{"id":22003,"date":"2024-06-11T09:07:47","date_gmt":"2024-06-11T06:07:47","guid":{"rendered":"https:\/\/www.phys.uaic.ro\/?page_id=22003"},"modified":"2024-06-11T09:08:05","modified_gmt":"2024-06-11T06:08:05","slug":"conditii-de-admitere-si-taxe-la-licenta-2024","status":"publish","type":"page","link":"https:\/\/www.phys.uaic.ro\/index.php\/conditii-de-admitere-si-taxe-la-licenta-2024\/","title":{"rendered":"Condi\u021bii de admitere \u0219i taxe la licen\u021b\u0103 2024"},"content":{"rendered":"<ul>\n<li><b>Condi\u0163iile de admitere<\/b>\n<ul>\n<li><strong>100%<\/strong> <b>Media de la bacalaureat<\/b><br \/>\nCriteriu de departajare a candidatilor cu aceea\u015fi medie: nota la proba Fizic\u0103 sau Matematic\u0103\/Informatic\u0103 din cadrul examenului de bacalaureat, \u00een func\u021bie de prima op\u021biune.<\/li>\n<li>Pentru <em><strong>Fizic\u0103 (\u00een limba englez\u0103)<\/strong> : <\/em>Certificat de competenta lingvistic\u0103 (limba englez\u0103) ob\u021binut \u00een cadrul examenului de Bacalaureat sau echivalent conform ordinului Ministerului Educatiei nr. 4796 din 25.08.2022.<\/li>\n<li>Pentru <b><i>olimpici <\/i><\/b>(lista olimpiadelor \u015fcolare \u0219i a concursurilor de nivel na\u0163ional \u015fi interna\u0163ional ai c\u0103ror laurea\u0163i, absolven\u0163i cu Diplom\u0103 de bacalaureat, au dreptul s\u0103 fie admi\u015fi, pe locuri finan\u0163ate de la buget, f\u0103r\u0103 sus\u0163inerea concursului de admitere la Universitatea \u201eAlexandru Ioan Cuza\u201d din Ia\u015fi pentru anul universitar 2024\/2025):\n<ul>\n<li>candida\u021bii care, \u00een timpul liceului, au participat la urm\u0103toarele olimpiade interna\u021bionale: Fizic\u0103, Matematic\u0103, Informatic\u0103, Astronomie, Astronomie \u0219i Astrofizic\u0103, Biologie, Olimpiada Asiatic\u0103 de Fizic\u0103, Olimpiada European\u0103 de Fizic\u0103, Olimpiada Interna\u021bional\u0103 pluridisciplinar\u0103 Tuymaada, Olimpiada Interna\u021bional\u0103 de \u0218tiin\u021be pentru Juniori, Olimpiada de \u0218tiin\u021be a Uniunii Europene, Olimpiada Interna\u021bional\u0103 de \u0218tiin\u021bele P\u0103m\u00e2ntului;<\/li>\n<li>Candida\u0163ii care au participat, \u00een timpul liceului, la etapa na\u021bional\u0103 a olimpiadelor de Fizic\u0103, Matematic\u0103, Informatic\u0103, Biologie, Astronomie, Astronomie \u015fi Astrofizic\u0103, \u015etiin\u0163e, \u0218tiin\u021be pentru Juniori, \u0218tiin\u021bele P\u0103m\u00e2ntului, precum \u0219i la Concursul Na\u0163ional de Fizic\u0103 \u201eEvrika!\u201d, Concursul Na\u0163ional \u201e\u015etefan Procopiu\u201d sau au luat premii \u0219i men\u021biuni la Concursul Na\u0163ional de Matematic\u0103 \u015fi Fizic\u0103 \u201eVr\u0103ncianu-Procopiu\u201d \u0219i la Concursul de Fizic\u0103 \u201ePHI\u201d al Centrelor de Excelen\u0163\u0103;<\/li>\n<li>Candida\u0163ii care, \u00een timpul liceului, au ob\u0163inut premii \u015fi men\u0163iuni la faza jude\u0163ean\u0103 a olimpiadelor de Fizic\u0103, Matematic\u0103, Informatic\u0103, Biologie, Astronomie, Astronomie \u015fi Astrofizic\u0103, \u015etiin\u0163e, \u0218tiin\u021be pentru Juniori, \u015etiin\u0163ele P\u0103m\u00e2ntului;<\/li>\n<li>Premii la nivel na\u021bional \u0219i\/sau interna\u021bional\u00a0 \u00een cadrul Concursului Na\u021bional de Robotic\u0103 \u0218colar\u0103 First Tech Challenge \u0219i First Tech Challenge, la nivel interna\u021bional.<\/li>\n<\/ul>\n<\/li>\n<\/ul>\n<\/li>\n<\/ul>\n<ul>\n<li><b>Tax\u0103 de \u00eenscriere<\/b>\n<ul>\n<li><strong>120 lei<\/strong><br \/>\nNu se percepe tax\u0103 de \u00eenscriere pentru candida\u021bii cu premii la concursuri \u015fcolare agreate, care \u00ee\u015fi depun actele \u00een original la Facultatea de Fizic\u0103.<br \/>\nPlata taxei se poate efectua la BRD. \u00cen acest caz specifica\u021bi urmatoarele informa\u021bii:<\/p>\n<ul>\n<li>Cod IBAN: RO68 BRDE 240 SV 895 344 524 00;<\/li>\n<li>Cod tax\u0103 \u0219colarizare: 28 (Tax\u0103 admitere);<\/li>\n<li>Cod form\u0103 \u00eenv\u0103t\u0103m\u00e2nt: 01 (Licen\u021b\u0103 &#8211; cu frecven\u021b\u0103);<\/li>\n<li>Cod Facultatea de Fizic\u0103: 1261.<\/li>\n<\/ul>\n<\/li>\n<\/ul>\n<p>&nbsp;<\/li>\n<\/ul>\n<ul>\n<li><b>Tax\u0103 de \u015fcolarizare<\/b> pentru anul I, an universitar 2023 \u2013 2024:\n<ul>\n<li>3.000 lei<\/li>\n<\/ul>\n<\/li>\n<\/ul>\n","protected":false},"excerpt":{"rendered":"<p>Condi\u0163iile de admitere 100% Media de la bacalaureat Criteriu de departajare a candidatilor cu aceea\u015fi medie: nota la proba Fizic\u0103 sau Matematic\u0103\/Informatic\u0103 din cadrul examenului de bacalaureat, \u00een func\u021bie de prima op\u021biune. Pentru Fizic\u0103 (\u00een limba englez\u0103) : Certificat de competenta lingvistic\u0103 (limba englez\u0103) ob\u021binut \u00een cadrul examenului de Bacalaureat sau echivalent conform ordinului Ministerului Educatiei nr. 4796\u2026 <span class=\"read-more\"><a href=\"https:\/\/www.phys.uaic.ro\/index.php\/conditii-de-admitere-si-taxe-la-licenta-2024\/\">Read More &raquo;<\/a><\/span><\/p>\n","protected":false},"author":5,"featured_media":0,"parent":0,"menu_order":0,"comment_status":"closed","ping_status":"closed","template":"","meta":{"footnotes":""},"class_list":["post-22003","page","type-page","status-publish","hentry"],"_links":{"self":[{"href":"https:\/\/www.phys.uaic.ro\/index.php\/wp-json\/wp\/v2\/pages\/22003","targetHints":{"allow":["GET"]}}],"collection":[{"href":"https:\/\/www.phys.uaic.ro\/index.php\/wp-json\/wp\/v2\/pages"}],"about":[{"href":"https:\/\/www.phys.uaic.ro\/index.php\/wp-json\/wp\/v2\/types\/page"}],"author":[{"embeddable":true,"href":"https:\/\/www.phys.uaic.ro\/index.php\/wp-json\/wp\/v2\/users\/5"}],"replies":[{"embeddable":true,"href":"https:\/\/www.phys.uaic.ro\/index.php\/wp-json\/wp\/v2\/comments?post=22003"}],"version-history":[{"count":0,"href":"https:\/\/www.phys.uaic.ro\/index.php\/wp-json\/wp\/v2\/pages\/22003\/revisions"}],"wp:attachment":[{"href":"https:\/\/www.phys.uaic.ro\/index.php\/wp-json\/wp\/v2\/media?parent=22003"}],"curies":[{"name":"wp","href":"https:\/\/api.w.org\/{rel}","templated":true}]}}