{"id":22025,"date":"2024-06-11T09:39:48","date_gmt":"2024-06-11T06:39:48","guid":{"rendered":"https:\/\/www.phys.uaic.ro\/?page_id=22025"},"modified":"2024-06-11T09:39:48","modified_gmt":"2024-06-11T06:39:48","slug":"conditii-de-admitere-si-taxe-la-master-iulie-2024","status":"publish","type":"page","link":"https:\/\/www.phys.uaic.ro\/index.php\/conditii-de-admitere-si-taxe-la-master-iulie-2024\/","title":{"rendered":"Condi\u021bii de admitere \u0219i taxe la master iulie 2024"},"content":{"rendered":"<ul>\n<li><b>Condi\u0163iile de admitere<\/b>\n<ul>\n<li>Pentru programele cu predare \u00een limba englez\u0103\n<ul>\n<li>Media de admitere:\n<ul>\n<li>60% <b>Media examenului de licen\u0163\u0103<\/b>;<\/li>\n<li>40% <b>Nota la interviu<\/b>, \u00een limba de predare a programului.<\/li>\n<\/ul>\n<p>Criteriile de departajare pentru candidatii cu aceeasi medie: media anilor de studii.<\/li>\n<\/ul>\n<\/li>\n<li>Pentru programele cu predare \u00een limba rom\u00e2n\u0103\n<ul>\n<li>Media de admitere:\n<ul>\n<li>60% <b>Media examenului de licen\u0163\u0103<\/b>;<\/li>\n<li>40% <b>Nota la prezentarea CV \u015fi a scrisorii de inten\u0163ie \/ motiva\u0163ie<\/b>.<\/li>\n<\/ul>\n<p>Criteriile de departajare pentru candidatii cu aceeasi medie: media anilor de studii.<\/li>\n<\/ul>\n<\/li>\n<\/ul>\n<\/li>\n<\/ul>\n<ul>\n<li><b>Tax\u0103 de \u00eenscriere<\/b>\n<ul>\n<li><strong>150 lei \/ domeniu<\/strong><br \/>\nPlata taxei se poate efectua doar la BRD. \u00cen acest caz specifica\u021bi urmatoarele informa\u021bii:<\/p>\n<ul>\n<li>Cod IBAN: RO68 BRDE 240 SV 895 344 524 00;<\/li>\n<li>Cod tax\u0103 \u0219colarizare: 28 (Tax\u0103 admitere);<\/li>\n<li>Cod form\u0103 \u00eenv\u0103t\u0103m\u00e2nt: 03 (Master zi);<\/li>\n<li>Cod Facultatea de Fizic\u0103: 2407.<\/li>\n<\/ul>\n<\/li>\n<\/ul>\n<p>&nbsp;<\/li>\n<\/ul>\n<ul>\n<li><b>Tax\u0103 de \u015fcolarizare<\/b> pentru anul I, an universitar 2024 \u2013 2025:\n<ul>\n<li>3.000 lei<\/li>\n<\/ul>\n<\/li>\n<\/ul>\n","protected":false},"excerpt":{"rendered":"<p>Condi\u0163iile de admitere Pentru programele cu predare \u00een limba englez\u0103 Media de admitere: 60% Media examenului de licen\u0163\u0103; 40% Nota la interviu, \u00een limba de predare a programului. Criteriile de departajare pentru candidatii cu aceeasi medie: media anilor de studii. Pentru programele cu predare \u00een limba rom\u00e2n\u0103 Media de admitere: 60% Media examenului de licen\u0163\u0103; 40% Nota la\u2026 <span class=\"read-more\"><a href=\"https:\/\/www.phys.uaic.ro\/index.php\/conditii-de-admitere-si-taxe-la-master-iulie-2024\/\">Read More &raquo;<\/a><\/span><\/p>\n","protected":false},"author":5,"featured_media":0,"parent":0,"menu_order":0,"comment_status":"closed","ping_status":"closed","template":"","meta":{"footnotes":""},"class_list":["post-22025","page","type-page","status-publish","hentry"],"_links":{"self":[{"href":"https:\/\/www.phys.uaic.ro\/index.php\/wp-json\/wp\/v2\/pages\/22025","targetHints":{"allow":["GET"]}}],"collection":[{"href":"https:\/\/www.phys.uaic.ro\/index.php\/wp-json\/wp\/v2\/pages"}],"about":[{"href":"https:\/\/www.phys.uaic.ro\/index.php\/wp-json\/wp\/v2\/types\/page"}],"author":[{"embeddable":true,"href":"https:\/\/www.phys.uaic.ro\/index.php\/wp-json\/wp\/v2\/users\/5"}],"replies":[{"embeddable":true,"href":"https:\/\/www.phys.uaic.ro\/index.php\/wp-json\/wp\/v2\/comments?post=22025"}],"version-history":[{"count":0,"href":"https:\/\/www.phys.uaic.ro\/index.php\/wp-json\/wp\/v2\/pages\/22025\/revisions"}],"wp:attachment":[{"href":"https:\/\/www.phys.uaic.ro\/index.php\/wp-json\/wp\/v2\/media?parent=22025"}],"curies":[{"name":"wp","href":"https:\/\/api.w.org\/{rel}","templated":true}]}}