{"id":22028,"date":"2024-06-11T09:41:57","date_gmt":"2024-06-11T06:41:57","guid":{"rendered":"https:\/\/www.phys.uaic.ro\/?page_id=22028"},"modified":"2024-06-11T09:43:56","modified_gmt":"2024-06-11T06:43:56","slug":"actele-necesare-la-master-iulie-2024","status":"publish","type":"page","link":"https:\/\/www.phys.uaic.ro\/index.php\/actele-necesare-la-master-iulie-2024\/","title":{"rendered":"Actele necesare la master iulie 2024"},"content":{"rendered":"<p>Pentru <b>admiterea <a href=\"https:\/\/eadmitere.uaic.ro\">online<\/a><\/b><\/p>\n<ul>\n<li><b>Fi\u015fa de \u00eenscriere<\/b><\/li>\n<\/ul>\n<p>Copii scanate dup\u0103:<\/p>\n<ul>\n<li><b>Diploma de bacalaureat ob\u0163inut\u0103 \u00een Rom\u00e2nia<\/b>, \u00een original, sau <b>ATESTAT\/Adeverin\u021b\u0103 de echivalare emis\u0103 de CNRED pentru studiile efectuate \u00een afara Rom\u00e2niei<\/b>;<\/li>\n<li><b>Diploma de Licen\u0163\u0103 ob\u0163inut\u0103 \u00een Rom\u00e2nia<\/b> \u015fi <b>Suplimentul la diplom\u0103\/Foaia matricol\u0103<\/b>, \u00een original, sau <b>ATESTAT\/Adeverin\u021b\u0103 de echivalare emis de CNRED pentru studiile efectuate \u00een afara Rom\u00e2niei<\/b>, sau <b>adeverin\u0163\u0103 de Licen\u0163\u0103 \u00een situa\u0163ia \u00een care nu s-a eliberat \u00eenc\u0103 Diploma de Licen\u0163\u0103 \u015fi Suplimentul la diplom\u0103\/Foaia matricol\u0103<\/b>;<\/li>\n<li>adeverin\u021b\u0103 de confirmare ca actele \u00een original s-au depus la alt\u0103 facultate\/institu\u021bie(\u00een cazul \u00een care candidatul nu este la prima facultate la care se \u00eenscrie);<\/li>\n<li><b>cartea de identitate<\/b> (care atest\u0103 domiciliul \u00een Rom\u00e2nia);<\/li>\n<li><b>certificatul de na\u015ftere<\/b>;<\/li>\n<li><b>certificatul de c\u0103s\u0103torie<\/b> sau documentul care atest\u0103 schimbarea numelui, dac\u0103 este cazul;<\/li>\n<li><b>adeverin\u0163\u0103 medical\u0103 tip<\/b> eliberat\u0103 \u00een ultimele 6 luni, care s\u0103 men\u0163ioneze starea de s\u0103n\u0103tate a candidatului (este\/nu este \u00een eviden\u0163\u0103 cu boli cronice, \u015fi care sunt acestea, dac\u0103 este cazul);<\/li>\n<li><strong><i>Adeverin\u0163\u0103<\/i><\/strong> din care s\u0103 rezulte calitatea de student cu men\u0163ionarea <em><strong>num\u0103rului de semestre<\/strong><\/em> \u00een care s-a beneficiat de finan\u0163are de la <em><strong>buget \u015fi de burs\u0103<\/strong><\/em> (dac\u0103 este cazul pentru studen\u021bii care urmeaz\u0103 o <em><strong>a doua specializare<\/strong><\/em>).<\/li>\n<\/ul>\n<p>\u00cen cazul admiterii online, actele originale vor fi aduse la confirmarea locului, \u00eempreun\u0103 cu 2 fotografii color tip legitimatie (format 2&#215;2,5 cm) \u0219i un dosar plic.<\/p>\n<p>Pentru <b>depunerea dosarului \u00een format fizic<br \/>\n<\/b><\/p>\n<ul>\n<li><b>Fi\u015fa de \u00eenscriere<\/b>;<\/li>\n<li><b>Diploma de bacalaureat ob\u0163inut\u0103 \u00een Rom\u00e2nia<\/b>, \u00een original, sau <b>ATESTAT\/Adeverin\u021b\u0103 de echivalare emis\u0103 de CNRED pentru studiile efectuate \u00een afara Rom\u00e2niei<\/b>;<\/li>\n<li><b>Diploma de Licen\u0163\u0103 ob\u0163inut\u0103 \u00een Rom\u00e2nia<\/b> \u015fi <b>Suplimentul la diplom\u0103\/Foaia matricol\u0103<\/b>, \u00een original, sau <b>ATESTAT\/Adeverin\u021b\u0103 de echivalare emis de CNRED pentru studiile efectuate \u00een afara Rom\u00e2niei<\/b>, sau <b>adeverin\u0163\u0103 de Licen\u0163\u0103 \u00een situa\u0163ia \u00een care nu s-a eliberat \u00eenc\u0103 Diploma de Licen\u0163\u0103 \u015fi Suplimentul la diplom\u0103\/Foaia matricol\u0103<\/b>;<\/li>\n<li>adeverin\u021b\u0103 de confirmare ca actele \u00een original s-au depus la alt\u0103 facultate\/institu\u021bie(\u00een cazul \u00een care candidatul nu este la prima facultate la care se \u00eenscrie);<\/li>\n<li><b>original<\/b>* + <b>copie<\/b> dup\u0103 <b>cartea de identitate<\/b> (care atest\u0103 domiciliul \u00een Rom\u00e2nia);<\/li>\n<li><b>original<\/b>* + <b>copie<\/b> dup\u0103 <b>certificatul de na\u015ftere<\/b>;<\/li>\n<li><b>original<\/b>* + <b>copie<\/b> dup\u0103 <b>certificatul de c\u0103s\u0103torie<\/b> sau documentul care atest\u0103 schimbarea numelui, dac\u0103 este cazul;<\/li>\n<li><b>adeverin\u0163\u0103 medical\u0103 tip<\/b> eliberat\u0103 \u00een ultimele 6 luni, care s\u0103 men\u0163ioneze starea de s\u0103n\u0103tate a candidatului (este\/nu este \u00een eviden\u0163\u0103 cu boli cronice, \u015fi care sunt acestea, dac\u0103 este cazul);<\/li>\n<li>2 fotografii color tip legitimatie (format 2&#215;2,5 cm);<\/li>\n<li><strong><i>Adeverin\u0163\u0103<\/i><\/strong> din care s\u0103 rezulte calitatea de student cu men\u0163ionarea <em><strong>num\u0103rului de semestre<\/strong><\/em> \u00een care s-a beneficiat de finan\u0163are de la <em><strong>buget \u015fi de burs\u0103<\/strong><\/em> (dac\u0103 este cazul pentru studen\u021bii care urmeaz\u0103 o <em><strong>a doua specializare<\/strong><\/em>);<\/li>\n<li>dosar plic.<\/li>\n<\/ul>\n<p>(*) se restituie candidatului dup\u0103 certificarea de conform cu originalul a copiei, de c\u0103tre membrii comisiei.<\/p>\n","protected":false},"excerpt":{"rendered":"<p>Pentru admiterea online Fi\u015fa de \u00eenscriere Copii scanate dup\u0103: Diploma de bacalaureat ob\u0163inut\u0103 \u00een Rom\u00e2nia, \u00een original, sau ATESTAT\/Adeverin\u021b\u0103 de echivalare emis\u0103 de CNRED pentru studiile efectuate \u00een afara Rom\u00e2niei; Diploma de Licen\u0163\u0103 ob\u0163inut\u0103 \u00een Rom\u00e2nia \u015fi Suplimentul la diplom\u0103\/Foaia matricol\u0103, \u00een original, sau ATESTAT\/Adeverin\u021b\u0103 de echivalare emis de CNRED pentru studiile efectuate \u00een afara Rom\u00e2niei, sau adeverin\u0163\u0103\u2026 <span class=\"read-more\"><a href=\"https:\/\/www.phys.uaic.ro\/index.php\/actele-necesare-la-master-iulie-2024\/\">Read More &raquo;<\/a><\/span><\/p>\n","protected":false},"author":5,"featured_media":0,"parent":0,"menu_order":0,"comment_status":"closed","ping_status":"closed","template":"","meta":{"footnotes":""},"class_list":["post-22028","page","type-page","status-publish","hentry"],"_links":{"self":[{"href":"https:\/\/www.phys.uaic.ro\/index.php\/wp-json\/wp\/v2\/pages\/22028","targetHints":{"allow":["GET"]}}],"collection":[{"href":"https:\/\/www.phys.uaic.ro\/index.php\/wp-json\/wp\/v2\/pages"}],"about":[{"href":"https:\/\/www.phys.uaic.ro\/index.php\/wp-json\/wp\/v2\/types\/page"}],"author":[{"embeddable":true,"href":"https:\/\/www.phys.uaic.ro\/index.php\/wp-json\/wp\/v2\/users\/5"}],"replies":[{"embeddable":true,"href":"https:\/\/www.phys.uaic.ro\/index.php\/wp-json\/wp\/v2\/comments?post=22028"}],"version-history":[{"count":0,"href":"https:\/\/www.phys.uaic.ro\/index.php\/wp-json\/wp\/v2\/pages\/22028\/revisions"}],"wp:attachment":[{"href":"https:\/\/www.phys.uaic.ro\/index.php\/wp-json\/wp\/v2\/media?parent=22028"}],"curies":[{"name":"wp","href":"https:\/\/api.w.org\/{rel}","templated":true}]}}