{"id":22039,"date":"2024-06-11T09:57:29","date_gmt":"2024-06-11T06:57:29","guid":{"rendered":"https:\/\/www.phys.uaic.ro\/?page_id=22039"},"modified":"2024-06-11T09:57:29","modified_gmt":"2024-06-11T06:57:29","slug":"anunt-privind-sustinerea-raportului-de-cercetare-a-drd-dobinda-marius-pe-29-06-2024","status":"publish","type":"page","link":"https:\/\/www.phys.uaic.ro\/index.php\/anunt-privind-sustinerea-raportului-de-cercetare-a-drd-dobinda-marius-pe-29-06-2024\/","title":{"rendered":"Anun\u021b privind sus\u021binerea raportului de cercetare a drd. DOB\u00ceND\u0102 Marius pe 29.06.2024"},"content":{"rendered":"<p>La data de 29 iunie 2024, \u00eencep\u00e2nd cu ora 10.30, \u00een laboratorul de BIOFIZIC\u0102 va avea loc sus\u021binerea raportului de cercetare cu titlul\u00a0 \u201e<em>Elemente de biofizica sistemului neuronal \u00een condi\u021bii fiziologice \u0219i patologice<\/em>\u201d prezentat de studentul-doctorand DOB\u00ceND\u0102 MARIUS sub \u00eendrumarea prof. univ. dr. habil. Dorina-Emilia CREANG\u0102.<\/p>\n","protected":false},"excerpt":{"rendered":"<p>La data de 29 iunie 2024, \u00eencep\u00e2nd cu ora 10.30, \u00een laboratorul de BIOFIZIC\u0102 va avea loc sus\u021binerea raportului de cercetare cu titlul\u00a0 \u201eElemente de biofizica sistemului neuronal \u00een condi\u021bii fiziologice \u0219i patologice\u201d prezentat de studentul-doctorand DOB\u00ceND\u0102 MARIUS sub \u00eendrumarea prof. univ. dr. habil. Dorina-Emilia CREANG\u0102.<\/p>\n","protected":false},"author":4,"featured_media":0,"parent":0,"menu_order":0,"comment_status":"closed","ping_status":"closed","template":"","meta":{"footnotes":""},"class_list":["post-22039","page","type-page","status-publish","hentry"],"_links":{"self":[{"href":"https:\/\/www.phys.uaic.ro\/index.php\/wp-json\/wp\/v2\/pages\/22039","targetHints":{"allow":["GET"]}}],"collection":[{"href":"https:\/\/www.phys.uaic.ro\/index.php\/wp-json\/wp\/v2\/pages"}],"about":[{"href":"https:\/\/www.phys.uaic.ro\/index.php\/wp-json\/wp\/v2\/types\/page"}],"author":[{"embeddable":true,"href":"https:\/\/www.phys.uaic.ro\/index.php\/wp-json\/wp\/v2\/users\/4"}],"replies":[{"embeddable":true,"href":"https:\/\/www.phys.uaic.ro\/index.php\/wp-json\/wp\/v2\/comments?post=22039"}],"version-history":[{"count":0,"href":"https:\/\/www.phys.uaic.ro\/index.php\/wp-json\/wp\/v2\/pages\/22039\/revisions"}],"wp:attachment":[{"href":"https:\/\/www.phys.uaic.ro\/index.php\/wp-json\/wp\/v2\/media?parent=22039"}],"curies":[{"name":"wp","href":"https:\/\/api.w.org\/{rel}","templated":true}]}}