{"id":22192,"date":"2024-06-27T08:24:58","date_gmt":"2024-06-27T05:24:58","guid":{"rendered":"https:\/\/www.phys.uaic.ro\/?page_id=22192"},"modified":"2024-06-27T08:24:58","modified_gmt":"2024-06-27T05:24:58","slug":"anunt-privind-sustinerea-raportului-de-cercetare-a-drd-simon-stefana-marcela-pe-30-06-2024","status":"publish","type":"page","link":"https:\/\/www.phys.uaic.ro\/index.php\/anunt-privind-sustinerea-raportului-de-cercetare-a-drd-simon-stefana-marcela-pe-30-06-2024\/","title":{"rendered":"Anun\u021b privind sus\u021binerea raportului de cercetare a drd. \u0218IMON \u0218tefana-Marcela pe 30.06.2024"},"content":{"rendered":"<p>La data de <strong>30 Iunie 2024<\/strong>, \u00eencep\u00e2nd cu <strong>ora 10<sup>00<\/sup><\/strong>, \u00een <strong>laboratorul FAM<\/strong> va avea loc sus\u021binerea raportului de cercetare cu titlul <strong>\u2019\u2019<em>Efectele plasmei asupra structurii \u0219i func\u021biei proteinelor<\/em><\/strong><strong><em>\u2019\u2019<\/em><\/strong>, prezentat de studenta-doctorand\u0103 <strong>\u0218IMON \u0218tefana-Marcela<\/strong>, sub \u00eendrumarea <strong>prof. univ. dr. habil. Ionu\u021b-Cristian TOPAL\u0102<\/strong>.<\/p>\n","protected":false},"excerpt":{"rendered":"<p>La data de 30 Iunie 2024, \u00eencep\u00e2nd cu ora 1000, \u00een laboratorul FAM va avea loc sus\u021binerea raportului de cercetare cu titlul \u2019\u2019Efectele plasmei asupra structurii \u0219i func\u021biei proteinelor\u2019\u2019, prezentat de studenta-doctorand\u0103 \u0218IMON \u0218tefana-Marcela, sub \u00eendrumarea prof. univ. dr. habil. Ionu\u021b-Cristian TOPAL\u0102.<\/p>\n","protected":false},"author":4,"featured_media":0,"parent":0,"menu_order":0,"comment_status":"closed","ping_status":"closed","template":"","meta":{"footnotes":""},"class_list":["post-22192","page","type-page","status-publish","hentry"],"_links":{"self":[{"href":"https:\/\/www.phys.uaic.ro\/index.php\/wp-json\/wp\/v2\/pages\/22192","targetHints":{"allow":["GET"]}}],"collection":[{"href":"https:\/\/www.phys.uaic.ro\/index.php\/wp-json\/wp\/v2\/pages"}],"about":[{"href":"https:\/\/www.phys.uaic.ro\/index.php\/wp-json\/wp\/v2\/types\/page"}],"author":[{"embeddable":true,"href":"https:\/\/www.phys.uaic.ro\/index.php\/wp-json\/wp\/v2\/users\/4"}],"replies":[{"embeddable":true,"href":"https:\/\/www.phys.uaic.ro\/index.php\/wp-json\/wp\/v2\/comments?post=22192"}],"version-history":[{"count":0,"href":"https:\/\/www.phys.uaic.ro\/index.php\/wp-json\/wp\/v2\/pages\/22192\/revisions"}],"wp:attachment":[{"href":"https:\/\/www.phys.uaic.ro\/index.php\/wp-json\/wp\/v2\/media?parent=22192"}],"curies":[{"name":"wp","href":"https:\/\/api.w.org\/{rel}","templated":true}]}}