{"id":22243,"date":"2024-07-04T09:21:11","date_gmt":"2024-07-04T06:21:11","guid":{"rendered":"https:\/\/www.phys.uaic.ro\/?page_id=22243"},"modified":"2024-07-04T09:21:11","modified_gmt":"2024-07-04T06:21:11","slug":"anunt-privind-sustinerea-raportului-de-cercetare-a-drd-molcalut-monica-pe-data-de-11-07-2024","status":"publish","type":"page","link":"https:\/\/www.phys.uaic.ro\/index.php\/anunt-privind-sustinerea-raportului-de-cercetare-a-drd-molcalut-monica-pe-data-de-11-07-2024\/","title":{"rendered":"Anun\u021b privind sus\u021binerea raportului de cercetare a drd. MOLC\u0102LU\u021a MONICA  pe data de 11.07.2024"},"content":{"rendered":"<p>La data de 11.07.2024, \u00eencep\u00e2nd cu ora 15<sup>00<\/sup>, \u00een<strong> Laboratorul de Autoorganizare<\/strong> va avea loc sus\u021binerea raportului de cercetare cu titlul <strong>\u201e<\/strong><strong><em>TIPURI DE ANALIZ\u0102 DINAMIC\u0102: ANALIZE DINAMICE DIFEREN\u021aIALE \u0218I NEDIFEREN\u021aIALE<\/em><\/strong><strong>\u201d<\/strong>, prezentat\u0103\u00a0 de studenta-doctorand\u0103 <strong>MOLC\u0102LU\u021a Monica<\/strong>, sub \u00eendrumarea \u00a0<strong>prof. univ. dr. Maricel AGOP.<\/strong><\/p>\n","protected":false},"excerpt":{"rendered":"<p>La data de 11.07.2024, \u00eencep\u00e2nd cu ora 1500, \u00een Laboratorul de Autoorganizare va avea loc sus\u021binerea raportului de cercetare cu titlul \u201eTIPURI DE ANALIZ\u0102 DINAMIC\u0102: ANALIZE DINAMICE DIFEREN\u021aIALE \u0218I NEDIFEREN\u021aIALE\u201d, prezentat\u0103\u00a0 de studenta-doctorand\u0103 MOLC\u0102LU\u021a Monica, sub \u00eendrumarea \u00a0prof. univ. dr. Maricel AGOP.<\/p>\n","protected":false},"author":4,"featured_media":0,"parent":0,"menu_order":0,"comment_status":"closed","ping_status":"closed","template":"","meta":{"footnotes":""},"class_list":["post-22243","page","type-page","status-publish","hentry"],"_links":{"self":[{"href":"https:\/\/www.phys.uaic.ro\/index.php\/wp-json\/wp\/v2\/pages\/22243","targetHints":{"allow":["GET"]}}],"collection":[{"href":"https:\/\/www.phys.uaic.ro\/index.php\/wp-json\/wp\/v2\/pages"}],"about":[{"href":"https:\/\/www.phys.uaic.ro\/index.php\/wp-json\/wp\/v2\/types\/page"}],"author":[{"embeddable":true,"href":"https:\/\/www.phys.uaic.ro\/index.php\/wp-json\/wp\/v2\/users\/4"}],"replies":[{"embeddable":true,"href":"https:\/\/www.phys.uaic.ro\/index.php\/wp-json\/wp\/v2\/comments?post=22243"}],"version-history":[{"count":0,"href":"https:\/\/www.phys.uaic.ro\/index.php\/wp-json\/wp\/v2\/pages\/22243\/revisions"}],"wp:attachment":[{"href":"https:\/\/www.phys.uaic.ro\/index.php\/wp-json\/wp\/v2\/media?parent=22243"}],"curies":[{"name":"wp","href":"https:\/\/api.w.org\/{rel}","templated":true}]}}