{"id":22262,"date":"2024-07-05T08:20:25","date_gmt":"2024-07-05T05:20:25","guid":{"rendered":"https:\/\/www.phys.uaic.ro\/?page_id=22262"},"modified":"2024-07-05T08:21:50","modified_gmt":"2024-07-05T05:21:50","slug":"anunt-privind-sustinerea-raportului-de-cercetare-a-drd-tabrean-cas-partene-mihaiela-camelia-pe-data-de-11-07-2024","status":"publish","type":"page","link":"https:\/\/www.phys.uaic.ro\/index.php\/anunt-privind-sustinerea-raportului-de-cercetare-a-drd-tabrean-cas-partene-mihaiela-camelia-pe-data-de-11-07-2024\/","title":{"rendered":"Anun\u021b privind sus\u021binerea raportului de cercetare a drd. \u021aABREAN (c\u0103s. Partene) MIHAIELA CAMELIA pe data de 11.07.2024"},"content":{"rendered":"<p>La data de 11.07.2024, \u00eencep\u00e2nd cu ora 16<sup>00<\/sup>\u00a0 \u00een laboratorul de Autoorganizare va avea loc\u00a0 sus\u021binerea raportului de cercetare cu titlul \u201e<strong><em>Stadiul actual al cercet\u0103rilor \u00een domeniul subiectului ales ca tem\u0103 de doctorat<\/em><\/strong>\u201d, prezentat\u0103\u00a0 de\u00a0 studenta-doctorand\u0103 <strong>\u021aABREAN Mihaiela \u2013 Camelia<\/strong>, sub \u00eendrumarea <strong>prof. univ. dr. Maricel AGOP<\/strong>.<\/p>\n","protected":false},"excerpt":{"rendered":"<p>La data de 11.07.2024, \u00eencep\u00e2nd cu ora 1600\u00a0 \u00een laboratorul de Autoorganizare va avea loc\u00a0 sus\u021binerea raportului de cercetare cu titlul \u201eStadiul actual al cercet\u0103rilor \u00een domeniul subiectului ales ca tem\u0103 de doctorat\u201d, prezentat\u0103\u00a0 de\u00a0 studenta-doctorand\u0103 \u021aABREAN Mihaiela \u2013 Camelia, sub \u00eendrumarea prof. univ. dr. Maricel AGOP.<\/p>\n","protected":false},"author":4,"featured_media":0,"parent":0,"menu_order":0,"comment_status":"closed","ping_status":"closed","template":"","meta":{"footnotes":""},"class_list":["post-22262","page","type-page","status-publish","hentry"],"_links":{"self":[{"href":"https:\/\/www.phys.uaic.ro\/index.php\/wp-json\/wp\/v2\/pages\/22262","targetHints":{"allow":["GET"]}}],"collection":[{"href":"https:\/\/www.phys.uaic.ro\/index.php\/wp-json\/wp\/v2\/pages"}],"about":[{"href":"https:\/\/www.phys.uaic.ro\/index.php\/wp-json\/wp\/v2\/types\/page"}],"author":[{"embeddable":true,"href":"https:\/\/www.phys.uaic.ro\/index.php\/wp-json\/wp\/v2\/users\/4"}],"replies":[{"embeddable":true,"href":"https:\/\/www.phys.uaic.ro\/index.php\/wp-json\/wp\/v2\/comments?post=22262"}],"version-history":[{"count":0,"href":"https:\/\/www.phys.uaic.ro\/index.php\/wp-json\/wp\/v2\/pages\/22262\/revisions"}],"wp:attachment":[{"href":"https:\/\/www.phys.uaic.ro\/index.php\/wp-json\/wp\/v2\/media?parent=22262"}],"curies":[{"name":"wp","href":"https:\/\/api.w.org\/{rel}","templated":true}]}}