{"id":22288,"date":"2024-07-05T14:49:40","date_gmt":"2024-07-05T11:49:40","guid":{"rendered":"https:\/\/www.phys.uaic.ro\/?page_id=22288"},"modified":"2024-07-05T14:49:40","modified_gmt":"2024-07-05T11:49:40","slug":"anunt-privind-sustinerea-raportului-de-cercetare-a-drd-doctoranda-fanaru-cas-balint-andreea-roxana-pe-06-07-2024","status":"publish","type":"page","link":"https:\/\/www.phys.uaic.ro\/index.php\/anunt-privind-sustinerea-raportului-de-cercetare-a-drd-doctoranda-fanaru-cas-balint-andreea-roxana-pe-06-07-2024\/","title":{"rendered":"Anun\u021b privind sus\u021binerea raportului de cercetare a drd. doctorand\u0103 F\u00c2NARU (c\u0103s. BALINT) Andreea &#8211; Roxana pe 06.07.2024"},"content":{"rendered":"<p>La data de 06.07.2024, \u00eencep\u00e2nd cu ora 11:00, \u00een sala Laborator Biofizic\u0103 \u2013 parter, va avea loc presus\u021binerea, \u00een fa\u021ba comisiei de \u00eendrumare, a tezei de doctorat cu titlul <strong>&#8222;<em>Studierea efectului nanoparticulelor magnetice asupra apelor <\/em><\/strong><em><strong>\u00ee<\/strong><strong>nc<\/strong><strong>\u0103<\/strong><strong>rcate cu coloran<\/strong><strong>\u021b<\/strong><\/em><strong><em>i<\/em>&#8222;<\/strong> prezentat de studenta &#8211; doctorand\u0103 <strong>F\u00c2NARU (c\u0103s. BALINT) Andreea &#8211; Roxana<\/strong> sub \u00eendrumarea <strong>prof. dr. habil. Emilia-Dorina CREANG\u0102<\/strong>.<\/p>\n","protected":false},"excerpt":{"rendered":"<p>La data de 06.07.2024, \u00eencep\u00e2nd cu ora 11:00, \u00een sala Laborator Biofizic\u0103 \u2013 parter, va avea loc presus\u021binerea, \u00een fa\u021ba comisiei de \u00eendrumare, a tezei de doctorat cu titlul &#8222;Studierea efectului nanoparticulelor magnetice asupra apelor \u00eenc\u0103rcate cu coloran\u021bi&#8222; prezentat de studenta &#8211; doctorand\u0103 F\u00c2NARU (c\u0103s. BALINT) Andreea &#8211; Roxana sub \u00eendrumarea prof. dr. habil. Emilia-Dorina CREANG\u0102.<\/p>\n","protected":false},"author":4,"featured_media":0,"parent":0,"menu_order":0,"comment_status":"closed","ping_status":"closed","template":"","meta":{"footnotes":""},"class_list":["post-22288","page","type-page","status-publish","hentry"],"_links":{"self":[{"href":"https:\/\/www.phys.uaic.ro\/index.php\/wp-json\/wp\/v2\/pages\/22288","targetHints":{"allow":["GET"]}}],"collection":[{"href":"https:\/\/www.phys.uaic.ro\/index.php\/wp-json\/wp\/v2\/pages"}],"about":[{"href":"https:\/\/www.phys.uaic.ro\/index.php\/wp-json\/wp\/v2\/types\/page"}],"author":[{"embeddable":true,"href":"https:\/\/www.phys.uaic.ro\/index.php\/wp-json\/wp\/v2\/users\/4"}],"replies":[{"embeddable":true,"href":"https:\/\/www.phys.uaic.ro\/index.php\/wp-json\/wp\/v2\/comments?post=22288"}],"version-history":[{"count":0,"href":"https:\/\/www.phys.uaic.ro\/index.php\/wp-json\/wp\/v2\/pages\/22288\/revisions"}],"wp:attachment":[{"href":"https:\/\/www.phys.uaic.ro\/index.php\/wp-json\/wp\/v2\/media?parent=22288"}],"curies":[{"name":"wp","href":"https:\/\/api.w.org\/{rel}","templated":true}]}}