{"id":22410,"date":"2024-07-31T09:19:27","date_gmt":"2024-07-31T06:19:27","guid":{"rendered":"https:\/\/www.phys.uaic.ro\/?page_id=22410"},"modified":"2024-09-04T15:09:19","modified_gmt":"2024-09-04T12:09:19","slug":"sustinerea-tezei-de-doctorat-a-drd-zara-f-alexandru-dumitru-pe-20-09-2024","status":"publish","type":"page","link":"https:\/\/www.phys.uaic.ro\/index.php\/sustinerea-tezei-de-doctorat-a-drd-zara-f-alexandru-dumitru-pe-20-09-2024\/","title":{"rendered":"Sus\u021binerea tezei de doctorat a drd. ZAR\u0102 F. ALEXANDRU-DUMITRU pe 20.09.2024"},"content":{"rendered":"<p><a href=\"https:\/\/www.phys.uaic.ro\/wp-content\/uploads\/2024\/07\/anunt-Zara.pdf\" target=\"_blank\" rel=\"noopener\"><em>Anun\u021bul sus\u021binerii publice<\/em><\/a><\/p>\n<p>&nbsp;<\/p>\n<p>La data de 20.09.2024, ora 11, \u00een sala L1, dl.<strong> ZAR\u0102 F. ALEXANDRU-DUMITRU<\/strong> va sus\u0163ine, \u00een \u015fedin\u0163\u0103 public\u0103, teza de doctorat cu titlul<\/p>\n<p><span style=\"font-size: 12pt;\"><strong><em>ANALIZA INTERAC\u0162IUNILOR INTERMOLECULARE \u00ceN SOLU\u0162II ALE UNOR COMPU\u015eI DE INTERES BIOMEDICAL<\/em><\/strong><\/span><\/p>\n<p>\u00een vederea ob\u0163inerii titlului \u015ftiin\u0163ific de doctor \u00een domeniul FIZIC\u0102.<\/p>\n<p>ZAR\u0102 F. ALEXANDRU-DUMITRU [<a href=\"https:\/\/www.phys.uaic.ro\/wp-content\/uploads\/2024\/09\/CV-CNCAN-2023-Alex.pdf\" target=\"_blank\" rel=\"noopener\">CV<\/a>]<\/p>\n<p>&nbsp;<\/p>\n<p>&nbsp;<\/p>\n<p>Comisia de doctorat are urm\u0103toarea componen\u0163\u0103:<\/p>\n<ul>\n<li><b>Pre\u015fedinte<\/b>:\n<ul>\n<li>Prof. univ. dr. Diana-Mihaela MARDARE Universitatea &#8222;Alexandru Ioan Cuza&#8221; din Ia\u0219i [<a href=\"https:\/\/www.phys.uaic.ro\/wp-content\/uploads\/2024\/04\/CV-2024-MARDARE-D.-rom.pdf\" target=\"_blank\" rel=\"noopener\">CV<\/a>]<\/li>\n<\/ul>\n<\/li>\n<\/ul>\n<ul>\n<li><b>Conduc\u0103tor \u015ftiin\u0163ific<\/b>:\n<ul>\n<li>Prof. univ. dr. habil. Dan-Gheorghe DIMITRIU, Universitatea &#8222;Alexandru Ioan Cuza&#8221; din Ia\u0219i [<a href=\"https:\/\/www.phys.uaic.ro\/wp-content\/uploads\/2023\/07\/CV_Dimitriu-Dan-Gheorghe.pdf\" target=\"_blank\" rel=\"noopener\">CV<\/a>]<\/li>\n<\/ul>\n<\/li>\n<\/ul>\n<ul>\n<li><b>Referen\u0163i<\/b>:\n<ul>\n<li>Prof. univ. dr. Simion A\u0218TILEAN, Universitatea Babe\u0219-Bolyai din Cluj-Napoca [<a href=\"https:\/\/www.phys.uaic.ro\/wp-content\/uploads\/2023\/07\/CV_Astilean-Simion.pdf\" target=\"_blank\" rel=\"noopener\">CV<\/a>]<\/li>\n<li>CS II dr. Irina-Andreea BARZIC, Institutul de Chimie Macromolecular\u0103 &#8222;Petru Poni&#8221; din Ia\u0219i [<a href=\"https:\/\/www.phys.uaic.ro\/wp-content\/uploads\/2024\/09\/CV_european-BARZIC-AI-2024-actualizat.pdf\" target=\"_blank\" rel=\"noopener\">CV<\/a>]<\/li>\n<li>Prof. univ. dr. habil. Ionu\u0163-Cristian TOPAL\u0102, Universitatea &#8222;Alexandru Ioan Cuza&#8221; din Ia\u0219i [<a href=\"https:\/\/www.phys.uaic.ro\/wp-content\/uploads\/2024\/08\/CV_Topala.pdf\">CV<\/a>]<\/li>\n<\/ul>\n<\/li>\n<\/ul>\n<p>&nbsp;<\/p>\n<p>Teza poate fi consultat\u0103 la Biblioteca Facult\u0103\u0163ii de Fizic\u0103.<\/p>\n<ul>\n<li><a href=\"https:\/\/www.phys.uaic.ro\/wp-content\/uploads\/2024\/09\/REZUMAT-TEZA-DOCTORAT.pdf\" target=\"_blank\" rel=\"noopener\"><em>Rezumatul tezei de doctorat<\/em><\/a><\/li>\n<\/ul>\n","protected":false},"excerpt":{"rendered":"<p>Anun\u021bul sus\u021binerii publice &nbsp; La data de 20.09.2024, ora 11, \u00een sala L1, dl. ZAR\u0102 F. ALEXANDRU-DUMITRU va sus\u0163ine, \u00een \u015fedin\u0163\u0103 public\u0103, teza de doctorat cu titlul ANALIZA INTERAC\u0162IUNILOR INTERMOLECULARE \u00ceN SOLU\u0162II ALE UNOR COMPU\u015eI DE INTERES BIOMEDICAL \u00een vederea ob\u0163inerii titlului \u015ftiin\u0163ific de doctor \u00een domeniul FIZIC\u0102. ZAR\u0102 F. ALEXANDRU-DUMITRU [CV] &nbsp; &nbsp; Comisia de doctorat are\u2026 <span class=\"read-more\"><a href=\"https:\/\/www.phys.uaic.ro\/index.php\/sustinerea-tezei-de-doctorat-a-drd-zara-f-alexandru-dumitru-pe-20-09-2024\/\">Read More &raquo;<\/a><\/span><\/p>\n","protected":false},"author":4,"featured_media":0,"parent":0,"menu_order":0,"comment_status":"closed","ping_status":"closed","template":"","meta":{"footnotes":""},"class_list":["post-22410","page","type-page","status-publish","hentry"],"_links":{"self":[{"href":"https:\/\/www.phys.uaic.ro\/index.php\/wp-json\/wp\/v2\/pages\/22410","targetHints":{"allow":["GET"]}}],"collection":[{"href":"https:\/\/www.phys.uaic.ro\/index.php\/wp-json\/wp\/v2\/pages"}],"about":[{"href":"https:\/\/www.phys.uaic.ro\/index.php\/wp-json\/wp\/v2\/types\/page"}],"author":[{"embeddable":true,"href":"https:\/\/www.phys.uaic.ro\/index.php\/wp-json\/wp\/v2\/users\/4"}],"replies":[{"embeddable":true,"href":"https:\/\/www.phys.uaic.ro\/index.php\/wp-json\/wp\/v2\/comments?post=22410"}],"version-history":[{"count":0,"href":"https:\/\/www.phys.uaic.ro\/index.php\/wp-json\/wp\/v2\/pages\/22410\/revisions"}],"wp:attachment":[{"href":"https:\/\/www.phys.uaic.ro\/index.php\/wp-json\/wp\/v2\/media?parent=22410"}],"curies":[{"name":"wp","href":"https:\/\/api.w.org\/{rel}","templated":true}]}}