{"id":22415,"date":"2024-07-31T09:32:14","date_gmt":"2024-07-31T06:32:14","guid":{"rendered":"https:\/\/www.phys.uaic.ro\/?page_id=22415"},"modified":"2024-09-04T14:56:44","modified_gmt":"2024-09-04T11:56:44","slug":"sustinerea-tezei-de-doctorat-a-drd-fanaru-c-c-andreea-roxana-pe-27-09-2024","status":"publish","type":"page","link":"https:\/\/www.phys.uaic.ro\/index.php\/sustinerea-tezei-de-doctorat-a-drd-fanaru-c-c-andreea-roxana-pe-27-09-2024\/","title":{"rendered":"Sus\u021binerea tezei de doctorat a drd. F\u00c2NARU C.C. ANDREEA &#8211; ROXANA pe 27.09.2024"},"content":{"rendered":"<p><a href=\"https:\/\/www.phys.uaic.ro\/wp-content\/uploads\/2024\/07\/anunt-Fanaru.pdf\" target=\"_blank\" rel=\"noopener\"><em>Anun\u021bul sus\u021binerii publice<\/em><\/a><\/p>\n<p>&nbsp;<\/p>\n<p>La data de 27,09,2024, ora 11, \u00een sala L1, d-na F\u00c2NARU C.C. ANDREEA &#8211; ROXANA va sus\u0163ine, \u00een \u015fedin\u0163\u0103 public\u0103, teza de doctorat cu titlul<\/p>\n<p><em><strong>STUDIEREA EFECTULUI NANOPARTICULELOR MAGNETICE ASUPRA APELOR \u00ceNC\u0102RCATE CU COLORAN\u0162I<\/strong><\/em><\/p>\n<p>\u00een vederea ob\u0163inerii titlului \u015ftiin\u0163ific de doctor \u00een domeniul FIZIC\u0102.<\/p>\n<p>F\u00c2NARU C.C. ANDREEA &#8211; ROXANA [<a href=\"https:\/\/www.phys.uaic.ro\/wp-content\/uploads\/2024\/09\/CV-Andreea-Roxana-Balint-1-1.pdf\" target=\"_blank\" rel=\"noopener\">CV<\/a>]<\/p>\n<p>&nbsp;<\/p>\n<p>Comisia de doctorat are urm\u0103toarea componen\u0163\u0103:<\/p>\n<ul>\n<li><b>Pre\u015fedinte<\/b>:\n<ul>\n<li>Prof. univ. dr. Diana-Mihaela MARDARE Universitatea &#8222;Alexandru Ioan Cuza&#8221; din Ia\u0219i [<a href=\"https:\/\/www.phys.uaic.ro\/wp-content\/uploads\/2024\/04\/CV-2024-MARDARE-D.-rom.pdf\" target=\"_blank\" rel=\"noopener\">CV<\/a>]<\/li>\n<\/ul>\n<\/li>\n<\/ul>\n<ul>\n<li><b>Conduc\u0103tor \u015ftiin\u0163ific<\/b>:\n<ul>\n<li>Prof. univ. dr. habil. Dorina-Emilia CREANG\u0102, Universitatea &#8222;Alexandru Ioan Cuza&#8221; din Ia\u0219i [<a href=\"https:\/\/www.phys.uaic.ro\/wp-content\/uploads\/2023\/09\/CV-D.CREANGA-ENGL.pdf\" target=\"_blank\" rel=\"noopener\">CV<\/a>]<\/li>\n<\/ul>\n<\/li>\n<\/ul>\n<ul>\n<li><b>Referen\u0163i<\/b>:\n<ul>\n<li>Prof. univ. dr. habil. Adriana-Vetu\u021ba ISVORAN, Universitatea de Vest din Timi\u0219oara [<a href=\"https:\/\/www.phys.uaic.ro\/wp-content\/uploads\/2024\/09\/CV-Adriana-Isvoran-2024.pdf\" target=\"_blank\" rel=\"noopener\">CV<\/a>]<\/li>\n<li>C.S. I dr. Airinei ANTON, Institutul de Chimie Macromolecular\u0103 &#8222;Petru Poni&#8221; din Ia\u0219i [<a href=\"https:\/\/www.phys.uaic.ro\/wp-content\/uploads\/2023\/09\/CV-Airinei-Anton.pdf\" target=\"_blank\" rel=\"noopener\">CV<\/a>]<\/li>\n<li>C.S. I dr. Gabriela VOICHI\u021aA, Institutul de Cercet\u0103ri Biologice din Ia\u0219i, filial\u0103 a INCDSB Bucure\u0219ti [<a href=\"https:\/\/www.phys.uaic.ro\/wp-content\/uploads\/2024\/09\/CV-CAPRARU-VOCHITA-RO-05.07.2024.pdf\" target=\"_blank\" rel=\"noopener\">CV<\/a>]<\/li>\n<\/ul>\n<\/li>\n<\/ul>\n<p>&nbsp;<\/p>\n<p>Teza poate fi consultat\u0103 la Biblioteca Facult\u0103\u0163ii de Fizic\u0103.<\/p>\n<ul>\n<li><a href=\"https:\/\/www.phys.uaic.ro\/wp-content\/uploads\/2024\/09\/04-Rezumat_AB.pdf\" target=\"_blank\" rel=\"noopener\"><em>Rezumatul tezei de doctorat<\/em><\/a><\/li>\n<\/ul>\n","protected":false},"excerpt":{"rendered":"<p>Anun\u021bul sus\u021binerii publice &nbsp; La data de 27,09,2024, ora 11, \u00een sala L1, d-na F\u00c2NARU C.C. ANDREEA &#8211; ROXANA va sus\u0163ine, \u00een \u015fedin\u0163\u0103 public\u0103, teza de doctorat cu titlul STUDIEREA EFECTULUI NANOPARTICULELOR MAGNETICE ASUPRA APELOR \u00ceNC\u0102RCATE CU COLORAN\u0162I \u00een vederea ob\u0163inerii titlului \u015ftiin\u0163ific de doctor \u00een domeniul FIZIC\u0102. F\u00c2NARU C.C. ANDREEA &#8211; ROXANA [CV] &nbsp; Comisia de doctorat\u2026 <span class=\"read-more\"><a href=\"https:\/\/www.phys.uaic.ro\/index.php\/sustinerea-tezei-de-doctorat-a-drd-fanaru-c-c-andreea-roxana-pe-27-09-2024\/\">Read More &raquo;<\/a><\/span><\/p>\n","protected":false},"author":4,"featured_media":0,"parent":0,"menu_order":0,"comment_status":"closed","ping_status":"closed","template":"","meta":{"footnotes":""},"class_list":["post-22415","page","type-page","status-publish","hentry"],"_links":{"self":[{"href":"https:\/\/www.phys.uaic.ro\/index.php\/wp-json\/wp\/v2\/pages\/22415","targetHints":{"allow":["GET"]}}],"collection":[{"href":"https:\/\/www.phys.uaic.ro\/index.php\/wp-json\/wp\/v2\/pages"}],"about":[{"href":"https:\/\/www.phys.uaic.ro\/index.php\/wp-json\/wp\/v2\/types\/page"}],"author":[{"embeddable":true,"href":"https:\/\/www.phys.uaic.ro\/index.php\/wp-json\/wp\/v2\/users\/4"}],"replies":[{"embeddable":true,"href":"https:\/\/www.phys.uaic.ro\/index.php\/wp-json\/wp\/v2\/comments?post=22415"}],"version-history":[{"count":0,"href":"https:\/\/www.phys.uaic.ro\/index.php\/wp-json\/wp\/v2\/pages\/22415\/revisions"}],"wp:attachment":[{"href":"https:\/\/www.phys.uaic.ro\/index.php\/wp-json\/wp\/v2\/media?parent=22415"}],"curies":[{"name":"wp","href":"https:\/\/api.w.org\/{rel}","templated":true}]}}