{"id":22422,"date":"2024-07-31T09:52:18","date_gmt":"2024-07-31T06:52:18","guid":{"rendered":"https:\/\/www.phys.uaic.ro\/?page_id=22422"},"modified":"2024-09-02T12:56:15","modified_gmt":"2024-09-02T09:56:15","slug":"sustinerea-tezei-de-doctorat-a-drd-surdu-s-cristina-cas-stavila-pe-17-09-2024","status":"publish","type":"page","link":"https:\/\/www.phys.uaic.ro\/index.php\/sustinerea-tezei-de-doctorat-a-drd-surdu-s-cristina-cas-stavila-pe-17-09-2024\/","title":{"rendered":"Sus\u021binerea tezei de doctorat a drd. SURDU S. CRISTINA (c\u0103s. STAVIL\u0102) pe 17.09.2024"},"content":{"rendered":"<p><a href=\"https:\/\/www.phys.uaic.ro\/wp-content\/uploads\/2024\/07\/anunt-Surdu.pdf\" target=\"_blank\" rel=\"noopener\"><em>Anun\u021bul sus\u021binerii publice<\/em><\/a><\/p>\n<p>&nbsp;<\/p>\n<p>La data de 17.09.2024, ora 11, \u00een sala L1, d-na SURDU S. CRISTINA (c\u0103s. STAVIL\u0102) va sus\u0163ine, \u00een \u015fedin\u0163\u0103 public\u0103, teza de doctorat cu titlul<\/p>\n<p><strong><em>STUDIUL EFECTELOR INDUSE DE NANOPARTICULE MAGNETICE \u00ceN CELULE NORMALE \u015eI TUMORALE<\/em><\/strong><\/p>\n<p>\u00een vederea ob\u0163inerii titlului \u015ftiin\u0163ific de doctor \u00een domeniul FIZIC\u0102.<\/p>\n<p>SURDU S. CRISTINA (c\u0103s. STAVIL\u0102)\u00a0 [<a href=\"https:\/\/www.phys.uaic.ro\/wp-content\/uploads\/2024\/09\/CV-Surdu-cas-Stavila-Cristina.pdf\" target=\"_blank\" rel=\"noopener\">CV<\/a>]<\/p>\n<p>&nbsp;<\/p>\n<p>Comisia de doctorat are urm\u0103toarea componen\u0163\u0103:<\/p>\n<ul>\n<li><b>Pre\u015fedinte<\/b>:\n<ul>\n<li>Prof. univ. dr. Diana-Mihaela MARDARE Universitatea &#8222;Alexandru Ioan Cuza&#8221; din Ia\u0219i [<a href=\"https:\/\/www.phys.uaic.ro\/wp-content\/uploads\/2024\/04\/CV-2024-MARDARE-D.-rom.pdf\" target=\"_blank\" rel=\"noopener\">CV<\/a>]<\/li>\n<\/ul>\n<\/li>\n<\/ul>\n<ul>\n<li><b>Conduc\u0103tor \u015ftiin\u0163ific<\/b>:\n<ul>\n<li>Prof. univ. dr. habil. Dorina-Emilia CREANG\u0102, Universitatea &#8222;Alexandru Ioan Cuza&#8221; din Ia\u0219i [<a href=\"https:\/\/www.phys.uaic.ro\/wp-content\/uploads\/2023\/09\/CV-D.CREANGA-ENGL.pdf\" target=\"_blank\" rel=\"noopener\">CV<\/a>]<\/li>\n<\/ul>\n<\/li>\n<\/ul>\n<ul>\n<li><b>Referen\u0163i<\/b>:\n<ul>\n<li>Prof. univ. dr. habil. Cristina STAN, Universitatea Politehnic\u0103 Bucure\u0219ti [<a href=\"https:\/\/www.phys.uaic.ro\/wp-content\/uploads\/2022\/09\/CV_C.Stan_.pdf\" target=\"_blank\" rel=\"noopener\">CV<\/a>]<\/li>\n<li>C.S. I dr. Horia CHIRIAC, Institutul Na\u021bional de Cercetare-Dezvoltare pentru Fizic\u0103 Tehnic\u0103 din Ia\u0219i [<a href=\"https:\/\/www.phys.uaic.ro\/wp-content\/uploads\/2023\/09\/CV-Horia-Chiriac.pdf\" target=\"_blank\" rel=\"noopener\">CV<\/a>]<\/li>\n<li>Prof. univ. dr. Liliana VERE\u0218TIUC, Universitatea de Medicin\u0103 \u0219i Farmacie &#8222;Grigore T. Popa&#8221; din Ia\u0219i [<a href=\"https:\/\/www.phys.uaic.ro\/wp-content\/uploads\/2024\/09\/CV-Liliana-Verestiuc-8-august-2024.pdf\" target=\"_blank\" rel=\"noopener\">CV<\/a>]<\/li>\n<\/ul>\n<\/li>\n<\/ul>\n<p>&nbsp;<\/p>\n<p>Teza poate fi consultat\u0103 la Biblioteca Facult\u0103\u0163ii de Fizic\u0103.<\/p>\n<ul>\n<li><a href=\"https:\/\/www.phys.uaic.ro\/wp-content\/uploads\/2024\/09\/Rezumat-Teza-de-doctorat-Cristina-Surdu-Stavila.pdf\" target=\"_blank\" rel=\"noopener\"><em>Rezumatul tezei de doctorat<\/em><\/a><\/li>\n<\/ul>\n","protected":false},"excerpt":{"rendered":"<p>Anun\u021bul sus\u021binerii publice &nbsp; La data de 17.09.2024, ora 11, \u00een sala L1, d-na SURDU S. CRISTINA (c\u0103s. STAVIL\u0102) va sus\u0163ine, \u00een \u015fedin\u0163\u0103 public\u0103, teza de doctorat cu titlul STUDIUL EFECTELOR INDUSE DE NANOPARTICULE MAGNETICE \u00ceN CELULE NORMALE \u015eI TUMORALE \u00een vederea ob\u0163inerii titlului \u015ftiin\u0163ific de doctor \u00een domeniul FIZIC\u0102. SURDU S. CRISTINA (c\u0103s. STAVIL\u0102)\u00a0 [CV] &nbsp; Comisia\u2026 <span class=\"read-more\"><a href=\"https:\/\/www.phys.uaic.ro\/index.php\/sustinerea-tezei-de-doctorat-a-drd-surdu-s-cristina-cas-stavila-pe-17-09-2024\/\">Read More &raquo;<\/a><\/span><\/p>\n","protected":false},"author":4,"featured_media":0,"parent":0,"menu_order":0,"comment_status":"closed","ping_status":"closed","template":"","meta":{"footnotes":""},"class_list":["post-22422","page","type-page","status-publish","hentry"],"_links":{"self":[{"href":"https:\/\/www.phys.uaic.ro\/index.php\/wp-json\/wp\/v2\/pages\/22422","targetHints":{"allow":["GET"]}}],"collection":[{"href":"https:\/\/www.phys.uaic.ro\/index.php\/wp-json\/wp\/v2\/pages"}],"about":[{"href":"https:\/\/www.phys.uaic.ro\/index.php\/wp-json\/wp\/v2\/types\/page"}],"author":[{"embeddable":true,"href":"https:\/\/www.phys.uaic.ro\/index.php\/wp-json\/wp\/v2\/users\/4"}],"replies":[{"embeddable":true,"href":"https:\/\/www.phys.uaic.ro\/index.php\/wp-json\/wp\/v2\/comments?post=22422"}],"version-history":[{"count":0,"href":"https:\/\/www.phys.uaic.ro\/index.php\/wp-json\/wp\/v2\/pages\/22422\/revisions"}],"wp:attachment":[{"href":"https:\/\/www.phys.uaic.ro\/index.php\/wp-json\/wp\/v2\/media?parent=22422"}],"curies":[{"name":"wp","href":"https:\/\/api.w.org\/{rel}","templated":true}]}}