{"id":22522,"date":"2024-08-14T10:44:11","date_gmt":"2024-08-14T07:44:11","guid":{"rendered":"https:\/\/www.phys.uaic.ro\/?page_id=22522"},"modified":"2024-09-05T08:38:45","modified_gmt":"2024-09-05T05:38:45","slug":"examenul-de-licenta-diploma-sesiunea-septembrie-2024","status":"publish","type":"page","link":"https:\/\/www.phys.uaic.ro\/index.php\/examenul-de-licenta-diploma-sesiunea-septembrie-2024\/","title":{"rendered":"Examenul de licen\u021b\u0103\/diplom\u0103 \u2013 Sesiunea septembrie 2024"},"content":{"rendered":"<header>\n<header><em><strong><a href=\"https:\/\/www.phys.uaic.ro\/wp-content\/uploads\/2022\/03\/Tematici_licenta.pdf\">Tematica pentru examenul de licen\u021b\u0103\/diplom\u0103 &#8211; sesiunea septembrie 2024<\/a><\/strong><\/em><\/header>\n<header class=\"entry-header\"><a href=\"https:\/\/www.phys.uaic.ro\/wp-content\/uploads\/2022\/06\/Subiecte-licenta-2022_V1.pdf\"><strong><em>Subiecte Licenta 2024<\/em><\/strong><\/a><\/header>\n<\/header>\n<header>\n<header class=\"entry-header\">\n<h1><a href=\"https:\/\/www.phys.uaic.ro\/wp-content\/uploads\/2024\/09\/Rezultate-finale-licenta-sept-2024.pdf\" target=\"_blank\" rel=\"noopener\"><span style=\"font-size: 18pt;\"><span style=\"color: #ff0000;\">Rezultatele examenului de licen\u021b\u0103 &#8211; sesiunea septembrie 2024<\/span><\/span><\/a><\/h1>\n<h3><a href=\"https:\/\/www.phys.uaic.ro\/wp-content\/uploads\/2024\/09\/Licenta_ConducatorLucrare.pdf\" target=\"_blank\" rel=\"noopener\">Lista absolven\u021bilor care au dreptul s\u0103 se prezinte la sus\u021binerea examenului de LICEN\u021a\u0102 \u00een sesiunea septembrie 2024<\/a><\/h3>\n<h1><span style=\"font-size: 14pt;\"><b>Perioada de \u00eenscriere la examenul de licen\u0163\u0103\/diplom\u0103:<\/b><\/span><\/h1>\n<\/header>\n<div class=\"entry-content\">\n<ul>\n<li><strong>1-2 septembrie 2024<\/strong>, ora 12, online<\/li>\n<\/ul>\n<h3><b>Sus\u0163inerea examenului de licen\u0163\u0103\/diplom\u0103 <\/b><\/h3>\n<\/div>\n<\/header>\n<ul>\n<li><strong>4 septembrie 2024, ora 12, sala L1<br \/>\n<\/strong><\/li>\n<\/ul>\n<h3><b>Pa\u0219i de parcurs<\/b> pentru \u00eenscrierea la examenul de licen\u021b\u0103:<\/h3>\n<p><strong>\u00a0\u00a0\u00a0\u00a0\u00a0\u00a0\u00a0\u00a0 etapa 1: <\/strong>candidatii vor transmite urm\u0103toarele documente (\u00eentr-un singur mesaj) la adresa de e-mail <em>fizica@uaic.ro<\/em>:<\/p>\n<ol>\n<li style=\"list-style-type: none;\">\n<ol>\n<li>cererea de \u00eenscriere semnat\u0103 cu albastru \u0219i scanat\u0103;<\/li>\n<li><strong>dovad\u0103 medical\u0103 pentru neprezentarea la sesiunea de examene din vara 2024<\/strong><\/li>\n<li>certificat de na\u0219tere scanat;<\/li>\n<li>carte de identitate scanat\u0103;<\/li>\n<li>declara\u021bia coordonatorului lucr\u0103rii de licen\u021b\u0103 care atest\u0103 faptul c\u0103 lucrarea este \u00een analiz\u0103 \u0219i va fi predat\u0103 \u00eenainte de \u00eenceperea examenului (format liber);<\/li>\n<li>chitan\u0163a de plat\u0103 a taxei (200 lei) \u00een cazul repet\u0103rii examenului.<\/li>\n<\/ol>\n<\/li>\n<\/ol>\n<p>&nbsp;<\/p>\n<p><strong>\u00a0\u00a0\u00a0\u00a0\u00a0\u00a0\u00a0\u00a0 etapa 2: <\/strong>coordonatorul trimite dou\u0103 documente pe adresa secretarului de comisie, cu cel pu\u021bin dou\u0103 zile \u00eenainte de data programat\u0103 pentru sus\u021binere, folosind fisiere.uaic.ro:<\/p>\n<ul>\n<li>referatul de apreciere (care con\u021bine \u0219i informa\u021bii asupra procentului de similitudini, din platforma Turnitin);<\/li>\n<li>lucrarea de licen\u021b\u0103\/diplom\u0103 care con\u021bine \u0219i <em><a href=\"https:\/\/www.phys.uaic.ro\/wp-content\/uploads\/2022\/05\/2022-Declaratie-autenticitate_licenta_diploma.pdf\" target=\"_blank\" rel=\"noopener\">declara\u021bia privind autenticitatea semnat\u0103 de <strong>candidat si coordonator<\/strong>,<\/a><\/em> \u00een format <b>pdf<\/b> .<\/li>\n<\/ul>\n<p>&nbsp;<\/p>\n<p><a href=\"https:\/\/www.phys.uaic.ro\/wp-content\/uploads\/2024\/05\/Regulament_finalizare_studii_2024_aprobatSENAT15.02.2024.pdf\" target=\"_blank\" rel=\"noopener\"><strong>Regulament privind organizarea \u015fi desf\u0103\u015furarea examenelor de absolvire, licen\u0163\u0103\/diplom\u0103 \u0219i diserta\u0163ie (sesiunile: iulie 2024, septembrie 2024 \u0219i februarie 2025)<\/strong><\/a><\/p>\n<h3><\/h3>\n","protected":false},"excerpt":{"rendered":"<p>Tematica pentru examenul de licen\u021b\u0103\/diplom\u0103 &#8211; sesiunea septembrie 2024 Subiecte Licenta 2024 Rezultatele examenului de licen\u021b\u0103 &#8211; sesiunea septembrie 2024 Lista absolven\u021bilor care au dreptul s\u0103 se prezinte la sus\u021binerea examenului de LICEN\u021a\u0102 \u00een sesiunea septembrie 2024 Perioada de \u00eenscriere la examenul de licen\u0163\u0103\/diplom\u0103: 1-2 septembrie 2024, ora 12, online Sus\u0163inerea examenului de licen\u0163\u0103\/diplom\u0103 4 septembrie 2024, ora\u2026 <span class=\"read-more\"><a href=\"https:\/\/www.phys.uaic.ro\/index.php\/examenul-de-licenta-diploma-sesiunea-septembrie-2024\/\">Read More &raquo;<\/a><\/span><\/p>\n","protected":false},"author":4,"featured_media":0,"parent":0,"menu_order":0,"comment_status":"closed","ping_status":"closed","template":"","meta":{"footnotes":""},"class_list":["post-22522","page","type-page","status-publish","hentry"],"_links":{"self":[{"href":"https:\/\/www.phys.uaic.ro\/index.php\/wp-json\/wp\/v2\/pages\/22522","targetHints":{"allow":["GET"]}}],"collection":[{"href":"https:\/\/www.phys.uaic.ro\/index.php\/wp-json\/wp\/v2\/pages"}],"about":[{"href":"https:\/\/www.phys.uaic.ro\/index.php\/wp-json\/wp\/v2\/types\/page"}],"author":[{"embeddable":true,"href":"https:\/\/www.phys.uaic.ro\/index.php\/wp-json\/wp\/v2\/users\/4"}],"replies":[{"embeddable":true,"href":"https:\/\/www.phys.uaic.ro\/index.php\/wp-json\/wp\/v2\/comments?post=22522"}],"version-history":[{"count":0,"href":"https:\/\/www.phys.uaic.ro\/index.php\/wp-json\/wp\/v2\/pages\/22522\/revisions"}],"wp:attachment":[{"href":"https:\/\/www.phys.uaic.ro\/index.php\/wp-json\/wp\/v2\/media?parent=22522"}],"curies":[{"name":"wp","href":"https:\/\/api.w.org\/{rel}","templated":true}]}}