{"id":22525,"date":"2024-08-14T11:02:59","date_gmt":"2024-08-14T08:02:59","guid":{"rendered":"https:\/\/www.phys.uaic.ro\/?page_id=22525"},"modified":"2024-09-06T10:08:30","modified_gmt":"2024-09-06T07:08:30","slug":"examenul-de-disertatie-sesiunea-septembrie-2024","status":"publish","type":"page","link":"https:\/\/www.phys.uaic.ro\/index.php\/examenul-de-disertatie-sesiunea-septembrie-2024\/","title":{"rendered":"Examenul de diserta\u021bie &#8211; sesiunea septembrie 2024"},"content":{"rendered":"<header><span style=\"color: #ff0000;\"><a style=\"color: #ff0000;\" href=\"https:\/\/www.phys.uaic.ro\/wp-content\/uploads\/2024\/09\/inscrisi-disert-sept-2024.pdf\" target=\"_blank\" rel=\"noopener\"><em>Lista absolven\u021bilor care au dreptul s\u0103 se prezinte la sus\u021binerea lucr\u0103rii de DISERTA\u021aIE \u00een sesiunea septembrie 2024<\/em><\/a><\/span><\/header>\n<header><\/header>\n<header><\/header>\n<header class=\"entry-header\"><span style=\"font-size: 14pt;\"><b>Perioada de \u00eenscriere la examenul de diserta\u021bie:<\/b><\/span><\/p>\n<ul style=\"list-style-type: circle;\">\n<li><strong>1-2 septembrie 2024<\/strong>, ora 12, online<\/li>\n<\/ul>\n<p><b><span style=\"font-size: 14pt;\">Sus\u021binerea examenului de diserta\u021bie<\/span> <\/b><\/p>\n<ul>\n<li><strong>9 septembrie 2024, ora 12<br \/>\n<\/strong><\/li>\n<\/ul>\n<\/header>\n<div class=\"entry-content\">\n<p><strong>Pa\u0219i de parcurs pentru \u00eenscrierea la examenul de diserta\u0163ie:<\/strong><\/p>\n<ul>\n<li>etapa 1:<br \/>\n\u00een perioada 1-2 septembrie 2024, ora 12 candidatul va trimite urm\u0103toarele documente (\u00eentr-un singur mesaj) la adresa de e-mail luca@uaic.ro:<\/p>\n<ol>\n<li>cererea de \u00eenscriere semnat\u0103 cu albastru \u0219i scanat\u0103;<\/li>\n<li><strong>dovad\u0103 medical\u0103 pentru neprezentarea la sesiunea de examene din vara 2024<\/strong><\/li>\n<li>certificat de na\u0219tere scanat;<\/li>\n<li>carte de identitate scanat\u0103;<\/li>\n<li>diploma de licen\u0163\u0103 + suplimentul la diplom\u0103 pentru cei care nu le-au depus \u00eenc\u0103 la secretariatul facult\u0103\u0163ii;<\/li>\n<li>confirmarea coordonatorului lucr\u0103rii de licen\u021b\u0103 (pe email) care atest\u0103 faptul c\u0103 lucrarea este \u00een analiz\u0103 \u0219i va fi trimis\u0103 (secretarului comisiei de disertatie) \u00eenainte de \u00eenceperea examenului;<\/li>\n<li>chitan\u0163a de plat\u0103 a taxei (200 lei) \u00een cazul repet\u0103rii examenului.<\/li>\n<\/ol>\n<\/li>\n<\/ul>\n<ul>\n<li>etapa 2:<br \/>\ncoordonatorul trimite dou\u0103 documente pe adresa secretarului de comisie, cu cel pu\u021bin dou\u0103 zile \u00eenainte de data programat\u0103 pentru sus\u021binere, folosind fisiere.uaic.ro:<\/p>\n<ol>\n<li>referatul de apreciere (care con\u021bine \u0219i informa\u021bii asupra procentului de similitudini, din platforma Turnitin);<\/li>\n<li>lucrarea de diserta\u0163ie care con\u021bine \u0219i <a href=\"https:\/\/www.phys.uaic.ro\/wp-content\/uploads\/2022\/05\/Declaratie-autenticitate_disertatie_2021.pdf\">declara\u021bia privind autenticitatea semnat\u0103 de <strong>candidat \u0219i coordonator<\/strong><\/a>, \u00een format <strong>pdf<\/strong> .<\/li>\n<\/ol>\n<\/li>\n<\/ul>\n<p>&nbsp;<\/p>\n<p><strong><a href=\"https:\/\/www.phys.uaic.ro\/wp-content\/uploads\/2022\/05\/Declaratie-autenticitate_disertatie_2021.pdf\">Declara\u021bia privind autenticitatea semnat\u0103 de candidat \u0219i coordonator<\/a><\/strong><\/p>\n<p><a href=\"https:\/\/www.phys.uaic.ro\/wp-content\/uploads\/2024\/05\/Regulament_finalizare_studii_2024_aprobatSENAT15.02.2024.pdf\">Regulament privind organizarea \u015fi desf\u0103\u015furarea examenelor de absolvire, licen\u0163\u0103\/diplom\u0103 \u0219i diserta\u0163ie (sesiunile: iulie 2024, septembrie 2024 \u0219i februarie 2025)<\/a><\/p>\n<p>&nbsp;<\/p>\n<\/div>\n<div class=\"entry-content\"><\/div>\n<p>&nbsp;<\/p>\n","protected":false},"excerpt":{"rendered":"<p>Lista absolven\u021bilor care au dreptul s\u0103 se prezinte la sus\u021binerea lucr\u0103rii de DISERTA\u021aIE \u00een sesiunea septembrie 2024 Perioada de \u00eenscriere la examenul de diserta\u021bie: 1-2 septembrie 2024, ora 12, online Sus\u021binerea examenului de diserta\u021bie 9 septembrie 2024, ora 12 Pa\u0219i de parcurs pentru \u00eenscrierea la examenul de diserta\u0163ie: etapa 1: \u00een perioada 1-2 septembrie 2024, ora 12 candidatul\u2026 <span class=\"read-more\"><a href=\"https:\/\/www.phys.uaic.ro\/index.php\/examenul-de-disertatie-sesiunea-septembrie-2024\/\">Read More &raquo;<\/a><\/span><\/p>\n","protected":false},"author":4,"featured_media":0,"parent":0,"menu_order":0,"comment_status":"closed","ping_status":"closed","template":"","meta":{"footnotes":""},"class_list":["post-22525","page","type-page","status-publish","hentry"],"_links":{"self":[{"href":"https:\/\/www.phys.uaic.ro\/index.php\/wp-json\/wp\/v2\/pages\/22525","targetHints":{"allow":["GET"]}}],"collection":[{"href":"https:\/\/www.phys.uaic.ro\/index.php\/wp-json\/wp\/v2\/pages"}],"about":[{"href":"https:\/\/www.phys.uaic.ro\/index.php\/wp-json\/wp\/v2\/types\/page"}],"author":[{"embeddable":true,"href":"https:\/\/www.phys.uaic.ro\/index.php\/wp-json\/wp\/v2\/users\/4"}],"replies":[{"embeddable":true,"href":"https:\/\/www.phys.uaic.ro\/index.php\/wp-json\/wp\/v2\/comments?post=22525"}],"version-history":[{"count":0,"href":"https:\/\/www.phys.uaic.ro\/index.php\/wp-json\/wp\/v2\/pages\/22525\/revisions"}],"wp:attachment":[{"href":"https:\/\/www.phys.uaic.ro\/index.php\/wp-json\/wp\/v2\/media?parent=22525"}],"curies":[{"name":"wp","href":"https:\/\/api.w.org\/{rel}","templated":true}]}}