{"id":22532,"date":"2024-08-20T14:20:24","date_gmt":"2024-08-20T11:20:24","guid":{"rendered":"https:\/\/www.phys.uaic.ro\/?page_id=22532"},"modified":"2024-08-20T14:20:24","modified_gmt":"2024-08-20T11:20:24","slug":"anunt-privind-pre-sustinerea-in-fata-comisiei-de-indrumare-a-tezei-de-doctorat-a-drd-railean-anastasia-pe-02-09-2024","status":"publish","type":"page","link":"https:\/\/www.phys.uaic.ro\/index.php\/anunt-privind-pre-sustinerea-in-fata-comisiei-de-indrumare-a-tezei-de-doctorat-a-drd-railean-anastasia-pe-02-09-2024\/","title":{"rendered":"Anun\u021b privind pre-sus\u021binerea, \u00een fa\u021ba comisiei de \u00eendrumare, a tezei de doctorat a drd. RAILEAN Anastasia pe 02.09.2024"},"content":{"rendered":"<p>La data de\u00a0<strong>02.09.2024<\/strong>, \u00eencep\u00e2nd cu ora\u00a0<strong>10:00<\/strong>, \u00een\u00a0<strong>Laboratorul de Electricitate, <\/strong>\u00een fa\u021ba comisiei de \u00eendrumare, va avea loc pre-sus\u021binerea tezei de doctorat cu titlul \u201e<em><strong>Modelarea Comportamentului Substan\u021belor cu Tranzi\u021bie de Spin de Dimensiuni Micro \u0219i Nanometrice<\/strong><\/em>\u201d, prezentat\u0103 de studenta doctorand\u0103 <strong>RAILEAN Anastasia<\/strong>, sub \u00eendrumarea\u00a0<strong>prof. univ. dr. habil. Cristian EN\u0102CHESCU<\/strong>.<\/p>\n","protected":false},"excerpt":{"rendered":"<p>La data de\u00a002.09.2024, \u00eencep\u00e2nd cu ora\u00a010:00, \u00een\u00a0Laboratorul de Electricitate, \u00een fa\u021ba comisiei de \u00eendrumare, va avea loc pre-sus\u021binerea tezei de doctorat cu titlul \u201eModelarea Comportamentului Substan\u021belor cu Tranzi\u021bie de Spin de Dimensiuni Micro \u0219i Nanometrice\u201d, prezentat\u0103 de studenta doctorand\u0103 RAILEAN Anastasia, sub \u00eendrumarea\u00a0prof. univ. dr. habil. Cristian EN\u0102CHESCU.<\/p>\n","protected":false},"author":4,"featured_media":0,"parent":0,"menu_order":0,"comment_status":"closed","ping_status":"closed","template":"","meta":{"footnotes":""},"class_list":["post-22532","page","type-page","status-publish","hentry"],"_links":{"self":[{"href":"https:\/\/www.phys.uaic.ro\/index.php\/wp-json\/wp\/v2\/pages\/22532","targetHints":{"allow":["GET"]}}],"collection":[{"href":"https:\/\/www.phys.uaic.ro\/index.php\/wp-json\/wp\/v2\/pages"}],"about":[{"href":"https:\/\/www.phys.uaic.ro\/index.php\/wp-json\/wp\/v2\/types\/page"}],"author":[{"embeddable":true,"href":"https:\/\/www.phys.uaic.ro\/index.php\/wp-json\/wp\/v2\/users\/4"}],"replies":[{"embeddable":true,"href":"https:\/\/www.phys.uaic.ro\/index.php\/wp-json\/wp\/v2\/comments?post=22532"}],"version-history":[{"count":0,"href":"https:\/\/www.phys.uaic.ro\/index.php\/wp-json\/wp\/v2\/pages\/22532\/revisions"}],"wp:attachment":[{"href":"https:\/\/www.phys.uaic.ro\/index.php\/wp-json\/wp\/v2\/media?parent=22532"}],"curies":[{"name":"wp","href":"https:\/\/api.w.org\/{rel}","templated":true}]}}