{"id":22703,"date":"2024-09-13T14:37:38","date_gmt":"2024-09-13T11:37:38","guid":{"rendered":"https:\/\/www.phys.uaic.ro\/?page_id=22703"},"modified":"2024-09-13T15:29:55","modified_gmt":"2024-09-13T12:29:55","slug":"sustinerea-tezei-de-doctorat-a-drd-railean-i-anastasia-pe-30-09-2024","status":"publish","type":"page","link":"https:\/\/www.phys.uaic.ro\/index.php\/sustinerea-tezei-de-doctorat-a-drd-railean-i-anastasia-pe-30-09-2024\/","title":{"rendered":"Sus\u021binerea tezei de doctorat a drd. RAILEAN I. ANASTASIA pe 30.09.2024"},"content":{"rendered":"<div class=\"entry-content\">\n<p><a href=\"https:\/\/www.phys.uaic.ro\/wp-content\/uploads\/2024\/09\/anunt-Railean-A.pdf\" target=\"_blank\" rel=\"noopener\"><em>Anun\u021bul sus\u021binerii publice<\/em><\/a><\/p>\n<p>&nbsp;<\/p>\n<p>La data de 30.09.2024, ora 11, \u00een sala Laboratorul de Electricitate \u0219i magnetism, d-na RAILEAN I. ANASTASIA va sus\u0163ine, \u00een \u015fedin\u0163\u0103 public\u0103, teza de doctorat cu titlul<\/p>\n<p><em><strong>MODELAREA COMPORTAMENTULUI SUBSTAN\u0162ELOR CU TRANZI\u0162IE DE SPIN DE DIMENSIUNI MICRO \u015eI NANOMETRICE<\/strong><\/em><\/p>\n<p>\u00een vederea ob\u0163inerii titlului \u015ftiin\u0163ific de doctor \u00een domeniul FIZIC\u0102.<\/p>\n<p>RAILEAN I. ANASTASIA\u00a0 [<a href=\"https:\/\/www.phys.uaic.ro\/wp-content\/uploads\/2024\/09\/CV_Anastasia_RAILEAN.pdf\" target=\"_blank\" rel=\"noopener\">CV<\/a>]<\/p>\n<p>&nbsp;<\/p>\n<p>Comisia de doctorat are urm\u0103toarea componen\u0163\u0103:<\/p>\n<ul>\n<li><b>Pre\u015fedinte<\/b>:\n<ul>\n<li>Prof. univ. dr. Diana-Mihaela MARDARE Universitatea \u201cAlexandru Ioan Cuza\u201d din Ia\u0219i [<a href=\"https:\/\/www.phys.uaic.ro\/wp-content\/uploads\/2024\/04\/CV-2024-MARDARE-D.-rom.pdf\" target=\"_blank\" rel=\"noopener\">CV<\/a>]<\/li>\n<\/ul>\n<\/li>\n<\/ul>\n<ul>\n<li><b>Conduc\u0103tor \u015ftiin\u0163ific<\/b>:\n<ul>\n<li>Prof. univ. dr. habil. Cristian EN\u0102CHESCU, Universitatea \u201cAlexandru Ioan Cuza\u201d din Ia\u0219i [<a href=\"https:\/\/www.phys.uaic.ro\/wp-content\/uploads\/2024\/02\/CV_Enachescu_Cristian_feb2024.pdf\" target=\"_blank\" rel=\"noopener\">CV<\/a>]<\/li>\n<\/ul>\n<\/li>\n<\/ul>\n<ul>\n<li><b>Referen\u0163i<\/b>:\n<ul>\n<li>Prof. univ. dr. Titus-Adrian BEU, Universitatea de Vest din Timi\u0219oara [<a href=\"https:\/\/phys.ubbcluj.ro\/~titus.beu\/CV_EN.pdf\" target=\"_blank\" rel=\"noopener\">CV<\/a>]<\/li>\n<li>C.S. I dr. F\u0103nic\u0103 CIMPOE\u0218U, Institutul de Chimie-Fizic\u0103 \u201cIlie Murgulescu\u201d Bucure\u0219ti [<a href=\"https:\/\/doctorat.unibuc.ro\/wp-content\/uploads\/2021\/11\/CV-c.s.-I-dr.Fanica-CIMPOESU.pdf\" target=\"_blank\" rel=\"noopener\">CV<\/a>]<\/li>\n<li>Prof. univ. dr. Alexandru STANCU, Universitatea \u201cAlexandru Ioan Cuza\u201d din Ia\u0219i [<a href=\"https:\/\/www.phys.uaic.ro\/wp-content\/uploads\/2022\/05\/Stancu_Alexandru_CV_RO.pdf\" target=\"_blank\" rel=\"noopener\">CV<\/a>]<\/li>\n<\/ul>\n<\/li>\n<\/ul>\n<p>&nbsp;<\/p>\n<p>Teza poate fi consultat\u0103 la Biblioteca Facult\u0103\u0163ii de Fizic\u0103.<\/p>\n<ul>\n<li><a href=\"https:\/\/www.phys.uaic.ro\/wp-content\/uploads\/2024\/09\/Rezumat_teza_Anastasia_RAILEAN.pdf\" target=\"_blank\" rel=\"noopener\"><em>Rezumatul tezei de doctorat<\/em><\/a><\/li>\n<\/ul>\n<\/div>\n","protected":false},"excerpt":{"rendered":"<p>Anun\u021bul sus\u021binerii publice &nbsp; La data de 30.09.2024, ora 11, \u00een sala Laboratorul de Electricitate \u0219i magnetism, d-na RAILEAN I. ANASTASIA va sus\u0163ine, \u00een \u015fedin\u0163\u0103 public\u0103, teza de doctorat cu titlul MODELAREA COMPORTAMENTULUI SUBSTAN\u0162ELOR CU TRANZI\u0162IE DE SPIN DE DIMENSIUNI MICRO \u015eI NANOMETRICE \u00een vederea ob\u0163inerii titlului \u015ftiin\u0163ific de doctor \u00een domeniul FIZIC\u0102. RAILEAN I. ANASTASIA\u00a0 [CV] &nbsp;\u2026 <span class=\"read-more\"><a href=\"https:\/\/www.phys.uaic.ro\/index.php\/sustinerea-tezei-de-doctorat-a-drd-railean-i-anastasia-pe-30-09-2024\/\">Read More &raquo;<\/a><\/span><\/p>\n","protected":false},"author":4,"featured_media":0,"parent":0,"menu_order":0,"comment_status":"closed","ping_status":"closed","template":"","meta":{"footnotes":""},"class_list":["post-22703","page","type-page","status-publish","hentry"],"_links":{"self":[{"href":"https:\/\/www.phys.uaic.ro\/index.php\/wp-json\/wp\/v2\/pages\/22703","targetHints":{"allow":["GET"]}}],"collection":[{"href":"https:\/\/www.phys.uaic.ro\/index.php\/wp-json\/wp\/v2\/pages"}],"about":[{"href":"https:\/\/www.phys.uaic.ro\/index.php\/wp-json\/wp\/v2\/types\/page"}],"author":[{"embeddable":true,"href":"https:\/\/www.phys.uaic.ro\/index.php\/wp-json\/wp\/v2\/users\/4"}],"replies":[{"embeddable":true,"href":"https:\/\/www.phys.uaic.ro\/index.php\/wp-json\/wp\/v2\/comments?post=22703"}],"version-history":[{"count":0,"href":"https:\/\/www.phys.uaic.ro\/index.php\/wp-json\/wp\/v2\/pages\/22703\/revisions"}],"wp:attachment":[{"href":"https:\/\/www.phys.uaic.ro\/index.php\/wp-json\/wp\/v2\/media?parent=22703"}],"curies":[{"name":"wp","href":"https:\/\/api.w.org\/{rel}","templated":true}]}}