{"id":23253,"date":"2024-11-13T13:58:06","date_gmt":"2024-11-13T11:58:06","guid":{"rendered":"https:\/\/www.phys.uaic.ro\/?page_id=23253"},"modified":"2024-11-13T13:58:06","modified_gmt":"2024-11-13T11:58:06","slug":"anunt-privind-sustinerea-raportului-de-cercetare-a-drd-andriuta-daniela-pe-15-11-2024","status":"publish","type":"page","link":"https:\/\/www.phys.uaic.ro\/index.php\/anunt-privind-sustinerea-raportului-de-cercetare-a-drd-andriuta-daniela-pe-15-11-2024\/","title":{"rendered":"Anun\u021b privind sus\u021binerea raportului de cercetare a drd. ANDRIU\u021aA Daniela pe 15.11.2024"},"content":{"rendered":"<p>La data de\u00a0<strong>15.11.2024<\/strong>, ora\u00a0<strong>16:00<\/strong>, \u00een\u00a0<strong>Laboratorul de Autoorganizare\u00a0<\/strong>va avea loc sus\u021binerea raportului de cercetare cu titlul <strong><em>\u201eProcese de transport (difuzie, convec\u021bie, etc) \u00een eliberarea controlat\u0103 de medicamente utiliz\u00e2nd dinamici neliniare\u201d<\/em>, <\/strong>\u00a0prezentat de studenta doctorand\u0103\u00a0<strong>ANDRIU<\/strong><strong>\u021aA Daniela,<\/strong> sub \u00eendrumarea domnului \u00a0<strong>prof. univ. dr. Maricel AGOP<\/strong>.<\/p>\n","protected":false},"excerpt":{"rendered":"<p>La data de\u00a015.11.2024, ora\u00a016:00, \u00een\u00a0Laboratorul de Autoorganizare\u00a0va avea loc sus\u021binerea raportului de cercetare cu titlul \u201eProcese de transport (difuzie, convec\u021bie, etc) \u00een eliberarea controlat\u0103 de medicamente utiliz\u00e2nd dinamici neliniare\u201d, \u00a0prezentat de studenta doctorand\u0103\u00a0ANDRIU\u021aA Daniela, sub \u00eendrumarea domnului \u00a0prof. univ. dr. Maricel AGOP.<\/p>\n","protected":false},"author":4,"featured_media":0,"parent":0,"menu_order":0,"comment_status":"closed","ping_status":"closed","template":"","meta":{"footnotes":""},"class_list":["post-23253","page","type-page","status-publish","hentry"],"_links":{"self":[{"href":"https:\/\/www.phys.uaic.ro\/index.php\/wp-json\/wp\/v2\/pages\/23253","targetHints":{"allow":["GET"]}}],"collection":[{"href":"https:\/\/www.phys.uaic.ro\/index.php\/wp-json\/wp\/v2\/pages"}],"about":[{"href":"https:\/\/www.phys.uaic.ro\/index.php\/wp-json\/wp\/v2\/types\/page"}],"author":[{"embeddable":true,"href":"https:\/\/www.phys.uaic.ro\/index.php\/wp-json\/wp\/v2\/users\/4"}],"replies":[{"embeddable":true,"href":"https:\/\/www.phys.uaic.ro\/index.php\/wp-json\/wp\/v2\/comments?post=23253"}],"version-history":[{"count":0,"href":"https:\/\/www.phys.uaic.ro\/index.php\/wp-json\/wp\/v2\/pages\/23253\/revisions"}],"wp:attachment":[{"href":"https:\/\/www.phys.uaic.ro\/index.php\/wp-json\/wp\/v2\/media?parent=23253"}],"curies":[{"name":"wp","href":"https:\/\/api.w.org\/{rel}","templated":true}]}}