{"id":23296,"date":"2024-11-14T13:41:07","date_gmt":"2024-11-14T11:41:07","guid":{"rendered":"https:\/\/www.phys.uaic.ro\/?page_id=23296"},"modified":"2024-11-14T13:41:07","modified_gmt":"2024-11-14T11:41:07","slug":"burse-sem-2-an-univ-2021-2022","status":"publish","type":"page","link":"https:\/\/www.phys.uaic.ro\/index.php\/burse-sem-2-an-univ-2021-2022\/","title":{"rendered":"Burse sem.2, an univ. 2021\/2022"},"content":{"rendered":"<p><a href=\"https:\/\/www.phys.uaic.ro\/wp-content\/uploads\/2022\/04\/propuneri_burse_sem2_ultima_varianta.pdf\"><span style=\"font-size: 14pt;\"><strong><span style=\"color: #ff0000;\">Propuneri burse sem2, an univ. 2021\/2022<\/span><\/strong><\/span><\/a><\/p>\n<p>Eventualele contestatii se pot depune pana joi, 7.04.2022, ora 14, la adresa <em>fizica@uaic.ro<\/em>.<\/p>\n<p>&nbsp;<\/p>\n<div class=\"colorbox\">\n<p><a href=\"https:\/\/www.phys.uaic.ro\/wp-content\/uploads\/2022\/02\/acordarea-burselor-sociale-pentru-semestrul-II-an-universitar-2021-2022.pdf\">Acordarea burselelor sociale pentru semestrul II, anul universitar 2021-2022<\/a> <img loading=\"lazy\" decoding=\"async\" class=\"\" src=\"http:\/\/www.phys.uaic.ro\/wp\/imagini\/pdf-icon.png\" alt=\"pdf\" width=\"20\" height=\"20\" \/><\/p>\n<p>Salariul minim net pe economie pentru stabilirea venitului minim net pe membru de familie este de 1.386 lei\/luna.<br \/>\nLunile care se iau \u00een considerare pentru stabilirea venitului net pe membru de familie sunt: octombrie, noiembrie \u015fi decembrie 2021.<\/p>\n<p>Dosarele se depun la secretariatul facult\u0103\u0163ii \u00een perioada: 28.02-11.03.2022.<\/p>\n<\/div>\n<p>&nbsp;<\/p>\n","protected":false},"excerpt":{"rendered":"<p>Propuneri burse sem2, an univ. 2021\/2022 Eventualele contestatii se pot depune pana joi, 7.04.2022, ora 14, la adresa fizica@uaic.ro. &nbsp; Acordarea burselelor sociale pentru semestrul II, anul universitar 2021-2022 Salariul minim net pe economie pentru stabilirea venitului minim net pe membru de familie este de 1.386 lei\/luna. Lunile care se iau \u00een considerare pentru stabilirea venitului net pe\u2026 <span class=\"read-more\"><a href=\"https:\/\/www.phys.uaic.ro\/index.php\/burse-sem-2-an-univ-2021-2022\/\">Read More &raquo;<\/a><\/span><\/p>\n","protected":false},"author":4,"featured_media":0,"parent":0,"menu_order":0,"comment_status":"closed","ping_status":"closed","template":"","meta":{"footnotes":""},"class_list":["post-23296","page","type-page","status-publish","hentry"],"_links":{"self":[{"href":"https:\/\/www.phys.uaic.ro\/index.php\/wp-json\/wp\/v2\/pages\/23296","targetHints":{"allow":["GET"]}}],"collection":[{"href":"https:\/\/www.phys.uaic.ro\/index.php\/wp-json\/wp\/v2\/pages"}],"about":[{"href":"https:\/\/www.phys.uaic.ro\/index.php\/wp-json\/wp\/v2\/types\/page"}],"author":[{"embeddable":true,"href":"https:\/\/www.phys.uaic.ro\/index.php\/wp-json\/wp\/v2\/users\/4"}],"replies":[{"embeddable":true,"href":"https:\/\/www.phys.uaic.ro\/index.php\/wp-json\/wp\/v2\/comments?post=23296"}],"version-history":[{"count":0,"href":"https:\/\/www.phys.uaic.ro\/index.php\/wp-json\/wp\/v2\/pages\/23296\/revisions"}],"wp:attachment":[{"href":"https:\/\/www.phys.uaic.ro\/index.php\/wp-json\/wp\/v2\/media?parent=23296"}],"curies":[{"name":"wp","href":"https:\/\/api.w.org\/{rel}","templated":true}]}}