{"id":23300,"date":"2024-11-15T14:09:50","date_gmt":"2024-11-15T12:09:50","guid":{"rendered":"https:\/\/www.phys.uaic.ro\/?page_id=23300"},"modified":"2024-11-15T14:11:48","modified_gmt":"2024-11-15T12:11:48","slug":"anunt-privind-pre-sustinerea-in-fata-comisiei-de-indrumare-a-tezei-de-doctorat-a-drd-stirbu-radu-stefan-pe-18-11-2024","status":"publish","type":"page","link":"https:\/\/www.phys.uaic.ro\/index.php\/anunt-privind-pre-sustinerea-in-fata-comisiei-de-indrumare-a-tezei-de-doctorat-a-drd-stirbu-radu-stefan-pe-18-11-2024\/","title":{"rendered":"Anun\u021b privind pre-sus\u021binerea, \u00een fa\u021ba comisiei de \u00eendrumare, a tezei de doctorat a drd. \u0218TIRBU Radu-\u0218tefan pe 18.11.2024"},"content":{"rendered":"<p>La data de 18.11.2024, \u00eencep\u00e2nd cu ora 10:00, \u00een sala 373 &#8211; et. 3, va avea loc presus\u021binerea, \u00een fa\u021ba comisiei de \u00eendrumare, a tezei de doctorat cu titlul <b><i>\u201eContributions to the modeling of the effective electromechanical properties of porous ferroelectric ceramics\u201d (\u201eContribu\u021bii la modelarea propriet\u0103\u021bilor electromecanice efective ale ceramicilor feroelectrice poroase\u201d), <\/i><\/b>prezentata de studentul \u2013 doctorand <b>\u0218TIRBU Radu-\u0218tefan,<\/b> sub \u00eendrumarea <b>prof. univ. dr. Liliana MITO\u0218ERIU<\/b>.<\/p>\n","protected":false},"excerpt":{"rendered":"<p>La data de 18.11.2024, \u00eencep\u00e2nd cu ora 10:00, \u00een sala 373 &#8211; et. 3, va avea loc presus\u021binerea, \u00een fa\u021ba comisiei de \u00eendrumare, a tezei de doctorat cu titlul \u201eContributions to the modeling of the effective electromechanical properties of porous ferroelectric ceramics\u201d (\u201eContribu\u021bii la modelarea propriet\u0103\u021bilor electromecanice efective ale ceramicilor feroelectrice poroase\u201d), prezentata de studentul \u2013 doctorand \u0218TIRBU\u2026 <span class=\"read-more\"><a href=\"https:\/\/www.phys.uaic.ro\/index.php\/anunt-privind-pre-sustinerea-in-fata-comisiei-de-indrumare-a-tezei-de-doctorat-a-drd-stirbu-radu-stefan-pe-18-11-2024\/\">Read More &raquo;<\/a><\/span><\/p>\n","protected":false},"author":4,"featured_media":0,"parent":0,"menu_order":0,"comment_status":"closed","ping_status":"closed","template":"","meta":{"footnotes":""},"class_list":["post-23300","page","type-page","status-publish","hentry"],"_links":{"self":[{"href":"https:\/\/www.phys.uaic.ro\/index.php\/wp-json\/wp\/v2\/pages\/23300","targetHints":{"allow":["GET"]}}],"collection":[{"href":"https:\/\/www.phys.uaic.ro\/index.php\/wp-json\/wp\/v2\/pages"}],"about":[{"href":"https:\/\/www.phys.uaic.ro\/index.php\/wp-json\/wp\/v2\/types\/page"}],"author":[{"embeddable":true,"href":"https:\/\/www.phys.uaic.ro\/index.php\/wp-json\/wp\/v2\/users\/4"}],"replies":[{"embeddable":true,"href":"https:\/\/www.phys.uaic.ro\/index.php\/wp-json\/wp\/v2\/comments?post=23300"}],"version-history":[{"count":0,"href":"https:\/\/www.phys.uaic.ro\/index.php\/wp-json\/wp\/v2\/pages\/23300\/revisions"}],"wp:attachment":[{"href":"https:\/\/www.phys.uaic.ro\/index.php\/wp-json\/wp\/v2\/media?parent=23300"}],"curies":[{"name":"wp","href":"https:\/\/api.w.org\/{rel}","templated":true}]}}