{"id":23763,"date":"2025-01-28T08:28:04","date_gmt":"2025-01-28T06:28:04","guid":{"rendered":"https:\/\/www.phys.uaic.ro\/?page_id=23763"},"modified":"2025-07-07T20:30:40","modified_gmt":"2025-07-07T17:30:40","slug":"examenul-de-licenta-diploma-sesiunea-iulie-2025","status":"publish","type":"page","link":"https:\/\/www.phys.uaic.ro\/index.php\/examenul-de-licenta-diploma-sesiunea-iulie-2025\/","title":{"rendered":"Examenul de licen\u021b\u0103\/diplom\u0103 \u2013 Sesiunea iulie 2025"},"content":{"rendered":"<header><em><strong>Tematica \u0219i subiecte pentru examenul de licen\u021b\u0103\/diplom\u0103 &#8211; sesiunea iulie 2025:<\/strong><\/em><\/header>\n<header><\/header>\n<header><\/header>\n<header>Cuno\u015ftin\u0163e fundamentale: <a href=\"https:\/\/www.phys.uaic.ro\/wp-content\/uploads\/2025\/02\/Tematica-si-bilete_Fizica_Generala.pdf\"><strong>Fizic\u0103 general\u0103 &#8211; obligatorii pentru toate specializ\u0103rile<\/strong><\/a><\/header>\n<header><\/header>\n<header>Cuno\u015ftin\u0163e de specialitate : <strong><a href=\"https:\/\/www.phys.uaic.ro\/wp-content\/uploads\/2025\/02\/Tematica-si-bilete_specialitate_Fizica.pdf\">Fizic\u0103<\/a>\u00a0<\/strong><\/header>\n<header>Cuno\u015ftin\u0163e de specialitate : <a href=\"https:\/\/www.phys.uaic.ro\/wp-content\/uploads\/2025\/02\/Tematica-si-bilete_specialitate_Medicala.pdf\"><strong>Fizic\u0103 medical\u0103<\/strong><\/a><\/header>\n<header>Cuno\u015ftin\u0163e de specialitate : <a href=\"https:\/\/www.phys.uaic.ro\/wp-content\/uploads\/2025\/02\/Tematica-si-bilete_specialitate_Informatica.pdf\"><strong>Fizic\u0103 informatic\u0103<\/strong><\/a><\/header>\n<header>Cuno\u015ftin\u0163e de specialitate : <a href=\"https:\/\/www.phys.uaic.ro\/wp-content\/uploads\/2025\/02\/Tematica-si-bilete_specialitate_Fizica_Tehnologica.pdf\"><strong>Fizic\u0103 tehnologic\u0103<\/strong><\/a><\/header>\n<header><\/header>\n<header><\/header>\n<h3><\/h3>\n<h3><a href=\"https:\/\/www.phys.uaic.ro\/wp-content\/uploads\/2025\/07\/Note_-FMFT_media-licenta.pdf\" target=\"_blank\" rel=\"noopener\"><span style=\"color: #0000ff;\">Rezultatele examenului de licen\u021b\u0103 <strong>&#8211; specializ\u0103rile Fizic\u0103 medical\u0103 \u0219i Fizic\u0103 tehnologic\u0103 (B\u0103l\u0163i \u2013 R.Moldova)<\/strong><\/span><\/a><\/h3>\n<h3><a href=\"https:\/\/www.phys.uaic.ro\/wp-content\/uploads\/2025\/07\/rezultate-licenta-F-FI.pdf\" target=\"_blank\" rel=\"noopener\"><span style=\"color: #0000ff;\">Rezultatele examenului de licen\u021b\u0103 <strong>&#8211; specializ\u0103rile Fizic\u0103 \u0219i Fizic\u0103 informatic\u0103<\/strong><\/span><\/a><\/h3>\n<h3><span style=\"font-size: 12pt;\"><a href=\"https:\/\/www.phys.uaic.ro\/wp-content\/uploads\/2025\/07\/Programarea-candidatilor-pentru-sustinerea-lucrarii-de-licenta_Fizica-medicala-si-Fizica-tehnologica.pdf\" target=\"_blank\" rel=\"noopener\">Programarea candida\u021bilor de la specializ\u0103rile <span style=\"color: #ff0000;\"><em>Fizic\u0103 medical\u0103<\/em> \u0219i <em>Fizic\u0103 tehnologic\u0103 (B\u0103l\u0163i \u2013 R.Moldova)<\/em><\/span><em> \u2013<\/em> 7 iulie 2025, ora 11, sala L1<\/a><\/span><\/h3>\n<h3><span style=\"font-size: 12pt;\"><a href=\"https:\/\/www.phys.uaic.ro\/wp-content\/uploads\/2025\/07\/Programarea-candidatilor-pentru-sustinerea-lucrarii-de-licenta_FizicaFizica-informatica_.pdf\" target=\"_blank\" rel=\"noopener\">Programarea candida\u021bilor de la specializ\u0103rile <span style=\"color: #ff0000;\"><em>Fizic\u0103 \u0219i Fizic\u0103 informatic\u0103<\/em><\/span> \u00a0\u2013 7 iulie 2025, ora 8.30, Lab. Fizica St\u0103rii Solide\u00a0<\/a><\/span><\/h3>\n<p>&nbsp;<\/p>\n<p><em><a href=\"https:\/\/www.phys.uaic.ro\/wp-content\/uploads\/2025\/07\/Licenta_iulie-2025.pdf\" target=\"_blank\" rel=\"noopener\">Lista absolven\u021bilor care au dreptul s\u0103 se prezinte la sus\u021binerea examenului de LICEN\u021a\u0102\/DIPLOM\u0102 \u00een sesiunea iulie 2025<\/a><\/em><\/p>\n<p class=\"entry-header\"><span style=\"font-family: georgia, palatino, serif;\"><span style=\"font-size: 14pt;\">Perioada de \u00eenscriere la examenul de licen\u0163\u0103\/diplom\u0103:<\/span><\/span><\/p>\n<div class=\"entry-content\">\n<ul>\n<li><strong><span style=\"font-family: georgia, palatino, serif;\"><em><span style=\"font-size: 14pt;\">30 iunie &#8211; 3 iulie 2025, ora 12<\/span><\/em><\/span><\/strong><\/li>\n<\/ul>\n<p><span style=\"font-family: georgia, palatino, serif;\"><span style=\"font-size: 14pt;\">Sus\u0163inerea examenului de licen\u0163\u0103\/diplom\u0103 (doar cei care au dob\u00e2ndit calitatea de absolvent):<\/span><\/span><\/p>\n<ul>\n<li><strong><span style=\"font-family: georgia, palatino, serif;\"><em><span style=\"font-size: 14pt;\">7 iulie 2025<\/span><\/em><\/span><\/strong><\/li>\n<\/ul>\n<h3><\/h3>\n<h3><b>I<\/b>nscrierea la examenul de licen\u021b\u0103\/diplom\u0103:<\/h3>\n<p>In perioada<span style=\"color: #ff0000;\"> <strong>30 iunie &#8211; 3 iulie 2025, ora 12<\/strong><\/span>, candidatul <strong>va depune la secretariatul facult\u0103\u021bii<\/strong> urm\u0103toarele documente:<\/p>\n<ul>\n<li><a href=\"https:\/\/www.phys.uaic.ro\/wp-content\/uploads\/2025\/06\/Fisa_inscriere_finalizare_studii_iulie2025_aprobatSenat30.01.2025.pdf\">cererea de \u00eenscriere completat\u0103 cu albastru<\/a>;<\/li>\n<li>copie certificat de na\u0219tere;<\/li>\n<li>copie carte de identitate;<\/li>\n<li>Diploma de Bacalaureat sau echivalent\u0103, \u00een original,<\/li>\n<li>Atestatul de recunoa\u0219tere a diplomelor, eliberat de c\u0103tre Centrul Na\u021bional de Recunoa\u0219tere \u0219i Echivalare a Diplomelor (unde e cazul),<\/li>\n<li><strong>lucrarea de licen\u021b\u0103\/diplom\u0103<\/strong>, <strong>listata fata-verso, va avea atasate la finalul ei\u00a0<\/strong><a href=\"https:\/\/www.phys.uaic.ro\/wp-content\/uploads\/2025\/06\/2022-Declaratie-autenticitate_licenta.pdf\">declara\u021bia privind autenticitatea<\/a> con\u021binutului\u00a0 lucr\u0103rii de licen\u021b\u0103\/diplom\u0103 semnat\u0103 de <strong>candidat \u0219i coordonator<\/strong> \u0219i <a href=\"https:\/\/www.phys.uaic.ro\/wp-content\/uploads\/2025\/06\/DECLARATIE-AI-Fizica-2025.docx\">declara\u021bia cu privire la utilizarea programelor de inteligen\u021b\u0103 artificial\u0103 generativ\u0103 (GenAI)<\/a>, ca urmare a prevederilor din Regulamentul privind organizarea \u015fi desf\u0103\u015furarea examenelor de absolvire, licen\u0163\u0103\/diplom\u0103 \u015fi diserta\u0163ie (sesiunile: iulie 2025, septembrie 2025 \u015fi februarie 2026). Lucrarea <strong>va fi legata cu carton subtire (ca un caiet),<\/strong><\/li>\n<li>chitan\u0163a de plat\u0103 a taxei (200 lei) \u00een cazul repet\u0103rii examenului.<\/li>\n<\/ul>\n<p>&nbsp;<\/p>\n<p><strong>\u00a0<\/strong>Formulare licen\u021b\u0103<\/p>\n<\/div>\n<div class=\"entry-content\">\n<ul>\n<li style=\"list-style-type: none;\">\n<ul>\n<li><strong><a href=\"https:\/\/www.phys.uaic.ro\/wp-content\/uploads\/2025\/06\/Fisa_inscriere_finalizare_studii_iulie2025.docx\" target=\"_blank\" rel=\"noopener\"><em>Cerere pentru \u00eenscrierea la examenul de licen\u0163\u0103\/diplom\u0103 sesiunea iulie 2025<\/em><\/a><\/strong>\u00a0 \u00a0 [Word]<\/li>\n<li><strong><a href=\"https:\/\/www.phys.uaic.ro\/wp-content\/uploads\/2025\/06\/2022-Declaratie-autenticitate_licenta.pdf\" target=\"_blank\" rel=\"noopener\"><em>Declara\u021bia privind autenticitatea lucr\u0103rii de licen\u021b\u0103\/diplom\u0103<\/em><\/a><\/strong><\/li>\n<li><strong><em><a href=\"https:\/\/www.phys.uaic.ro\/wp-content\/uploads\/2025\/06\/DECLARATIE-AI-Fizica-2025.docx\" target=\"_blank\" rel=\"noopener\">Declara\u021bia cu privire la utilizarea programelor de inteligen\u021b\u0103 artificial\u0103 generativ\u0103 (GenAI)<\/a><\/em><\/strong>\u00a0 \u00a0 [Word]<\/li>\n<\/ul>\n<\/li>\n<\/ul>\n<\/div>\n<p>&nbsp;<\/p>\n<p><span style=\"font-size: 14pt;\"><strong>Comisiile pentru examenul de finalizare a studiilor<\/strong><\/span><\/p>\n<p>&nbsp;<\/p>\n<p>Specializ\u0103rile:<strong> <em>Fizic\u0103 informatic\u0103<\/em> <\/strong>\u0219i <strong><em>Fizic\u0103<\/em><\/strong><\/p>\n<table>\n<tbody>\n<tr>\n<td width=\"100\"><strong>Pre\u0219edinte:<\/strong><\/td>\n<td width=\"200\">Conf. univ. dr. Cristian BABAN<\/td>\n<\/tr>\n<tr>\n<td width=\"100\"><strong>Membri:<\/strong><\/td>\n<td width=\"200\">Lect. univ. dr. Paul GASNER<br \/>\nLect. univ. dr. Petronel POSTOLACHE<\/td>\n<\/tr>\n<tr>\n<td width=\"100\"><strong>Secretar de comisie:<\/strong><\/td>\n<td width=\"200\">Lect. univ. dr. Leontin P\u0102DURARIU<\/td>\n<\/tr>\n<tr>\n<td width=\"100\"><strong>Membri suplean\u021bi: <\/strong><\/td>\n<td width=\"200\">Prof. univ. dr. habil. Lauren\u021biu STOLERIU<br \/>\nProf. univ. dr. Diana-Mihaela MARDARE<\/td>\n<\/tr>\n<\/tbody>\n<\/table>\n<p><strong>\u00a0<\/strong><\/p>\n<p>Specializ\u0103rile:<strong> <em>Fizic\u0103 medical\u0103 <\/em><\/strong>\u0219i<em> <strong>Fizica tehnologic\u0103<\/strong><\/em><\/p>\n<table>\n<tbody>\n<tr>\n<td width=\"100\"><strong>Pre\u0219edinte:<\/strong><\/td>\n<td width=\"200\">Prof. univ. dr. habil. Ionu\u021b-Cristian TOPAL\u0102<\/td>\n<\/tr>\n<tr>\n<td width=\"100\"><strong>Membri:<\/strong><\/td>\n<td width=\"200\">Conf. univ. dr. Florin BR\u00ceNZ\u0102<br \/>\nLect. univ. dr. C\u0103t\u0103lin AGHEORGHIESEI<\/td>\n<\/tr>\n<tr>\n<td width=\"100\"><strong>Secretar de comisie:<\/strong><\/td>\n<td width=\"200\">Conf. univ. dr. habil. Lavinia-Petronela CURECHERIU<\/td>\n<\/tr>\n<tr>\n<td width=\"100\"><strong>Membri suplean\u021bi: <\/strong><\/td>\n<td width=\"200\">Prof. univ. dr. habil. Gabriela BORCIA<br \/>\nConf. univ. dr. Valentin POHOA\u021a\u0102<\/td>\n<\/tr>\n<\/tbody>\n<\/table>\n<p>&nbsp;<\/p>\n<p><strong>Comisia de contesta\u021bii:<\/strong><\/p>\n<table>\n<tbody>\n<tr>\n<td width=\"100\"><strong>Pre\u0219edinte:<\/strong><\/td>\n<td width=\"200\">Prof. univ. dr. Liliana MITO\u0218ERIU<\/td>\n<\/tr>\n<tr>\n<td width=\"100\"><strong>Membri:<\/strong><\/td>\n<td width=\"200\">Prof. univ. dr. Aura-Marina DARIESCU<br \/>\nProf. univ. dr. habil. Silviu-Octavian GURLUI<\/td>\n<\/tr>\n<tr>\n<td width=\"100\"><strong>Secretar de comisie:<\/strong><\/td>\n<td width=\"200\">Lect. univ. dr. Laura-Ioana VELICU<\/td>\n<\/tr>\n<tr>\n<td width=\"100\"><strong>Membri suplean\u021bi: <\/strong><\/td>\n<td width=\"200\">Lect. univ. dr. Laura-Iulia ANI\u021aA<br \/>\nLect. univ. dr. Octavian RUSU<\/td>\n<\/tr>\n<\/tbody>\n<\/table>\n<p>&nbsp;<\/p>\n<div class=\"entry-content\">\n<p><a href=\"https:\/\/www.phys.uaic.ro\/wp-content\/uploads\/2025\/06\/Regulament_finalizare_studii_iulie2025_aprobatSenat30.01.2025.pdf\" target=\"_blank\" rel=\"noopener\"><strong>Regulament privind organizarea \u015fi desf\u0103\u0219urarea examenelor de absolvire, licen\u021b\u0103\/diplom\u0103 \u0219i diserta\u021bie (sesiunile: iulie 2025, septembrie 2025 \u0219i februarie 2026)<\/strong><\/a><\/p>\n<\/div>\n","protected":false},"excerpt":{"rendered":"<p>Tematica \u0219i subiecte pentru examenul de licen\u021b\u0103\/diplom\u0103 &#8211; sesiunea iulie 2025: Cuno\u015ftin\u0163e fundamentale: Fizic\u0103 general\u0103 &#8211; obligatorii pentru toate specializ\u0103rile Cuno\u015ftin\u0163e de specialitate : Fizic\u0103\u00a0 Cuno\u015ftin\u0163e de specialitate : Fizic\u0103 medical\u0103 Cuno\u015ftin\u0163e de specialitate : Fizic\u0103 informatic\u0103 Cuno\u015ftin\u0163e de specialitate : Fizic\u0103 tehnologic\u0103 Rezultatele examenului de licen\u021b\u0103 &#8211; specializ\u0103rile Fizic\u0103 medical\u0103 \u0219i Fizic\u0103 tehnologic\u0103 (B\u0103l\u0163i \u2013 R.Moldova) Rezultatele\u2026 <span class=\"read-more\"><a href=\"https:\/\/www.phys.uaic.ro\/index.php\/examenul-de-licenta-diploma-sesiunea-iulie-2025\/\">Read More &raquo;<\/a><\/span><\/p>\n","protected":false},"author":4,"featured_media":0,"parent":0,"menu_order":0,"comment_status":"closed","ping_status":"closed","template":"","meta":{"footnotes":""},"class_list":["post-23763","page","type-page","status-publish","hentry"],"_links":{"self":[{"href":"https:\/\/www.phys.uaic.ro\/index.php\/wp-json\/wp\/v2\/pages\/23763","targetHints":{"allow":["GET"]}}],"collection":[{"href":"https:\/\/www.phys.uaic.ro\/index.php\/wp-json\/wp\/v2\/pages"}],"about":[{"href":"https:\/\/www.phys.uaic.ro\/index.php\/wp-json\/wp\/v2\/types\/page"}],"author":[{"embeddable":true,"href":"https:\/\/www.phys.uaic.ro\/index.php\/wp-json\/wp\/v2\/users\/4"}],"replies":[{"embeddable":true,"href":"https:\/\/www.phys.uaic.ro\/index.php\/wp-json\/wp\/v2\/comments?post=23763"}],"version-history":[{"count":0,"href":"https:\/\/www.phys.uaic.ro\/index.php\/wp-json\/wp\/v2\/pages\/23763\/revisions"}],"wp:attachment":[{"href":"https:\/\/www.phys.uaic.ro\/index.php\/wp-json\/wp\/v2\/media?parent=23763"}],"curies":[{"name":"wp","href":"https:\/\/api.w.org\/{rel}","templated":true}]}}