{"id":23770,"date":"2025-01-28T09:01:13","date_gmt":"2025-01-28T07:01:13","guid":{"rendered":"https:\/\/www.phys.uaic.ro\/?page_id=23770"},"modified":"2025-07-07T18:31:04","modified_gmt":"2025-07-07T15:31:04","slug":"examenul-de-disertatie-sesiunea-iulie-2025","status":"publish","type":"page","link":"https:\/\/www.phys.uaic.ro\/index.php\/examenul-de-disertatie-sesiunea-iulie-2025\/","title":{"rendered":"Examenul de diserta\u0163ie \u2013 Sesiunea iulie 2025"},"content":{"rendered":"<header><a href=\"https:\/\/www.phys.uaic.ro\/wp-content\/uploads\/2025\/07\/Situatie-finala-BFM.pdf\" target=\"_blank\" rel=\"noopener\"><span style=\"font-size: 14pt;\"><strong>Rezultate diserta\u021bie &#8211; specializarea &#8222;Biofizic\u0103 \u0219i fizica medical\u0103&#8221;<\/strong><\/span><\/a><\/header>\n<header><\/header>\n<header><span style=\"font-size: 14pt;\"><span style=\"font-size: 14pt;\"><strong><a href=\"https:\/\/www.phys.uaic.ro\/wp-content\/uploads\/2025\/07\/KOO_rezultate.pdf\" target=\"_blank\" rel=\"noopener\">Rezultate disertatie &#8211; specializarile &#8222;Metode fizice aplicate \u00een kinetoterapie \u0219i recuperare medical\u0103\u201d \u015fi \u201eOptic\u0103 \u0219i optometrie\u201d<\/a><\/strong><\/span><\/span><\/header>\n<header><strong><span style=\"font-size: 14pt;\"><a href=\"https:\/\/www.phys.uaic.ro\/wp-content\/uploads\/2025\/07\/Rezultate-disertatie-iulie-2025-comisia-FAT-FATIC-Balti-anonim.pdf\" target=\"_blank\" rel=\"noopener\">Rezultate disertatie &#8211; specializarile &#8222;Fizica pentru tehnologii avansate&#8221; (in lb.engleza) si &#8222;Fizica aplicata in tehnologiile informatiei si comunicatii&#8221;<\/p>\n<p><\/a><\/span><\/strong><\/header>\n<header><\/header>\n<header><\/header>\n<header><\/header>\n<header class=\"entry-header\"><span style=\"font-size: 12pt;\"><em><a href=\"https:\/\/www.phys.uaic.ro\/wp-content\/uploads\/2025\/07\/programare-master-BFM.pdf\" target=\"_blank\" rel=\"noopener\"><span style=\"color: #0000ff;\">Programarea candidat\u0326ilor de la specializarea <span style=\"color: #ff0000;\">\u201cBiofizic\u0103 \u0219i fizic\u0103 medical\u0103\u201d<\/span><span style=\"color: #3366ff;\">\u2013 <\/span><\/span><span style=\"color: #000000;\"><span style=\"color: #0000ff;\"><span style=\"color: #3366ff;\"><br \/>\n<span style=\"color: #0000ff;\">7 iulie 2025, ora 8:00, Laboratorul de Plasm\u0103<\/span><\/span><\/span><\/span><\/a><\/em><\/span><\/header>\n<header><\/header>\n<header><\/header>\n<header><span style=\"font-size: 12pt;\"><a href=\"https:\/\/www.phys.uaic.ro\/wp-content\/uploads\/2025\/07\/programare-disertatie-iulie-2025-comisia-FAT-FATIC-Balti.pdf\" target=\"_blank\" rel=\"noopener\"><em><span style=\"color: #3366ff;\"><span style=\"color: #0000ff;\">Programarea candida\u0163ilor de la specializarile<\/span> \u201e<\/span><span style=\"color: #ff0000;\">Fizica pentru tehnologii avansate (\u00een lb. englez\u0103)<\/span> <span style=\"color: #0000ff;\">si<\/span> <span style=\"color: #ff0000;\">Fizic\u0103 aplicat\u0103 \u00een tehnologiile informa\u021biei \u0219i comunica\u021bii <span style=\"color: #3366ff;\">\u2013<br \/>\n<span style=\"color: #0000ff;\">7 iulie 2025, ora 13:20, Laboratorul de Autoorganizare<\/span><\/span><\/span><\/em><\/a><\/span>\u00a0<\/header>\n<header><a href=\"https:\/\/www.phys.uaic.ro\/wp-content\/uploads\/2025\/07\/Programare-candidati-master-KOO-pe-ore.pdf\"><em><span style=\"color: #0000ff; font-size: 14pt;\"><span style=\"font-size: 12pt;\">Programarea candida\u0163ilor de la specializ\u0103rile <span style=\"color: #ff0000;\">\u201dMetode fizice aplicate \u00een kinetoterapie \u0219i recuperare medical\u0103\u201d<\/span> \u015fi <span style=\"color: #ff0000;\">\u201eOptic\u0103 \u0219i optometrie\u201d<\/span> \u2013 7 iulie 2025, ora 9:20, Laborator Optic\u0103<\/span><\/span><\/em><\/a><\/header>\n<header><\/header>\n<header><\/header>\n<header><\/header>\n<header><\/header>\n<header><\/header>\n<header><\/header>\n<header><\/header>\n<header class=\"entry-header\"><strong>Lista absolven\u021bilor inscrisi la sus\u021binerea lucr\u0103rii de DISERTA\u021aIE \u00een sesiunea iulie 2025<\/strong><\/p>\n<h1><span style=\"font-size: 14pt;\"><em><b>Perioada de \u00eenscriere la examenul de <strong>diserta\u0163ie<\/strong>:<\/b><\/em><\/span><\/h1>\n<\/header>\n<div class=\"entry-content\">\n<ul>\n<li><span style=\"font-size: 14pt;\"><span style=\"color: #ff0000;\"><strong>30 iunie &#8211; <\/strong><strong>3 iulie 2025, ora 12<\/strong><\/span>,<\/span><\/li>\n<\/ul>\n<h3><span style=\"font-size: 14pt;\"><em><b>Sus\u0163inerea examenului de diserta\u021bie (doar cei care au dob\u00e2ndit calitatea de absolvent):<\/b><\/em><\/span><\/h3>\n<ul>\n<li><span style=\"font-size: 14pt; color: #ff0000;\"><strong>7 iulie 2025.<\/strong><\/span><\/li>\n<\/ul>\n<p>&nbsp;<\/p>\n<h3><b>I<\/b>nscrierea la examenul de diserta\u021bie:<\/h3>\n<p>In perioada <strong>30 iunie &#8211; 3 iulie 2025, ora 12<\/strong>, candidatul <strong>va depune la secretariatul facult\u0103\u021bii<\/strong> urm\u0103toarele documente:<\/p>\n<ul>\n<li><a href=\"https:\/\/www.phys.uaic.ro\/wp-content\/uploads\/2025\/06\/Fisa_inscriere_finalizare_studii_iulie2025_aprobatSenat30.01.2025.pdf\" target=\"_blank\" rel=\"noopener\">cererea de \u00eenscriere completat\u0103 cu albastru<\/a>;<\/li>\n<li>copie certificat de na\u0219tere;<\/li>\n<li>copie carte de identitate;<\/li>\n<li>Diploma de Bacalaureat sau echivalent\u0103, \u00een original,<\/li>\n<li>Diploma de licen\u021b\u0103 \u0219i Suplimentul la Diplom\u0103\/Foaie Matricol\u0103 \u00een original,<\/li>\n<li>Atestatul de recunoa\u0219tere a diplomelor, eliberat de c\u0103tre Centrul Na\u021bional de Recunoa\u0219tere \u0219i Echivalare a Diplomelor (unde e cazul),<\/li>\n<li><strong>Lucrarea de diserta\u021bie<\/strong>, <strong>listata fata-verso, va avea atasate la finalul ei\u00a0<\/strong><a href=\"https:\/\/www.phys.uaic.ro\/wp-content\/uploads\/2025\/06\/2025-Declaratie-autenticitate_disertatie.pdf\" target=\"_blank\" rel=\"noopener\">declara\u021bia privind autenticitatea con\u021binutului lucr\u0103rii de diserta\u021bie<\/a> semnat\u0103 de <strong>candidat \u0219i coordonator \u0219i <\/strong><a href=\"https:\/\/www.phys.uaic.ro\/wp-content\/uploads\/2025\/06\/DECLARATIE-AI-Fizica-2025.docx\">declara\u021bia cu privire la utilizarea programelor de inteligen\u021b\u0103 artificial\u0103 generativ\u0103 (GenAI)<\/a>, ca urmare a prevederilor din Regulamentul privind organizarea \u015fi desf\u0103\u015furarea examenelor de absolvire, licen\u0163\u0103\/diplom\u0103 \u015fi diserta\u0163ie (sesiunile: iulie 2025, septembrie 2025 \u015fi februarie 2026). Lucrarea <strong>va fi legata cu carton subtire (ca un caiet).<\/strong><\/li>\n<li>chitan\u0163a de plat\u0103 a taxei (200 lei) \u00een cazul repet\u0103rii examenului.<\/li>\n<\/ul>\n<ul>\n<li style=\"list-style-type: none;\"><\/li>\n<\/ul>\n<p>Formulare diserta\u021bie:<\/p>\n<ul>\n<li><span style=\"color: #ff0000;\"><strong><a style=\"color: #ff0000;\" href=\"https:\/\/www.phys.uaic.ro\/wp-content\/uploads\/2025\/06\/Fisa_inscriere_finalizare_studii_iulie2025.docx\" target=\"_blank\" rel=\"noopener\">Cerere pentru \u00eenscrierea la examenul de licen\u0163\u0103\/diplom\u0103 sesiunea iulie 2025<\/a><\/strong>\u00a0 \u00a0<\/span> [Word]<\/li>\n<li><span style=\"color: #ff0000;\"><strong><a style=\"color: #ff0000;\" href=\"https:\/\/www.phys.uaic.ro\/wp-content\/uploads\/2025\/06\/2025-Declaratie-autenticitate_disertatie.pdf\" target=\"_blank\" rel=\"noopener\">Declara\u021bia privind autenticitatea con\u021binutului lucr\u0103rii de diserta\u021bie<\/a><\/strong><\/span><\/li>\n<li><span style=\"color: #ff0000;\"><strong><a style=\"color: #ff0000;\" href=\"https:\/\/www.phys.uaic.ro\/wp-content\/uploads\/2025\/06\/DECLARATIE-AI-Fizica-2025.docx\" target=\"_blank\" rel=\"noopener\">Declara\u021bia cu privire la utilizarea programelor de inteligen\u021b\u0103 artificial\u0103 generativ\u0103 (GenAI)<\/a>\u00a0<em> \u00a0 \u00a0[<a style=\"color: #ff0000;\" href=\"https:\/\/www.phys.uaic.ro\/wp-content\/uploads\/2025\/06\/DECLARATIE-AI-Fizica-2025.docx\" target=\"_blank\" rel=\"noopener\">Word<\/a>]\u00a0 [<a style=\"color: #ff0000;\" href=\"https:\/\/www.phys.uaic.ro\/wp-content\/uploads\/2025\/06\/DECLARATIE-AI-Fizica-2025.pdf\" target=\"_blank\" rel=\"noopener\">PDF<\/a>]<\/em><\/strong><\/span><\/li>\n<\/ul>\n<\/div>\n<p>&nbsp;<\/p>\n<p><span style=\"font-size: 14pt;\"><strong>Comisiile pentru examenul de finalizare a studiilor<\/strong><\/span><\/p>\n<p>Specializ\u0103rile:<\/p>\n<ul>\n<li><strong><em>Fizica pentru tehnologii avansate (\u00een limba englez\u0103)<\/em><\/strong><\/li>\n<li><strong><em>Fizic\u0103 aplicat\u0103 \u00een tehnologiile informa\u021biei \u0219i comunica\u021bii<\/em><\/strong><\/li>\n<\/ul>\n<table>\n<tbody>\n<tr>\n<td width=\"140\"><strong>Pre\u0219edinte:<\/strong><\/td>\n<td width=\"300\">Prof. univ. dr. habil. Claudiu COSTIN<\/td>\n<\/tr>\n<tr>\n<td width=\"140\"><strong>Membri:<\/strong><\/td>\n<td width=\"300\">Conf. univ. dr. Sebastian POPESCU<\/p>\n<p>Conf. univ. dr. Valentin POHOA\u021a\u0102<\/td>\n<\/tr>\n<tr>\n<td width=\"140\"><strong>Secretar de comisie:<\/strong><\/td>\n<td width=\"300\">Conf. univ. dr. Radu TANAS\u0102<\/td>\n<\/tr>\n<tr>\n<td width=\"140\"><strong>Membri suplean\u021bi: <\/strong><\/td>\n<td width=\"300\">Conf. univ. dr. Dorin CIMPOE\u0218U<br \/>\nProf. univ. dr. habil. Lauren\u021biu STOLERIU<\/td>\n<\/tr>\n<\/tbody>\n<\/table>\n<p><strong>\u00a0<\/strong><strong>\u00a0<\/strong><\/p>\n<p>Specializarea:<strong> <em>Biofizic\u0103 \u0219i fizic\u0103 medical\u0103 (\u00een limba englez\u0103)<\/em><\/strong><\/p>\n<table>\n<tbody>\n<tr>\n<td width=\"140\"><strong>Pre\u0219edinte:<\/strong><\/td>\n<td width=\"300\">Prof. univ. dr. Tudor LUCHIAN<\/td>\n<\/tr>\n<tr>\n<td width=\"140\"><strong>Membri:<\/strong><\/td>\n<td width=\"300\">Conf. univ. dr. C\u0103t\u0103lin-Gabriel BORCIA<br \/>\nLect. univ. dr. Dan MIH\u0102ILESCU<\/td>\n<\/tr>\n<tr>\n<td width=\"130\"><strong>Secretar de comisie:<\/strong><\/td>\n<td width=\"300\">Lect. univ. dr. Laura-Ioana VELICU<\/td>\n<\/tr>\n<tr>\n<td width=\"140\"><strong>Membri suplean\u021bi: <\/strong><\/td>\n<td width=\"300\">Conf. univ. dr. habil. Lavinia-Petronela CURECHERIU<br \/>\nProf. univ. dr. habil. Ionu\u021b-Cristian TOPAL\u0102<\/td>\n<\/tr>\n<\/tbody>\n<\/table>\n<p>&nbsp;<\/p>\n<p>Specializ\u0103rile:<\/p>\n<ul>\n<li><strong><em>Metode fizice aplicate \u00een kinetoterapie \u0219i recuperare medical\u0103<\/em><\/strong><\/li>\n<li><strong><em>Optic\u0103 \u0219i Optometrie<\/em><\/strong><\/li>\n<\/ul>\n<table>\n<tbody>\n<tr>\n<td width=\"140\"><strong>Pre\u0219edinte:<\/strong><\/td>\n<td width=\"300\">Prof. univ. dr. habil. Loredana-Cristina MEREU\u021a\u0102<\/td>\n<\/tr>\n<tr>\n<td width=\"140\"><strong>Membri:<\/strong><\/td>\n<td width=\"300\">Conf. univ. dr. Silvia-Alina CHIPER<br \/>\nLect. univ. dr. Bogd\u0103nel-Silvestru MUNTEANU<\/td>\n<\/tr>\n<tr>\n<td width=\"140\"><strong>Secretar de comisie:<\/strong><\/td>\n<td width=\"300\">Lect. univ. dr. Daniel RADU<\/td>\n<\/tr>\n<tr>\n<td width=\"140\"><strong>Membri suplean\u021bi: <\/strong><\/td>\n<td width=\"300\">Lect. univ. dr. Laura-Iulia ANI\u021aA<br \/>\nProf. univ. dr. habil. Silviu-Octavian GURLUI<\/td>\n<\/tr>\n<\/tbody>\n<\/table>\n<p>&nbsp;<\/p>\n<p>Comisia de contesta\u021bii:<\/p>\n<table>\n<tbody>\n<tr>\n<td width=\"140\"><strong>Pre\u0219edinte:<\/strong><\/td>\n<td width=\"300\">Prof. univ. dr. habil. Gabriela BORCIA<\/td>\n<\/tr>\n<tr>\n<td width=\"140\"><strong>Membri:<\/strong><\/td>\n<td width=\"300\">Prof. univ. dr. habil. Lucel S\u00ceRGHI<br \/>\nProf. univ. dr. Aura-Marina DARIESCU<\/td>\n<\/tr>\n<tr>\n<td width=\"140\"><strong>Secretar de comisie:<\/strong><\/td>\n<td width=\"140\">Lect. univ. dr. Octavian RUSU<\/td>\n<\/tr>\n<tr>\n<td width=\"140\"><strong>Membri suplean\u021bi: <\/strong><\/td>\n<td width=\"300\">Conf. univ. dr. Laura-Marinela AILIOAIE<br \/>\nLect. univ. dr. C\u0103t\u0103lin AGHEORGHIESEI<\/td>\n<\/tr>\n<\/tbody>\n<\/table>\n<p>&nbsp;<\/p>\n<p><a href=\"https:\/\/www.phys.uaic.ro\/wp-content\/uploads\/2025\/06\/Regulament_finalizare_studii_iulie2025_aprobatSenat30.01.2025.pdf\" target=\"_blank\" rel=\"noopener\"><strong>Regulament privind organizarea \u015fi desf\u0103\u0219urarea examenelor de absolvire, licen\u021b\u0103\/diplom\u0103 \u0219i diserta\u021bie (sesiunile: iulie 2025, septembrie 2025 \u0219i februarie 2026)<\/strong><\/a><\/p>\n","protected":false},"excerpt":{"rendered":"<p>Rezultate diserta\u021bie &#8211; specializarea &#8222;Biofizic\u0103 \u0219i fizica medical\u0103&#8221; Rezultate disertatie &#8211; specializarile &#8222;Metode fizice aplicate \u00een kinetoterapie \u0219i recuperare medical\u0103\u201d \u015fi \u201eOptic\u0103 \u0219i optometrie\u201d Rezultate disertatie &#8211; specializarile &#8222;Fizica pentru tehnologii avansate&#8221; (in lb.engleza) si &#8222;Fizica aplicata in tehnologiile informatiei si comunicatii&#8221; Programarea candidat\u0326ilor de la specializarea \u201cBiofizic\u0103 \u0219i fizic\u0103 medical\u0103\u201d\u2013 7 iulie 2025, ora 8:00, Laboratorul de\u2026 <span class=\"read-more\"><a href=\"https:\/\/www.phys.uaic.ro\/index.php\/examenul-de-disertatie-sesiunea-iulie-2025\/\">Read More &raquo;<\/a><\/span><\/p>\n","protected":false},"author":4,"featured_media":0,"parent":0,"menu_order":0,"comment_status":"closed","ping_status":"closed","template":"","meta":{"footnotes":""},"class_list":["post-23770","page","type-page","status-publish","hentry"],"_links":{"self":[{"href":"https:\/\/www.phys.uaic.ro\/index.php\/wp-json\/wp\/v2\/pages\/23770","targetHints":{"allow":["GET"]}}],"collection":[{"href":"https:\/\/www.phys.uaic.ro\/index.php\/wp-json\/wp\/v2\/pages"}],"about":[{"href":"https:\/\/www.phys.uaic.ro\/index.php\/wp-json\/wp\/v2\/types\/page"}],"author":[{"embeddable":true,"href":"https:\/\/www.phys.uaic.ro\/index.php\/wp-json\/wp\/v2\/users\/4"}],"replies":[{"embeddable":true,"href":"https:\/\/www.phys.uaic.ro\/index.php\/wp-json\/wp\/v2\/comments?post=23770"}],"version-history":[{"count":0,"href":"https:\/\/www.phys.uaic.ro\/index.php\/wp-json\/wp\/v2\/pages\/23770\/revisions"}],"wp:attachment":[{"href":"https:\/\/www.phys.uaic.ro\/index.php\/wp-json\/wp\/v2\/media?parent=23770"}],"curies":[{"name":"wp","href":"https:\/\/api.w.org\/{rel}","templated":true}]}}