{"id":24160,"date":"2025-02-24T14:47:15","date_gmt":"2025-02-24T12:47:15","guid":{"rendered":"https:\/\/www.phys.uaic.ro\/?page_id=24160"},"modified":"2025-02-26T11:32:37","modified_gmt":"2025-02-26T09:32:37","slug":"examenul-de-licenta-sesiunea-februarie-2025","status":"publish","type":"page","link":"https:\/\/www.phys.uaic.ro\/index.php\/examenul-de-licenta-sesiunea-februarie-2025\/","title":{"rendered":"Examenul de licen\u021b\u0103 \u2013 Sesiunea februarie 2025"},"content":{"rendered":"<header><em><strong><a href=\"https:\/\/www.phys.uaic.ro\/wp-content\/uploads\/2022\/03\/Tematici_licenta.pdf\">Tematica pentru examenul de licen\u021b\u0103\/diploma \u2013 sesiunea iulie 2024,\u00a0 feb. 2025<\/a><\/strong><\/em><\/header>\n<header><\/header>\n<header class=\"entry-header\"><a href=\"https:\/\/www.phys.uaic.ro\/wp-content\/uploads\/2022\/06\/Subiecte-licenta-2022_V1.pdf\"><strong><em>Subiecte Licenta 2024<\/em><\/strong><\/a><\/header>\n<h1><a href=\"https:\/\/www.phys.uaic.ro\/wp-content\/uploads\/2025\/02\/Rezultate-finale-licenta-FEB-2025.pdf\" target=\"_blank\" rel=\"noopener\"><span style=\"font-size: 18pt;\"><span style=\"color: #ff0000;\"><em>Rezultatele examenului de licen\u021b\u0103 \u2013 sesiunea februarie 2025<\/em><\/span><\/span><\/a><\/h1>\n<h3><b>Sus\u0163inerea examenului de <\/b><b>licen\u0163\u0103:<\/b><\/h3>\n<ul>\n<li><strong>miercuri, <span style=\"color: #ff0000;\">26 februarie 2025<\/span>, ora <span style=\"color: #ff0000;\">8:30<\/span>, sala L1.<\/strong><\/li>\n<\/ul>\n<h3><\/h3>\n<h3><a href=\"https:\/\/www.phys.uaic.ro\/wp-content\/uploads\/2025\/02\/lista-candidati-licenta-feb-2025.pdf\" target=\"_blank\" rel=\"noopener\"><span style=\"color: #ff0000;\">Lista absolven\u021bilor care au dreptul s\u0103 se prezinte la sus\u021binerea examenului de LICEN\u021a\u0102 \u00een sesiunea februarie 2025<\/span><\/a><\/h3>\n<h3><b>Pa\u0219i de parcurs<\/b> pentru \u00eenscrierea la examenul de licen\u021b\u0103\/diploma:<\/h3>\n<p><strong>\u00a0etapa 1:\u00a0<\/strong> \u00een perioada 20-23 februarie 2025 candidatii vor transmite urm\u0103toarele documente (\u00eentr-un singur mesaj) la adresa de e-mail <em>luca@uaic.ro<\/em>:<\/p>\n<ul>\n<li><a href=\"https:\/\/www.phys.uaic.ro\/wp-content\/uploads\/2025\/02\/cerere_inscriere_licenta_feb-2025.doc\">cererea de \u00eenscriere<\/a> semnat\u0103 cu albastru \u0219i scanat\u0103;<\/li>\n<li>certificat de na\u0219tere scanat;<\/li>\n<li>carte de identitate scanat\u0103;<\/li>\n<li>declara\u021bia coordonatorului lucr\u0103rii de licen\u021b\u0103 care atest\u0103 faptul c\u0103 lucrarea este \u00een analiz\u0103 \u0219i va fi predat\u0103 \u00eenainte de \u00eenceperea examenului (format liber);<\/li>\n<li>chitan\u0163a de plat\u0103 a taxei (200 lei) \u00een cazul repet\u0103rii examenului.<\/li>\n<\/ul>\n<p><strong>etapa 2: <\/strong>coordonatorul trimite dou\u0103 documente pe adresa secretarului de comisie, cu cel pu\u021bin dou\u0103 zile \u00eenainte de data programat\u0103 pentru sus\u021binere, folosind\u00a0 fisiere.uaic.ro:<br \/>\n1. referatul de apreciere (care con\u021bine \u0219i informa\u021bii asupra procentului de similitudini, din platforma Turnitin);<br \/>\n2. lucrarea de licen\u021b\u0103\/diplom\u0103 care con\u021bine \u0219i <a href=\"https:\/\/www.phys.uaic.ro\/wp-content\/uploads\/2022\/05\/Declaratie-autenticitate_disertatie_2021.pdf\" target=\"_blank\" rel=\"noopener\">declara\u021bia privind autenticitatea semnat\u0103 de <strong>candidat \u0219i coordonator<\/strong><\/a>, \u00een format <b>pdf<\/b>.<\/p>\n<header><\/header>\n<header><a href=\"https:\/\/www.phys.uaic.ro\/wp-content\/uploads\/2024\/05\/Regulament_finalizare_studii_2024_aprobatSENAT15.02.2024.pdf\" target=\"_blank\" rel=\"noopener\"><strong>Regulament privind organizarea \u015fi desf\u0103\u015furarea examenelor de absolvire, licen\u0163\u0103\/diplom\u0103 \u0219i diserta\u0163ie (sesiunile: iulie 2024, septembrie 2024 \u0219i februarie 2025)<\/strong><\/a><\/header>\n<header><\/header>\n<header><\/header>\n<header><\/header>\n<header><\/header>\n<header><\/header>\n<ul>\n<li><a href=\"https:\/\/www.phys.uaic.ro\/wp-content\/uploads\/2025\/02\/cerere_inscriere_licenta_feb-2025.doc\">Cerere inscriere <strong>licenta\/diploma<\/strong><\/a><\/li>\n<\/ul>\n<p>&nbsp;<\/p>\n","protected":false},"excerpt":{"rendered":"<p>Tematica pentru examenul de licen\u021b\u0103\/diploma \u2013 sesiunea iulie 2024,\u00a0 feb. 2025 Subiecte Licenta 2024 Rezultatele examenului de licen\u021b\u0103 \u2013 sesiunea februarie 2025 Sus\u0163inerea examenului de licen\u0163\u0103: miercuri, 26 februarie 2025, ora 8:30, sala L1. Lista absolven\u021bilor care au dreptul s\u0103 se prezinte la sus\u021binerea examenului de LICEN\u021a\u0102 \u00een sesiunea februarie 2025 Pa\u0219i de parcurs pentru \u00eenscrierea la examenul\u2026 <span class=\"read-more\"><a href=\"https:\/\/www.phys.uaic.ro\/index.php\/examenul-de-licenta-sesiunea-februarie-2025\/\">Read More &raquo;<\/a><\/span><\/p>\n","protected":false},"author":4,"featured_media":0,"parent":0,"menu_order":0,"comment_status":"closed","ping_status":"closed","template":"","meta":{"footnotes":""},"class_list":["post-24160","page","type-page","status-publish","hentry"],"_links":{"self":[{"href":"https:\/\/www.phys.uaic.ro\/index.php\/wp-json\/wp\/v2\/pages\/24160","targetHints":{"allow":["GET"]}}],"collection":[{"href":"https:\/\/www.phys.uaic.ro\/index.php\/wp-json\/wp\/v2\/pages"}],"about":[{"href":"https:\/\/www.phys.uaic.ro\/index.php\/wp-json\/wp\/v2\/types\/page"}],"author":[{"embeddable":true,"href":"https:\/\/www.phys.uaic.ro\/index.php\/wp-json\/wp\/v2\/users\/4"}],"replies":[{"embeddable":true,"href":"https:\/\/www.phys.uaic.ro\/index.php\/wp-json\/wp\/v2\/comments?post=24160"}],"version-history":[{"count":0,"href":"https:\/\/www.phys.uaic.ro\/index.php\/wp-json\/wp\/v2\/pages\/24160\/revisions"}],"wp:attachment":[{"href":"https:\/\/www.phys.uaic.ro\/index.php\/wp-json\/wp\/v2\/media?parent=24160"}],"curies":[{"name":"wp","href":"https:\/\/api.w.org\/{rel}","templated":true}]}}