{"id":24161,"date":"2025-02-24T14:45:41","date_gmt":"2025-02-24T12:45:41","guid":{"rendered":"https:\/\/www.phys.uaic.ro\/?page_id=24161"},"modified":"2025-02-28T15:03:19","modified_gmt":"2025-02-28T13:03:19","slug":"examenul-de-disertatie-sesiunea-februarie-2025","status":"publish","type":"page","link":"https:\/\/www.phys.uaic.ro\/index.php\/examenul-de-disertatie-sesiunea-februarie-2025\/","title":{"rendered":"Examenul de diserta\u021bie \u2013 Sesiunea februarie 2025"},"content":{"rendered":"<h3><b>Sus\u0163inerea examenului de <\/b><b>diserta\u0163ie:<\/b><\/h3>\n<ul>\n<li><strong><span style=\"color: #ff0000;\"><span style=\"color: #000000;\">vineri,<\/span> 28 februarie 2025<\/span>, ora 12, Lab. Autoorganizare.<\/strong><\/li>\n<\/ul>\n<h3><\/h3>\n<h3><em><span style=\"color: #ff0000;\"><a style=\"color: #ff0000;\" href=\"https:\/\/www.phys.uaic.ro\/wp-content\/uploads\/2025\/02\/rezultate-FMA_feb-2025.pdf\" target=\"_blank\" rel=\"noopener\"><strong>Rezultate diserta\u021bie \u2013 specializarea \u201eFizic\u0103 medical\u0103 aplicat\u0103&#8221; &#8211; 28.02.2025<\/strong><\/a><\/span><\/em><\/h3>\n<h3><span style=\"font-size: 12pt;\"><a href=\"https:\/\/www.phys.uaic.ro\/wp-content\/uploads\/2025\/02\/lista-candidati-disert-feb-2025.pdf\" target=\"_blank\" rel=\"noopener\"><span style=\"color: #ff0000;\"><span style=\"color: #3366ff;\">Lista absolven\u021bilor care au dreptul s\u0103 se prezinte la sus\u021binerea examenului de DISERTATIE \u00een sesiunea februarie 2025<\/span><\/span><\/a><\/span><\/h3>\n<header>\n<h3><b>Pa\u0219i de parcurs<\/b> pentru \u00eenscrierea la examenul de diserta\u0163ie:<\/h3>\n<p><strong>etapa 1<\/strong>: \u00een perioada 20-23 februarie 2025, candidatul va trimite urm\u0103toarele documente (\u00eentr-un singur mesaj) la adresa de e-mail <em>luca@uaic.ro<\/em>:<\/p>\n<ul>\n<li style=\"list-style-type: none;\">\n<ul>\n<li>cererea de \u00eenscriere semnat\u0103 cu albastru \u0219i scanat\u0103;<\/li>\n<li>certificat de na\u0219tere scanat;<\/li>\n<li>carte de identitate scanat\u0103;<\/li>\n<li>diploma de licen\u0163\u0103 + suplimentul la diplom\u0103 pentru cei care nu le-au depus \u00eenc\u0103 la secretariatul facult\u0103\u0163ii;<\/li>\n<li>declara\u021bia coordonatorului lucr\u0103rii de diserta\u0163ie care atest\u0103 faptul c\u0103 lucrarea este \u00een analiz\u0103 \u0219i va fi predat\u0103 \u00eenainte de \u00eenceperea examenului (format liber);<\/li>\n<li>chitan\u0163a de plat\u0103 a taxei (200 lei) \u00een cazul repet\u0103rii examenului.<\/li>\n<\/ul>\n<\/li>\n<\/ul>\n<p><strong>etapa 2: <\/strong>coordonatorul trimite dou\u0103 documente pe adresa secretarului de comisie, cu cel pu\u021bin dou\u0103 zile \u00eenainte de data programat\u0103 pentru sus\u021binere, folosind\u00a0 fisiere.uaic.ro:<br \/>\n1. referatul de apreciere (care con\u021bine \u0219i informa\u021bii asupra procentului de similitudini, din platforma Turnitin);<br \/>\n2. lucrarea de diserta\u0163ie care con\u021bine \u0219i <a href=\"https:\/\/www.phys.uaic.ro\/wp-content\/uploads\/2022\/05\/Declaratie-autenticitate_disertatie_2021.pdf\" target=\"_blank\" rel=\"noopener\">declara\u021bia privind autenticitatea semnat\u0103 de <strong>candidat \u0219i coordonator<\/strong><\/a>, \u00een format <b>pdf<\/b>.<\/p>\n<header><\/header>\n<header><\/header>\n<header><\/header>\n<header><\/header>\n<header><\/header>\n<ul>\n<li><a href=\"https:\/\/www.phys.uaic.ro\/wp-content\/uploads\/2025\/02\/2025-feb_cerere_inscriere_DISERTATIE_BFMFTA_cu-predare-in-lb-engl-1.pdf\" target=\"_blank\" rel=\"noopener\">Cerere pentru \u00eenscrierea la examenul de diserta\u0163ie sesiunea februarie 2025\u00a0 la specializarile cu <strong>predare in limba engleza<\/strong><\/a><\/li>\n<li><a href=\"https:\/\/www.phys.uaic.ro\/wp-content\/uploads\/2025\/02\/2025-feb-cerere_inscriere_DISERTATIE_KINETO_cu-nr-pacienti.pdf\" target=\"_blank\" rel=\"noopener\">Cerere pentru \u00eenscrierea la examenul de diserta\u0163ie sesiunea februarie 2025 la specializarea <strong>Metode fizice aplicate \u00een kinetoterapie \u0219i recuperare medical\u0103<\/strong><\/a><\/li>\n<li><a href=\"https:\/\/www.phys.uaic.ro\/wp-content\/uploads\/2025\/02\/2025-feb_cerere_inscriere_DISERTATIE_FMAOOFATIC.pdf\" target=\"_blank\" rel=\"noopener\">Cerere pentru \u00eenscrierea la examenul de diserta\u0163ie sesiunea februarie 2025\u00a0 la specializarile <strong>Fizica medicala aplicata, Optic\u0103 \u015fi optometrie,\u00a0<\/strong><strong>Fizic\u0103 aplicat\u0103 \u00een tehnologiile informa\u021biei \u0219i comunica\u021bii (Extensiunea B\u0102L\u021aI)<\/strong><\/a><\/li>\n<\/ul>\n<h3><\/h3>\n<h3><a href=\"https:\/\/www.phys.uaic.ro\/wp-content\/uploads\/2024\/05\/Regulament_finalizare_studii_2024_aprobatSENAT15.02.2024.pdf\" target=\"_blank\" rel=\"noopener\"><strong>Regulament privind organizarea \u015fi desf\u0103\u015furarea examenelor de absolvire, licen\u0163\u0103\/diplom\u0103 \u0219i diserta\u0163ie (sesiunile: iulie 2024, septembrie 2024 \u0219i februarie 2025)<\/strong><\/a><\/h3>\n<\/header>\n","protected":false},"excerpt":{"rendered":"<p>Sus\u0163inerea examenului de diserta\u0163ie: vineri, 28 februarie 2025, ora 12, Lab. Autoorganizare. Rezultate diserta\u021bie \u2013 specializarea \u201eFizic\u0103 medical\u0103 aplicat\u0103&#8221; &#8211; 28.02.2025 Lista absolven\u021bilor care au dreptul s\u0103 se prezinte la sus\u021binerea examenului de DISERTATIE \u00een sesiunea februarie 2025 Pa\u0219i de parcurs pentru \u00eenscrierea la examenul de diserta\u0163ie: etapa 1: \u00een perioada 20-23 februarie 2025, candidatul va trimite urm\u0103toarele\u2026 <span class=\"read-more\"><a href=\"https:\/\/www.phys.uaic.ro\/index.php\/examenul-de-disertatie-sesiunea-februarie-2025\/\">Read More &raquo;<\/a><\/span><\/p>\n","protected":false},"author":4,"featured_media":0,"parent":0,"menu_order":0,"comment_status":"closed","ping_status":"closed","template":"","meta":{"footnotes":""},"class_list":["post-24161","page","type-page","status-publish","hentry"],"_links":{"self":[{"href":"https:\/\/www.phys.uaic.ro\/index.php\/wp-json\/wp\/v2\/pages\/24161","targetHints":{"allow":["GET"]}}],"collection":[{"href":"https:\/\/www.phys.uaic.ro\/index.php\/wp-json\/wp\/v2\/pages"}],"about":[{"href":"https:\/\/www.phys.uaic.ro\/index.php\/wp-json\/wp\/v2\/types\/page"}],"author":[{"embeddable":true,"href":"https:\/\/www.phys.uaic.ro\/index.php\/wp-json\/wp\/v2\/users\/4"}],"replies":[{"embeddable":true,"href":"https:\/\/www.phys.uaic.ro\/index.php\/wp-json\/wp\/v2\/comments?post=24161"}],"version-history":[{"count":0,"href":"https:\/\/www.phys.uaic.ro\/index.php\/wp-json\/wp\/v2\/pages\/24161\/revisions"}],"wp:attachment":[{"href":"https:\/\/www.phys.uaic.ro\/index.php\/wp-json\/wp\/v2\/media?parent=24161"}],"curies":[{"name":"wp","href":"https:\/\/api.w.org\/{rel}","templated":true}]}}