{"id":24192,"date":"2025-02-27T10:54:39","date_gmt":"2025-02-27T08:54:39","guid":{"rendered":"https:\/\/www.phys.uaic.ro\/?page_id=24192"},"modified":"2025-02-27T13:20:39","modified_gmt":"2025-02-27T11:20:39","slug":"retele-si-asociatii","status":"publish","type":"page","link":"https:\/\/www.phys.uaic.ro\/index.php\/retele-si-asociatii\/","title":{"rendered":"Re\u0163ele \u015fi asocia\u0163ii"},"content":{"rendered":"<p><strong>Alian\u021ba Na\u021bional\u0103 Universitar\u0103 pentru Energie Nuclear\u0103<\/strong> &#8211; <strong><a href=\"https:\/\/www.anuen.ro\/\" target=\"_blank\" rel=\"noopener\">https:\/\/www.anuen.ro\/<\/a><\/strong><\/p>\n<p>Consiliul Director:<\/p>\n<ul>\n<li>Pre\u0219edinte:\u00a0Dumitru CHIRLE\u0218AN, Universitatea Na\u021bional\u0103 de \u0218tiin\u021b\u0103 \u0219i Tehnologie POLITEHNICA Bucure\u0219ti;<\/li>\n<li>Vicepre\u0219edinte:\u00a0Ionu\u021b TOPAL\u0102, Universitatea Alexandru Ioan Cuza din Ia\u0219i;<\/li>\n<li>Vicepre\u0219edinte:\u00a0Andrei CZIKER, Universitatea Tehnic\u0103 din Cluj-Napoca;<\/li>\n<li>Secretar \u0219tiin\u021bific:\u00a0Vasile BERCU, Universitatea din Bucure\u0219ti;<\/li>\n<li>Membru:\u00a0C\u0103t\u0103lin ANDRU\u0218, Academia de Poli\u021bie Alexandru Ioan Cuza;<\/li>\n<li>Membru:\u00a0Mihai G\u00ceR\u021aU, Universitatea Ovidius din Constan\u021ba;<\/li>\n<li>Membru:\u00a0Iulian PETRI\u0218OR, Universitatea din Craiova.<\/li>\n<\/ul>\n","protected":false},"excerpt":{"rendered":"<p>Alian\u021ba Na\u021bional\u0103 Universitar\u0103 pentru Energie Nuclear\u0103 &#8211; https:\/\/www.anuen.ro\/ Consiliul Director: Pre\u0219edinte:\u00a0Dumitru CHIRLE\u0218AN, Universitatea Na\u021bional\u0103 de \u0218tiin\u021b\u0103 \u0219i Tehnologie POLITEHNICA Bucure\u0219ti; Vicepre\u0219edinte:\u00a0Ionu\u021b TOPAL\u0102, Universitatea Alexandru Ioan Cuza din Ia\u0219i; Vicepre\u0219edinte:\u00a0Andrei CZIKER, Universitatea Tehnic\u0103 din Cluj-Napoca; Secretar \u0219tiin\u021bific:\u00a0Vasile BERCU, Universitatea din Bucure\u0219ti; Membru:\u00a0C\u0103t\u0103lin ANDRU\u0218, Academia de Poli\u021bie Alexandru Ioan Cuza; Membru:\u00a0Mihai G\u00ceR\u021aU, Universitatea Ovidius din Constan\u021ba; Membru:\u00a0Iulian PETRI\u0218OR, Universitatea din\u2026 <span class=\"read-more\"><a href=\"https:\/\/www.phys.uaic.ro\/index.php\/retele-si-asociatii\/\">Read More &raquo;<\/a><\/span><\/p>\n","protected":false},"author":4,"featured_media":0,"parent":0,"menu_order":0,"comment_status":"closed","ping_status":"closed","template":"","meta":{"footnotes":""},"class_list":["post-24192","page","type-page","status-publish","hentry"],"_links":{"self":[{"href":"https:\/\/www.phys.uaic.ro\/index.php\/wp-json\/wp\/v2\/pages\/24192","targetHints":{"allow":["GET"]}}],"collection":[{"href":"https:\/\/www.phys.uaic.ro\/index.php\/wp-json\/wp\/v2\/pages"}],"about":[{"href":"https:\/\/www.phys.uaic.ro\/index.php\/wp-json\/wp\/v2\/types\/page"}],"author":[{"embeddable":true,"href":"https:\/\/www.phys.uaic.ro\/index.php\/wp-json\/wp\/v2\/users\/4"}],"replies":[{"embeddable":true,"href":"https:\/\/www.phys.uaic.ro\/index.php\/wp-json\/wp\/v2\/comments?post=24192"}],"version-history":[{"count":0,"href":"https:\/\/www.phys.uaic.ro\/index.php\/wp-json\/wp\/v2\/pages\/24192\/revisions"}],"wp:attachment":[{"href":"https:\/\/www.phys.uaic.ro\/index.php\/wp-json\/wp\/v2\/media?parent=24192"}],"curies":[{"name":"wp","href":"https:\/\/api.w.org\/{rel}","templated":true}]}}