{"id":24262,"date":"2025-03-04T12:21:25","date_gmt":"2025-03-04T10:21:25","guid":{"rendered":"https:\/\/www.phys.uaic.ro\/?page_id=24262"},"modified":"2025-03-19T11:00:52","modified_gmt":"2025-03-19T09:00:52","slug":"sustinerea-tezei-de-doctorat-a-drd-stirbu-c-radu-stefan","status":"publish","type":"page","link":"https:\/\/www.phys.uaic.ro\/index.php\/sustinerea-tezei-de-doctorat-a-drd-stirbu-c-radu-stefan\/","title":{"rendered":"Sus\u021binerea tezei de doctorat a drd. \u015eTIRBU C. RADU-\u015eTEFAN pe 09.04.2025"},"content":{"rendered":"<p><a href=\"https:\/\/www.phys.uaic.ro\/wp-content\/uploads\/2025\/03\/anunt-Stirbu-Radu.pdf\" target=\"_blank\" rel=\"noopener\"><em>Anun\u021bul sus\u021binerii publice<\/em><\/a><\/p>\n<p>&nbsp;<\/p>\n<p>La data de 09.04.2025, ora 10, \u00een sala &#8222;Cristian En\u0103chescu&#8221;, dl. <strong>\u015eTIRBU C. RADU-\u015eTEFAN<\/strong> va sus\u0163ine, \u00een \u015fedin\u0163\u0103 public\u0103, teza de doctorat cu titlul<\/p>\n<p><strong><em>CONTRIBUTIONS TO THE MODELING OF THE EFFECTIVE ELECTROMECHANICAL PROPERTIES OF POROUS FERROELECTRIC CERAMICS<\/em><\/strong><\/p>\n<p>\u00een vederea ob\u0163inerii titlului \u015ftiin\u0163ific de doctor \u00een domeniul FIZIC\u0102.<\/p>\n<p>\u015eTIRBU C. RADU-\u015eTEFAN [<a href=\"https:\/\/www.phys.uaic.ro\/wp-content\/uploads\/2025\/03\/CV_Radu.pdf\" target=\"_blank\" rel=\"noopener\">CV<\/a>]<\/p>\n<p>&nbsp;<\/p>\n<p>Comisia de doctorat are urm\u0103toarea componen\u0163\u0103:<\/p>\n<ul>\n<li><b>Pre\u015fedinte<\/b>:\n<ul>\n<li>Prof. univ. dr. Diana-Mihaela MARDARE, Universitatea \u201cAlexandru Ioan Cuza\u201d din Ia\u0219i [<a href=\"https:\/\/www.phys.uaic.ro\/wp-content\/uploads\/2024\/04\/CV-2024-MARDARE-D.-rom.pdf\" target=\"_blank\" rel=\"noopener\">CV<\/a>]<\/li>\n<\/ul>\n<\/li>\n<\/ul>\n<ul>\n<li><b>Conduc\u0103tor \u015ftiin\u0163ific<\/b>:\n<ul>\n<li>Prof. univ. dr. Liliana MITO\u015eERIU, Universitatea \u201cAlexandru Ioan Cuza\u201d din Ia\u0219i [<a href=\"https:\/\/www.phys.uaic.ro\/wp-content\/uploads\/2024\/10\/CV_Liliana_Mitoseriu_RO_2024.pdf\" target=\"_blank\" rel=\"noopener\">CV<\/a>]<\/li>\n<\/ul>\n<\/li>\n<\/ul>\n<ul>\n<li><b>Referen\u0163i<\/b>:\n<ul>\n<li>C. S. I dr. Vincenzo Buscaglia, Institute of Condensed Matter Chemistry and Technologies for Energy CNR, Genova, Italia [<a href=\"https:\/\/www.phys.uaic.ro\/wp-content\/uploads\/2025\/03\/CV-VeryShort-Engl-BuscagliaV.pdf\" target=\"_blank\" rel=\"noopener\">CV<\/a>]<\/li>\n<li>C. S. I dr. Nicoleta Lupu, Institutul Na\u0163ional de Cercetare-Dezvoltare Fizic\u0103 Tehnic\u0103 Ia\u015fi [<a href=\"https:\/\/www.phys.uaic.ro\/wp-content\/uploads\/2025\/03\/CV-c.s.-I-dr.Nicoleta-LUPU.pdf\" target=\"_blank\" rel=\"noopener\">CV<\/a>]<\/li>\n<li>Conf. univ. dr. Ioan DUMITRU, Universitatea \u201cAlexandru Ioan Cuza\u201d din Ia\u0219i [<a href=\"https:\/\/www.phys.uaic.ro\/wp-content\/uploads\/2025\/03\/Dumitru_Ioan_CV_RO_2022.pdf\" target=\"_blank\" rel=\"noopener\">CV<\/a>]<\/li>\n<\/ul>\n<\/li>\n<\/ul>\n<p>&nbsp;<\/p>\n<p>Teza poate fi consultat\u0103 la Biblioteca Facult\u0103\u0163ii de Fizic\u0103.<\/p>\n<ul>\n<li><a href=\"https:\/\/www.phys.uaic.ro\/wp-content\/uploads\/2025\/03\/rezumat_Stirbu.pdf\" target=\"_blank\" rel=\"noopener\"><em>Rezumatul tezei de doctorat<\/em><\/a><\/li>\n<\/ul>\n","protected":false},"excerpt":{"rendered":"<p>Anun\u021bul sus\u021binerii publice &nbsp; La data de 09.04.2025, ora 10, \u00een sala &#8222;Cristian En\u0103chescu&#8221;, dl. \u015eTIRBU C. RADU-\u015eTEFAN va sus\u0163ine, \u00een \u015fedin\u0163\u0103 public\u0103, teza de doctorat cu titlul CONTRIBUTIONS TO THE MODELING OF THE EFFECTIVE ELECTROMECHANICAL PROPERTIES OF POROUS FERROELECTRIC CERAMICS \u00een vederea ob\u0163inerii titlului \u015ftiin\u0163ific de doctor \u00een domeniul FIZIC\u0102. \u015eTIRBU C. RADU-\u015eTEFAN [CV] &nbsp; Comisia de\u2026 <span class=\"read-more\"><a href=\"https:\/\/www.phys.uaic.ro\/index.php\/sustinerea-tezei-de-doctorat-a-drd-stirbu-c-radu-stefan\/\">Read More &raquo;<\/a><\/span><\/p>\n","protected":false},"author":4,"featured_media":0,"parent":0,"menu_order":0,"comment_status":"closed","ping_status":"closed","template":"","meta":{"footnotes":""},"class_list":["post-24262","page","type-page","status-publish","hentry"],"_links":{"self":[{"href":"https:\/\/www.phys.uaic.ro\/index.php\/wp-json\/wp\/v2\/pages\/24262","targetHints":{"allow":["GET"]}}],"collection":[{"href":"https:\/\/www.phys.uaic.ro\/index.php\/wp-json\/wp\/v2\/pages"}],"about":[{"href":"https:\/\/www.phys.uaic.ro\/index.php\/wp-json\/wp\/v2\/types\/page"}],"author":[{"embeddable":true,"href":"https:\/\/www.phys.uaic.ro\/index.php\/wp-json\/wp\/v2\/users\/4"}],"replies":[{"embeddable":true,"href":"https:\/\/www.phys.uaic.ro\/index.php\/wp-json\/wp\/v2\/comments?post=24262"}],"version-history":[{"count":0,"href":"https:\/\/www.phys.uaic.ro\/index.php\/wp-json\/wp\/v2\/pages\/24262\/revisions"}],"wp:attachment":[{"href":"https:\/\/www.phys.uaic.ro\/index.php\/wp-json\/wp\/v2\/media?parent=24262"}],"curies":[{"name":"wp","href":"https:\/\/api.w.org\/{rel}","templated":true}]}}