{"id":24280,"date":"2025-03-05T12:07:46","date_gmt":"2025-03-05T10:07:46","guid":{"rendered":"https:\/\/www.phys.uaic.ro\/?page_id=24280"},"modified":"2025-03-05T12:07:46","modified_gmt":"2025-03-05T10:07:46","slug":"anunt-privind-sustinerea-raportului-de-cercetare-a-drd-lungu-vitalie-pe-24-03-2025","status":"publish","type":"page","link":"https:\/\/www.phys.uaic.ro\/index.php\/anunt-privind-sustinerea-raportului-de-cercetare-a-drd-lungu-vitalie-pe-24-03-2025\/","title":{"rendered":"Anun\u021b privind sus\u021binerea raportului de cercetare a drd. LUNGU Vitalie pe 24.03.2025"},"content":{"rendered":"<p>La data de <strong>24 martie 2025<\/strong>, \u00eencep\u00e2nd cu ora <strong>12<sup>30<\/sup><\/strong> \u00een <strong>laboratorul de cercetare Astrofizic\u0103 (sala 372)<\/strong> va avea loc sus\u021binerea raportului de cercetare cu titlul <strong>\u201e<\/strong><strong>Studiul <\/strong><strong>g\u0103urilor negre \u00een spa\u021bii cu dimensiuni extinse<\/strong><strong>\u201d<\/strong>, prezentat de studentul-doctarand <strong>LUNGU Vitalie<\/strong>, sub \u00eendrumarea <strong>prof. univ. dr. Marina Aura DARIESCU<\/strong>.<\/p>\n","protected":false},"excerpt":{"rendered":"<p>La data de 24 martie 2025, \u00eencep\u00e2nd cu ora 1230 \u00een laboratorul de cercetare Astrofizic\u0103 (sala 372) va avea loc sus\u021binerea raportului de cercetare cu titlul \u201eStudiul g\u0103urilor negre \u00een spa\u021bii cu dimensiuni extinse\u201d, prezentat de studentul-doctarand LUNGU Vitalie, sub \u00eendrumarea prof. univ. dr. Marina Aura DARIESCU.<\/p>\n","protected":false},"author":4,"featured_media":0,"parent":0,"menu_order":0,"comment_status":"closed","ping_status":"closed","template":"","meta":{"footnotes":""},"class_list":["post-24280","page","type-page","status-publish","hentry"],"_links":{"self":[{"href":"https:\/\/www.phys.uaic.ro\/index.php\/wp-json\/wp\/v2\/pages\/24280","targetHints":{"allow":["GET"]}}],"collection":[{"href":"https:\/\/www.phys.uaic.ro\/index.php\/wp-json\/wp\/v2\/pages"}],"about":[{"href":"https:\/\/www.phys.uaic.ro\/index.php\/wp-json\/wp\/v2\/types\/page"}],"author":[{"embeddable":true,"href":"https:\/\/www.phys.uaic.ro\/index.php\/wp-json\/wp\/v2\/users\/4"}],"replies":[{"embeddable":true,"href":"https:\/\/www.phys.uaic.ro\/index.php\/wp-json\/wp\/v2\/comments?post=24280"}],"version-history":[{"count":0,"href":"https:\/\/www.phys.uaic.ro\/index.php\/wp-json\/wp\/v2\/pages\/24280\/revisions"}],"wp:attachment":[{"href":"https:\/\/www.phys.uaic.ro\/index.php\/wp-json\/wp\/v2\/media?parent=24280"}],"curies":[{"name":"wp","href":"https:\/\/api.w.org\/{rel}","templated":true}]}}