{"id":24335,"date":"2025-03-17T10:25:54","date_gmt":"2025-03-17T08:25:54","guid":{"rendered":"https:\/\/www.phys.uaic.ro\/?page_id=24335"},"modified":"2025-03-17T10:25:54","modified_gmt":"2025-03-17T08:25:54","slug":"anunt-privind-sustinerea-raportului-de-cercetare-a-drd-simon-stefana-marcela-pe-27-03-2025","status":"publish","type":"page","link":"https:\/\/www.phys.uaic.ro\/index.php\/anunt-privind-sustinerea-raportului-de-cercetare-a-drd-simon-stefana-marcela-pe-27-03-2025\/","title":{"rendered":"Anun\u021b privind sus\u021binerea raportului de cercetare a drd. \u0218IMON \u0218tefana-Marcela pe 27.03.2025"},"content":{"rendered":"<p>La data de <strong>27 Martie 2025<\/strong>, \u00eencep\u00e2nd cu <strong>ora 10<sup>00<\/sup><\/strong>, \u00een <strong>laboratorul FAM<\/strong> va avea loc sus\u021binerea raportului de cercetare cu titlul <strong>\u2019\u2019 <em>Utilizarea surselor de plasm\u0103 pentru aplica\u021bii indirecte \u00een \u0219tiin\u021bele viului \u2019\u2019<\/em><\/strong>, prezentat de studenta-doctorand\u0103 <strong>\u0218IMON \u0218tefana-Marcela<\/strong>, sub \u00eendrumarea <strong>prof. univ. dr. habil. Ionu\u021b-Cristian TOPAL\u0102<\/strong>.<\/p>\n","protected":false},"excerpt":{"rendered":"<p>La data de 27 Martie 2025, \u00eencep\u00e2nd cu ora 1000, \u00een laboratorul FAM va avea loc sus\u021binerea raportului de cercetare cu titlul \u2019\u2019 Utilizarea surselor de plasm\u0103 pentru aplica\u021bii indirecte \u00een \u0219tiin\u021bele viului \u2019\u2019, prezentat de studenta-doctorand\u0103 \u0218IMON \u0218tefana-Marcela, sub \u00eendrumarea prof. univ. dr. habil. Ionu\u021b-Cristian TOPAL\u0102.<\/p>\n","protected":false},"author":4,"featured_media":0,"parent":0,"menu_order":0,"comment_status":"closed","ping_status":"closed","template":"","meta":{"footnotes":""},"class_list":["post-24335","page","type-page","status-publish","hentry"],"_links":{"self":[{"href":"https:\/\/www.phys.uaic.ro\/index.php\/wp-json\/wp\/v2\/pages\/24335","targetHints":{"allow":["GET"]}}],"collection":[{"href":"https:\/\/www.phys.uaic.ro\/index.php\/wp-json\/wp\/v2\/pages"}],"about":[{"href":"https:\/\/www.phys.uaic.ro\/index.php\/wp-json\/wp\/v2\/types\/page"}],"author":[{"embeddable":true,"href":"https:\/\/www.phys.uaic.ro\/index.php\/wp-json\/wp\/v2\/users\/4"}],"replies":[{"embeddable":true,"href":"https:\/\/www.phys.uaic.ro\/index.php\/wp-json\/wp\/v2\/comments?post=24335"}],"version-history":[{"count":0,"href":"https:\/\/www.phys.uaic.ro\/index.php\/wp-json\/wp\/v2\/pages\/24335\/revisions"}],"wp:attachment":[{"href":"https:\/\/www.phys.uaic.ro\/index.php\/wp-json\/wp\/v2\/media?parent=24335"}],"curies":[{"name":"wp","href":"https:\/\/api.w.org\/{rel}","templated":true}]}}