{"id":24451,"date":"2025-04-07T10:02:03","date_gmt":"2025-04-07T07:02:03","guid":{"rendered":"https:\/\/www.phys.uaic.ro\/?page_id=24451"},"modified":"2025-05-22T14:04:15","modified_gmt":"2025-05-22T11:04:15","slug":"anunt-privind-pre-sustinerea-in-fata-comisiei-de-indrumare-a-tezei-de-doctorat-a-drd-tatarcan-bianca-dumitrita-pe-11-04-2025","status":"publish","type":"page","link":"https:\/\/www.phys.uaic.ro\/index.php\/anunt-privind-pre-sustinerea-in-fata-comisiei-de-indrumare-a-tezei-de-doctorat-a-drd-tatarcan-bianca-dumitrita-pe-11-04-2025\/","title":{"rendered":"Anun\u021b privind pre-sus\u021binerea, \u00een fa\u021ba comisiei de \u00eendrumare, a tezei de doctorat a drd. TATARCAN Bianca-Dumitri\u021ba  pe 11.04.2025"},"content":{"rendered":"<p>La data de\u00a0<strong>11 aprilie 2025<\/strong>, \u00eencep\u00e2nd cu ora\u00a0<strong>09:00<\/strong>, \u00een Laboratorul de <strong>Fizica Atomului si Moleculei<\/strong>, va avea loc presus\u021binerea, \u00een fa\u021ba comisiei de \u00eendrumare, a tezei de doctorat cu titlul\u00a0<strong><em>\u201eAplica\u021bii ale tehnologiilor cu plasm\u0103 la presiune atmosferic\u0103 \u00een agricultura modern\u0103\u201d<\/em><\/strong>, prezentat\u0103 de studenta-doctorand <strong>TATARCAN Bianca-Dumitri\u021ba<\/strong> sub \u00eendrumarea domnului <strong>profesor univ. dr. habil. Ionu\u021b TOPAL\u0102<\/strong>.<\/p>\n","protected":false},"excerpt":{"rendered":"<p>La data de\u00a011 aprilie 2025, \u00eencep\u00e2nd cu ora\u00a009:00, \u00een Laboratorul de Fizica Atomului si Moleculei, va avea loc presus\u021binerea, \u00een fa\u021ba comisiei de \u00eendrumare, a tezei de doctorat cu titlul\u00a0\u201eAplica\u021bii ale tehnologiilor cu plasm\u0103 la presiune atmosferic\u0103 \u00een agricultura modern\u0103\u201d, prezentat\u0103 de studenta-doctorand TATARCAN Bianca-Dumitri\u021ba sub \u00eendrumarea domnului profesor univ. dr. habil. Ionu\u021b TOPAL\u0102.<\/p>\n","protected":false},"author":4,"featured_media":0,"parent":0,"menu_order":0,"comment_status":"closed","ping_status":"closed","template":"","meta":{"footnotes":""},"class_list":["post-24451","page","type-page","status-publish","hentry"],"_links":{"self":[{"href":"https:\/\/www.phys.uaic.ro\/index.php\/wp-json\/wp\/v2\/pages\/24451","targetHints":{"allow":["GET"]}}],"collection":[{"href":"https:\/\/www.phys.uaic.ro\/index.php\/wp-json\/wp\/v2\/pages"}],"about":[{"href":"https:\/\/www.phys.uaic.ro\/index.php\/wp-json\/wp\/v2\/types\/page"}],"author":[{"embeddable":true,"href":"https:\/\/www.phys.uaic.ro\/index.php\/wp-json\/wp\/v2\/users\/4"}],"replies":[{"embeddable":true,"href":"https:\/\/www.phys.uaic.ro\/index.php\/wp-json\/wp\/v2\/comments?post=24451"}],"version-history":[{"count":0,"href":"https:\/\/www.phys.uaic.ro\/index.php\/wp-json\/wp\/v2\/pages\/24451\/revisions"}],"wp:attachment":[{"href":"https:\/\/www.phys.uaic.ro\/index.php\/wp-json\/wp\/v2\/media?parent=24451"}],"curies":[{"name":"wp","href":"https:\/\/api.w.org\/{rel}","templated":true}]}}