{"id":24464,"date":"2025-04-09T14:05:02","date_gmt":"2025-04-09T11:05:02","guid":{"rendered":"https:\/\/www.phys.uaic.ro\/?page_id=24464"},"modified":"2025-04-09T14:05:02","modified_gmt":"2025-04-09T11:05:02","slug":"anunt-privind-sustinerea-raportului-de-cercetare-a-drd-dobinda-marius-pe-29-aprilie-2025","status":"publish","type":"page","link":"https:\/\/www.phys.uaic.ro\/index.php\/anunt-privind-sustinerea-raportului-de-cercetare-a-drd-dobinda-marius-pe-29-aprilie-2025\/","title":{"rendered":"Anun\u021b privind sus\u021binerea raportului de cercetare a drd. DOB\u00ceND\u0102 MARIUS pe 29 aprilie 2025"},"content":{"rendered":"<p>La data de <strong>29 aprilie 2025<\/strong>, \u00eencep\u00e2nd cu ora 13:00, \u00een Laboratorul de BIOFIZIC\u0102 va avea loc sus\u021binerea raportului de cercetare cu titlul\u00a0 \u201e<strong><em>Fiziopatologia func\u021biei cardiace \u0219i neuronale \u0219i\u00a0 leg\u0103tura dintre acestea din punct de vedere al biofizicii<\/em><\/strong>\u201d prezentat de studentul-doctorand <strong>DOB\u00ceND\u0102 MARIUS<\/strong> sub \u00eendrumarea <strong>prof. univ. dr. habil. Dorina-Emilia CREANG\u0102<\/strong>.<\/p>\n","protected":false},"excerpt":{"rendered":"<p>La data de 29 aprilie 2025, \u00eencep\u00e2nd cu ora 13:00, \u00een Laboratorul de BIOFIZIC\u0102 va avea loc sus\u021binerea raportului de cercetare cu titlul\u00a0 \u201eFiziopatologia func\u021biei cardiace \u0219i neuronale \u0219i\u00a0 leg\u0103tura dintre acestea din punct de vedere al biofizicii\u201d prezentat de studentul-doctorand DOB\u00ceND\u0102 MARIUS sub \u00eendrumarea prof. univ. dr. habil. Dorina-Emilia CREANG\u0102.<\/p>\n","protected":false},"author":4,"featured_media":0,"parent":0,"menu_order":0,"comment_status":"closed","ping_status":"closed","template":"","meta":{"footnotes":""},"class_list":["post-24464","page","type-page","status-publish","hentry"],"_links":{"self":[{"href":"https:\/\/www.phys.uaic.ro\/index.php\/wp-json\/wp\/v2\/pages\/24464","targetHints":{"allow":["GET"]}}],"collection":[{"href":"https:\/\/www.phys.uaic.ro\/index.php\/wp-json\/wp\/v2\/pages"}],"about":[{"href":"https:\/\/www.phys.uaic.ro\/index.php\/wp-json\/wp\/v2\/types\/page"}],"author":[{"embeddable":true,"href":"https:\/\/www.phys.uaic.ro\/index.php\/wp-json\/wp\/v2\/users\/4"}],"replies":[{"embeddable":true,"href":"https:\/\/www.phys.uaic.ro\/index.php\/wp-json\/wp\/v2\/comments?post=24464"}],"version-history":[{"count":0,"href":"https:\/\/www.phys.uaic.ro\/index.php\/wp-json\/wp\/v2\/pages\/24464\/revisions"}],"wp:attachment":[{"href":"https:\/\/www.phys.uaic.ro\/index.php\/wp-json\/wp\/v2\/media?parent=24464"}],"curies":[{"name":"wp","href":"https:\/\/api.w.org\/{rel}","templated":true}]}}