{"id":24472,"date":"2025-04-10T10:19:29","date_gmt":"2025-04-10T07:19:29","guid":{"rendered":"https:\/\/www.phys.uaic.ro\/?page_id=24472"},"modified":"2025-05-22T14:05:03","modified_gmt":"2025-05-22T11:05:03","slug":"anunt-privind-pre-sustinerea-in-fata-comisiei-de-indrumare-a-tezei-de-doctorat-a-drd-plesnicute-ramona-mirela-pe-12-01-2025","status":"publish","type":"page","link":"https:\/\/www.phys.uaic.ro\/index.php\/anunt-privind-pre-sustinerea-in-fata-comisiei-de-indrumare-a-tezei-de-doctorat-a-drd-plesnicute-ramona-mirela-pe-12-01-2025\/","title":{"rendered":"Anun\u021b privind pre-sus\u021binerea, \u00een fa\u021ba comisiei de \u00eendrumare, a tezei de doctorat a drd. PLESNICUTE Ramona-Mirela pe 12.04.2025"},"content":{"rendered":"<p>La data de <strong>12 aprilie 2025<\/strong>, \u00eencep\u00e2nd cu ora 11:00, \u00een Laboratorul de Biofizic\u0103, va avea loc presus\u021binerea, \u00een fa\u021ba comisiei de \u00eendrumare, a tezei de doctorat cu titlul <strong><em>\u201eNanoparticule de argint cu aplica\u021bii \u00een biomedicin\u0103\u201d<\/em><\/strong>, prezentat\u0103 de studenta-doctorand <strong>PLESNICUTE Ramona-Mirela <\/strong>sub \u00eendrumarea doamnei prof. univ. dr. habil. <strong>Dorina-Emilia CREANG\u0102.<\/strong><\/p>\n","protected":false},"excerpt":{"rendered":"<p>La data de 12 aprilie 2025, \u00eencep\u00e2nd cu ora 11:00, \u00een Laboratorul de Biofizic\u0103, va avea loc presus\u021binerea, \u00een fa\u021ba comisiei de \u00eendrumare, a tezei de doctorat cu titlul \u201eNanoparticule de argint cu aplica\u021bii \u00een biomedicin\u0103\u201d, prezentat\u0103 de studenta-doctorand PLESNICUTE Ramona-Mirela sub \u00eendrumarea doamnei prof. univ. dr. habil. Dorina-Emilia CREANG\u0102.<\/p>\n","protected":false},"author":4,"featured_media":0,"parent":0,"menu_order":0,"comment_status":"closed","ping_status":"closed","template":"","meta":{"footnotes":""},"class_list":["post-24472","page","type-page","status-publish","hentry"],"_links":{"self":[{"href":"https:\/\/www.phys.uaic.ro\/index.php\/wp-json\/wp\/v2\/pages\/24472","targetHints":{"allow":["GET"]}}],"collection":[{"href":"https:\/\/www.phys.uaic.ro\/index.php\/wp-json\/wp\/v2\/pages"}],"about":[{"href":"https:\/\/www.phys.uaic.ro\/index.php\/wp-json\/wp\/v2\/types\/page"}],"author":[{"embeddable":true,"href":"https:\/\/www.phys.uaic.ro\/index.php\/wp-json\/wp\/v2\/users\/4"}],"replies":[{"embeddable":true,"href":"https:\/\/www.phys.uaic.ro\/index.php\/wp-json\/wp\/v2\/comments?post=24472"}],"version-history":[{"count":0,"href":"https:\/\/www.phys.uaic.ro\/index.php\/wp-json\/wp\/v2\/pages\/24472\/revisions"}],"wp:attachment":[{"href":"https:\/\/www.phys.uaic.ro\/index.php\/wp-json\/wp\/v2\/media?parent=24472"}],"curies":[{"name":"wp","href":"https:\/\/api.w.org\/{rel}","templated":true}]}}