{"id":24497,"date":"2025-04-16T12:58:12","date_gmt":"2025-04-16T09:58:12","guid":{"rendered":"https:\/\/www.phys.uaic.ro\/?page_id=24497"},"modified":"2025-04-16T12:58:12","modified_gmt":"2025-04-16T09:58:12","slug":"anunt-privind-sustinerea-raportului-de-cercetare-a-drd-costache-mihai-pe-30-aprilie-2025","status":"publish","type":"page","link":"https:\/\/www.phys.uaic.ro\/index.php\/anunt-privind-sustinerea-raportului-de-cercetare-a-drd-costache-mihai-pe-30-aprilie-2025\/","title":{"rendered":"Anun\u021b privind sus\u021binerea raportului de cercetare a drd. COSTACHE Mihai pe 30 aprilie 2025"},"content":{"rendered":"<p>La data de <strong>30 aprilie 2025<\/strong>, \u00eencep\u00e2nd cu ora <strong>12.00<\/strong>, \u00een Laboratorul de Biofizic\u0103 va avea loc sus\u021binerea raportului de cercetare cu titlul \u201e<em>S<strong>tudii privind aplica\u021biile undelor electromagnetice \u0219i nanoparticulelor magnetice \u00een \u0219tiin\u021bele vie\u021bii<\/strong><\/em><strong>\u201d<\/strong> prezentat de studentul-doctorand <strong>COSTACHE Mihai<\/strong> sub \u00eendrumarea prof. univ. dr. habil. <strong>Dorina-Emilia CREANG\u0102.<\/strong><\/p>\n","protected":false},"excerpt":{"rendered":"<p>La data de 30 aprilie 2025, \u00eencep\u00e2nd cu ora 12.00, \u00een Laboratorul de Biofizic\u0103 va avea loc sus\u021binerea raportului de cercetare cu titlul \u201eStudii privind aplica\u021biile undelor electromagnetice \u0219i nanoparticulelor magnetice \u00een \u0219tiin\u021bele vie\u021bii\u201d prezentat de studentul-doctorand COSTACHE Mihai sub \u00eendrumarea prof. univ. dr. habil. Dorina-Emilia CREANG\u0102.<\/p>\n","protected":false},"author":4,"featured_media":0,"parent":0,"menu_order":0,"comment_status":"closed","ping_status":"closed","template":"","meta":{"footnotes":""},"class_list":["post-24497","page","type-page","status-publish","hentry"],"_links":{"self":[{"href":"https:\/\/www.phys.uaic.ro\/index.php\/wp-json\/wp\/v2\/pages\/24497","targetHints":{"allow":["GET"]}}],"collection":[{"href":"https:\/\/www.phys.uaic.ro\/index.php\/wp-json\/wp\/v2\/pages"}],"about":[{"href":"https:\/\/www.phys.uaic.ro\/index.php\/wp-json\/wp\/v2\/types\/page"}],"author":[{"embeddable":true,"href":"https:\/\/www.phys.uaic.ro\/index.php\/wp-json\/wp\/v2\/users\/4"}],"replies":[{"embeddable":true,"href":"https:\/\/www.phys.uaic.ro\/index.php\/wp-json\/wp\/v2\/comments?post=24497"}],"version-history":[{"count":0,"href":"https:\/\/www.phys.uaic.ro\/index.php\/wp-json\/wp\/v2\/pages\/24497\/revisions"}],"wp:attachment":[{"href":"https:\/\/www.phys.uaic.ro\/index.php\/wp-json\/wp\/v2\/media?parent=24497"}],"curies":[{"name":"wp","href":"https:\/\/api.w.org\/{rel}","templated":true}]}}