{"id":24529,"date":"2025-04-30T15:27:47","date_gmt":"2025-04-30T12:27:47","guid":{"rendered":"https:\/\/www.phys.uaic.ro\/?page_id=24529"},"modified":"2025-06-17T10:51:34","modified_gmt":"2025-06-17T07:51:34","slug":"tabere-2025","status":"publish","type":"page","link":"https:\/\/www.phys.uaic.ro\/index.php\/tabere-2025\/","title":{"rendered":"Tabere 2025"},"content":{"rendered":"<div class=\"entry-content\">\n<p><strong>Depunerea cererilor<\/strong> pentru solicitarea unui loc de tab\u0103r\u0103 se face astfel:<\/p>\n<p>\u2013 la secretariatul facult\u0103\u0163ii, \u00een perioada <strong><u>05 mai \u2013 2 iunie 2025<\/u><\/strong>;<\/p>\n<p>&nbsp;<\/p>\n<p><a href=\"https:\/\/www.phys.uaic.ro\/wp-content\/uploads\/2025\/04\/Calendarul-de-desfasurare-al-Taberelor-studentesti-2025.pdf\" target=\"_blank\" rel=\"noopener\"><strong><em>Calendarul activit\u0103\u0163ilor pentru repartizarea locurilor de tab\u0103r\u0103<\/em><\/strong><\/a><em>:<\/em><\/p>\n<p>5.05 \u2013 2.06.2025 -perioada de depunere a cererilor<\/p>\n<p>4 iunie 2025 \u2013 afi\u015farea listelor cu studen\u0163ii care au depus cereri de tab\u0103r\u0103<\/p>\n<p>10 iunie 2025 \u2013 afi\u015farea procesului verbal \u00eentocmit de c\u0103tre comisia de selec\u0163ie,\u00a0 cuprinz\u00e2nd studen\u0163ii beneficiari de tabere<\/p>\n<p>11 \u2013 13 iunie 2025 \u2013 perioada de depunere a contesta\u021biilor<\/p>\n<p>17 iunie 2025 \u2013 afi\u015farea listelor finale cu studen\u0163ii beneficiari de tab\u0103r\u0103, dup\u0103 solu\u0163ionarea eventualelor contesta\u0163ii<\/p>\n<p>16 iunie 2025 \u2013 Casele de Cultur\u0103 Studen\u0163e\u015fti \u015fi Complexul Cultural Sportiv Studen\u0163esc \u201eTei\u201d transmit c\u0103tre universit\u0103\u0163i adrese referitoare la: denumirea loca\u0163iilor de tab\u0103r\u0103, seriile, num\u0103rul de locuri<\/p>\n<p>18 iunie 2025 \u2013 \u00eent\u00e2lnirea comisiilor de selec\u0163ie cu beneficiarii locurilor de tab\u0103r\u0103, \u00een vederea alegerii uneia dintre loca\u0163iile disponibile. Studen\u0163ii vor avea asupra lor at\u00e2t carnetul de student, vizat la zi, c\u00e2t \u015fi C.I. (original \u015fi copie)<\/p>\n<p>19 iunie 2025 \u2013 afi\u015farea pe site a listelor cu studen\u0163ii beneficiari de tabere, a listelor de rezerv\u0103, precum \u015fi a loca\u0163iilor \u015fi perioadelor aferente.<\/p>\n<p><a href=\"https:\/\/www.phys.uaic.ro\/wp-content\/uploads\/2025\/04\/Repartizare-locuri-tabere-stud-vara-2025.pdf\" target=\"_blank\" rel=\"noopener\">Repartizare locuri tabere stud. vara 2025<\/a><\/p>\n<p><a href=\"https:\/\/www.phys.uaic.ro\/wp-content\/uploads\/2025\/06\/UAIClocatii.pdf\" target=\"_blank\" rel=\"noopener\">Locatii<\/a><\/p>\n<p><a href=\"https:\/\/www.phys.uaic.ro\/wp-content\/uploads\/2025\/04\/Metodologie-Tabere-studentesti-2025-MO-Partea-I-nr.-1320Bis.pdf\">Metodologie Tabere studentesti 2025 MO Partea I nr. 1320Bis<\/a><\/p>\n<\/div>\n","protected":false},"excerpt":{"rendered":"<p>Depunerea cererilor pentru solicitarea unui loc de tab\u0103r\u0103 se face astfel: \u2013 la secretariatul facult\u0103\u0163ii, \u00een perioada 05 mai \u2013 2 iunie 2025; &nbsp; Calendarul activit\u0103\u0163ilor pentru repartizarea locurilor de tab\u0103r\u0103: 5.05 \u2013 2.06.2025 -perioada de depunere a cererilor 4 iunie 2025 \u2013 afi\u015farea listelor cu studen\u0163ii care au depus cereri de tab\u0103r\u0103 10 iunie 2025 \u2013 afi\u015farea\u2026 <span class=\"read-more\"><a href=\"https:\/\/www.phys.uaic.ro\/index.php\/tabere-2025\/\">Read More &raquo;<\/a><\/span><\/p>\n","protected":false},"author":4,"featured_media":0,"parent":0,"menu_order":0,"comment_status":"closed","ping_status":"closed","template":"","meta":{"footnotes":""},"class_list":["post-24529","page","type-page","status-publish","hentry"],"_links":{"self":[{"href":"https:\/\/www.phys.uaic.ro\/index.php\/wp-json\/wp\/v2\/pages\/24529","targetHints":{"allow":["GET"]}}],"collection":[{"href":"https:\/\/www.phys.uaic.ro\/index.php\/wp-json\/wp\/v2\/pages"}],"about":[{"href":"https:\/\/www.phys.uaic.ro\/index.php\/wp-json\/wp\/v2\/types\/page"}],"author":[{"embeddable":true,"href":"https:\/\/www.phys.uaic.ro\/index.php\/wp-json\/wp\/v2\/users\/4"}],"replies":[{"embeddable":true,"href":"https:\/\/www.phys.uaic.ro\/index.php\/wp-json\/wp\/v2\/comments?post=24529"}],"version-history":[{"count":0,"href":"https:\/\/www.phys.uaic.ro\/index.php\/wp-json\/wp\/v2\/pages\/24529\/revisions"}],"wp:attachment":[{"href":"https:\/\/www.phys.uaic.ro\/index.php\/wp-json\/wp\/v2\/media?parent=24529"}],"curies":[{"name":"wp","href":"https:\/\/api.w.org\/{rel}","templated":true}]}}