{"id":24573,"date":"2025-05-07T12:57:32","date_gmt":"2025-05-07T09:57:32","guid":{"rendered":"https:\/\/www.phys.uaic.ro\/?page_id=24573"},"modified":"2025-05-07T12:57:32","modified_gmt":"2025-05-07T09:57:32","slug":"anunt-privind-sustinerea-raportului-de-cercetare-a-drd-tirlea-vlad-neculai-pe-data-de-23-05-2025","status":"publish","type":"page","link":"https:\/\/www.phys.uaic.ro\/index.php\/anunt-privind-sustinerea-raportului-de-cercetare-a-drd-tirlea-vlad-neculai-pe-data-de-23-05-2025\/","title":{"rendered":"Anun\u021b privind sus\u021binerea raportului de cercetare a drd. \u021a\u00ceRLEA Vlad\u2013Neculai pe data de 23.05.2025"},"content":{"rendered":"<p>La data de <strong>23.05.2025<\/strong>, \u00eencep\u00e2nd cu ora 10<sup>00<\/sup>, \u00een laboratorul de Autoorganizare va avea loc\u00a0 sus\u021binerea raportului de cercetare cu titlul \u201e<em>STADIUL ACTUAL AL CERCET\u0102RILOR PRIVIND UTILIZAREA DINAMICII NELINIARE \u00ceN STUDIUL UNOR PROCESE BIO-FIZICE<\/em>\u201d, prezentat\u0103 de <strong>studentul-doctorand \u021a\u00ceRLEA Vlad\u2013Necula<\/strong>i, sub \u00eendrumarea <strong>prof. univ. dr. Maricel AGOP<\/strong>.<\/p>\n","protected":false},"excerpt":{"rendered":"<p>La data de 23.05.2025, \u00eencep\u00e2nd cu ora 1000, \u00een laboratorul de Autoorganizare va avea loc\u00a0 sus\u021binerea raportului de cercetare cu titlul \u201eSTADIUL ACTUAL AL CERCET\u0102RILOR PRIVIND UTILIZAREA DINAMICII NELINIARE \u00ceN STUDIUL UNOR PROCESE BIO-FIZICE\u201d, prezentat\u0103 de studentul-doctorand \u021a\u00ceRLEA Vlad\u2013Neculai, sub \u00eendrumarea prof. univ. dr. Maricel AGOP.<\/p>\n","protected":false},"author":4,"featured_media":0,"parent":0,"menu_order":0,"comment_status":"closed","ping_status":"closed","template":"","meta":{"footnotes":""},"class_list":["post-24573","page","type-page","status-publish","hentry"],"_links":{"self":[{"href":"https:\/\/www.phys.uaic.ro\/index.php\/wp-json\/wp\/v2\/pages\/24573","targetHints":{"allow":["GET"]}}],"collection":[{"href":"https:\/\/www.phys.uaic.ro\/index.php\/wp-json\/wp\/v2\/pages"}],"about":[{"href":"https:\/\/www.phys.uaic.ro\/index.php\/wp-json\/wp\/v2\/types\/page"}],"author":[{"embeddable":true,"href":"https:\/\/www.phys.uaic.ro\/index.php\/wp-json\/wp\/v2\/users\/4"}],"replies":[{"embeddable":true,"href":"https:\/\/www.phys.uaic.ro\/index.php\/wp-json\/wp\/v2\/comments?post=24573"}],"version-history":[{"count":0,"href":"https:\/\/www.phys.uaic.ro\/index.php\/wp-json\/wp\/v2\/pages\/24573\/revisions"}],"wp:attachment":[{"href":"https:\/\/www.phys.uaic.ro\/index.php\/wp-json\/wp\/v2\/media?parent=24573"}],"curies":[{"name":"wp","href":"https:\/\/api.w.org\/{rel}","templated":true}]}}