{"id":24586,"date":"2025-05-12T08:18:20","date_gmt":"2025-05-12T05:18:20","guid":{"rendered":"https:\/\/www.phys.uaic.ro\/?page_id=24586"},"modified":"2025-05-19T13:05:34","modified_gmt":"2025-05-19T10:05:34","slug":"anunt-privind-sustinerea-raportului-de-cercetare-a-drd-molcalut-monica-pe-data-de-23-05-2025","status":"publish","type":"page","link":"https:\/\/www.phys.uaic.ro\/index.php\/anunt-privind-sustinerea-raportului-de-cercetare-a-drd-molcalut-monica-pe-data-de-23-05-2025\/","title":{"rendered":"Anun\u021b privind sus\u021binerea raportului de cercetare a drd. MOLC\u0102LU\u021a Monica  pe data de 23.05.2025"},"content":{"rendered":"<p>La data de <strong>23.05.2025<\/strong>, \u00eencep\u00e2nd cu ora 10:00 \u00een Laboratorul de Autoorganizare va avea loc sus\u021binerea raportului de cercetare cu titlul \u201e<em><strong>SISTEME COMPLEXE \u0218I ANALIZA DINAMICILOR PE VARIET\u0102\u021aI MONOFRACTALE<\/strong><\/em>\u201d, prezentat\u0103\u00a0 de <strong>studenta-doctorand<\/strong> <strong>MOLC\u0102LU\u021a Monica<\/strong>, sub \u00eendrumarea <strong>prof. univ. dr. Maricel AGOP<\/strong>.<\/p>\n","protected":false},"excerpt":{"rendered":"<p>La data de 23.05.2025, \u00eencep\u00e2nd cu ora 10:00 \u00een Laboratorul de Autoorganizare va avea loc sus\u021binerea raportului de cercetare cu titlul \u201eSISTEME COMPLEXE \u0218I ANALIZA DINAMICILOR PE VARIET\u0102\u021aI MONOFRACTALE\u201d, prezentat\u0103\u00a0 de studenta-doctorand MOLC\u0102LU\u021a Monica, sub \u00eendrumarea prof. univ. dr. Maricel AGOP.<\/p>\n","protected":false},"author":4,"featured_media":0,"parent":0,"menu_order":0,"comment_status":"closed","ping_status":"closed","template":"","meta":{"footnotes":""},"class_list":["post-24586","page","type-page","status-publish","hentry"],"_links":{"self":[{"href":"https:\/\/www.phys.uaic.ro\/index.php\/wp-json\/wp\/v2\/pages\/24586","targetHints":{"allow":["GET"]}}],"collection":[{"href":"https:\/\/www.phys.uaic.ro\/index.php\/wp-json\/wp\/v2\/pages"}],"about":[{"href":"https:\/\/www.phys.uaic.ro\/index.php\/wp-json\/wp\/v2\/types\/page"}],"author":[{"embeddable":true,"href":"https:\/\/www.phys.uaic.ro\/index.php\/wp-json\/wp\/v2\/users\/4"}],"replies":[{"embeddable":true,"href":"https:\/\/www.phys.uaic.ro\/index.php\/wp-json\/wp\/v2\/comments?post=24586"}],"version-history":[{"count":0,"href":"https:\/\/www.phys.uaic.ro\/index.php\/wp-json\/wp\/v2\/pages\/24586\/revisions"}],"wp:attachment":[{"href":"https:\/\/www.phys.uaic.ro\/index.php\/wp-json\/wp\/v2\/media?parent=24586"}],"curies":[{"name":"wp","href":"https:\/\/api.w.org\/{rel}","templated":true}]}}