{"id":24642,"date":"2025-05-22T13:49:35","date_gmt":"2025-05-22T10:49:35","guid":{"rendered":"https:\/\/www.phys.uaic.ro\/?page_id=24642"},"modified":"2025-05-22T13:49:35","modified_gmt":"2025-05-22T10:49:35","slug":"anunt-privind-sustinerea-raportului-de-cercetare-a-drd-bruma-andreea-bianca-pe-data-de-23-05-2025","status":"publish","type":"page","link":"https:\/\/www.phys.uaic.ro\/index.php\/anunt-privind-sustinerea-raportului-de-cercetare-a-drd-bruma-andreea-bianca-pe-data-de-23-05-2025\/","title":{"rendered":"Anun\u021b privind sus\u021binerea raportului de cercetare a drd. BRUM\u0102 Andreea-Bianca  pe data de 23.05.2025"},"content":{"rendered":"<p>La data de 23.05.2025, \u00eencep\u00e2nd cu ora 10<sup>30<\/sup> \u00een<strong> Laboratorul de Autoorganizare<\/strong> va avea loc sus\u021binerea raportului de cercetare cu titlul <strong>\u201e<\/strong><strong><em>TEORIA RELATIVIT\u0102\u021aII DE SCAL\u0102 APLICAT\u0102 \u00ceN STUDIUL DINAMICII SISTEMELOR BIOLOGICE<\/em>\u201d<\/strong>, prezentat\u0103\u00a0 de studenta-doctorand BRUM\u0102 Andreea-Bianca, sub \u00eendrumarea <strong>prof.univ. dr. Maricel AGOP.<\/strong><\/p>\n","protected":false},"excerpt":{"rendered":"<p>La data de 23.05.2025, \u00eencep\u00e2nd cu ora 1030 \u00een Laboratorul de Autoorganizare va avea loc sus\u021binerea raportului de cercetare cu titlul \u201eTEORIA RELATIVIT\u0102\u021aII DE SCAL\u0102 APLICAT\u0102 \u00ceN STUDIUL DINAMICII SISTEMELOR BIOLOGICE\u201d, prezentat\u0103\u00a0 de studenta-doctorand BRUM\u0102 Andreea-Bianca, sub \u00eendrumarea prof.univ. dr. Maricel AGOP.<\/p>\n","protected":false},"author":4,"featured_media":0,"parent":0,"menu_order":0,"comment_status":"closed","ping_status":"closed","template":"","meta":{"footnotes":""},"class_list":["post-24642","page","type-page","status-publish","hentry"],"_links":{"self":[{"href":"https:\/\/www.phys.uaic.ro\/index.php\/wp-json\/wp\/v2\/pages\/24642","targetHints":{"allow":["GET"]}}],"collection":[{"href":"https:\/\/www.phys.uaic.ro\/index.php\/wp-json\/wp\/v2\/pages"}],"about":[{"href":"https:\/\/www.phys.uaic.ro\/index.php\/wp-json\/wp\/v2\/types\/page"}],"author":[{"embeddable":true,"href":"https:\/\/www.phys.uaic.ro\/index.php\/wp-json\/wp\/v2\/users\/4"}],"replies":[{"embeddable":true,"href":"https:\/\/www.phys.uaic.ro\/index.php\/wp-json\/wp\/v2\/comments?post=24642"}],"version-history":[{"count":0,"href":"https:\/\/www.phys.uaic.ro\/index.php\/wp-json\/wp\/v2\/pages\/24642\/revisions"}],"wp:attachment":[{"href":"https:\/\/www.phys.uaic.ro\/index.php\/wp-json\/wp\/v2\/media?parent=24642"}],"curies":[{"name":"wp","href":"https:\/\/api.w.org\/{rel}","templated":true}]}}