{"id":24645,"date":"2025-05-22T13:58:06","date_gmt":"2025-05-22T10:58:06","guid":{"rendered":"https:\/\/www.phys.uaic.ro\/?page_id=24645"},"modified":"2025-05-22T13:59:52","modified_gmt":"2025-05-22T10:59:52","slug":"anunt-privind-pre-sustinerea-in-fata-comisiei-de-indrumare-a-tezei-de-doctorat-a-drd-astacioaie-maria-cas-diaconu","status":"publish","type":"page","link":"https:\/\/www.phys.uaic.ro\/index.php\/anunt-privind-pre-sustinerea-in-fata-comisiei-de-indrumare-a-tezei-de-doctorat-a-drd-astacioaie-maria-cas-diaconu\/","title":{"rendered":"Anun\u021b privind pre-sus\u021binerea, \u00een fa\u021ba comisiei de \u00eendrumare, a tezei de doctorat a drd. AST\u0102CIOAIE Maria (c\u0103s. DIACONU) pe 23.05.2025"},"content":{"rendered":"<p>La data de\u00a0<strong>23 mai 2025<\/strong>, \u00eencep\u00e2nd cu ora 16.00, \u00een Laboratorul de Optic\u0103, va avea loc pre-sus\u021binerea, \u00een fa\u021ba comisiei de \u00eendrumare, a tezei de doctorat cu titlul <strong><em>\u201eContribu\u021bia la caracterizarea dinamicii aerosolului atmosferic sub influen\u0163a poluan\u0163ilor antropici\u201d<\/em><\/strong>, prezentat\u0103 de studenta-doctorand <strong>AST\u0102CIOAIE Maria (c\u0103s. DIACONU) <\/strong>sub \u00eendrumarea domnului prof. univ. dr. habil. <strong>Silviu-Octavian GURLUI.<\/strong><\/p>\n","protected":false},"excerpt":{"rendered":"<p>La data de\u00a023 mai 2025, \u00eencep\u00e2nd cu ora 16.00, \u00een Laboratorul de Optic\u0103, va avea loc pre-sus\u021binerea, \u00een fa\u021ba comisiei de \u00eendrumare, a tezei de doctorat cu titlul \u201eContribu\u021bia la caracterizarea dinamicii aerosolului atmosferic sub influen\u0163a poluan\u0163ilor antropici\u201d, prezentat\u0103 de studenta-doctorand AST\u0102CIOAIE Maria (c\u0103s. DIACONU) sub \u00eendrumarea domnului prof. univ. dr. habil. Silviu-Octavian GURLUI.<\/p>\n","protected":false},"author":4,"featured_media":0,"parent":0,"menu_order":0,"comment_status":"closed","ping_status":"closed","template":"","meta":{"footnotes":""},"class_list":["post-24645","page","type-page","status-publish","hentry"],"_links":{"self":[{"href":"https:\/\/www.phys.uaic.ro\/index.php\/wp-json\/wp\/v2\/pages\/24645","targetHints":{"allow":["GET"]}}],"collection":[{"href":"https:\/\/www.phys.uaic.ro\/index.php\/wp-json\/wp\/v2\/pages"}],"about":[{"href":"https:\/\/www.phys.uaic.ro\/index.php\/wp-json\/wp\/v2\/types\/page"}],"author":[{"embeddable":true,"href":"https:\/\/www.phys.uaic.ro\/index.php\/wp-json\/wp\/v2\/users\/4"}],"replies":[{"embeddable":true,"href":"https:\/\/www.phys.uaic.ro\/index.php\/wp-json\/wp\/v2\/comments?post=24645"}],"version-history":[{"count":0,"href":"https:\/\/www.phys.uaic.ro\/index.php\/wp-json\/wp\/v2\/pages\/24645\/revisions"}],"wp:attachment":[{"href":"https:\/\/www.phys.uaic.ro\/index.php\/wp-json\/wp\/v2\/media?parent=24645"}],"curies":[{"name":"wp","href":"https:\/\/api.w.org\/{rel}","templated":true}]}}