{"id":24671,"date":"2025-05-28T10:04:04","date_gmt":"2025-05-28T07:04:04","guid":{"rendered":"https:\/\/www.phys.uaic.ro\/?page_id=24671"},"modified":"2025-05-28T10:04:04","modified_gmt":"2025-05-28T07:04:04","slug":"conditii-de-admitere-si-taxe-la-licenta-2025","status":"publish","type":"page","link":"https:\/\/www.phys.uaic.ro\/index.php\/conditii-de-admitere-si-taxe-la-licenta-2025\/","title":{"rendered":"Condi\u021bii de admitere \u0219i taxe la licen\u021b\u0103 2025"},"content":{"rendered":"<div class=\"entry-content\">\n<p><strong>Condi\u0163iile de admitere<\/strong><\/p>\n<ul>\n<li><strong>100%<\/strong> <strong>Media de la bacalaureat<\/strong><\/li>\n<\/ul>\n<p>Criteriu de departajare a candidatilor cu aceea\u015fi medie: nota la proba Fizic\u0103 sau Matematic\u0103\/Informatic\u0103 din cadrul examenului de bacalaureat, \u00een func\u021bie de prima op\u021biune.<\/p>\n<p>&nbsp;<\/p>\n<p>Pentru <strong><em>olimpici <\/em><\/strong>(lista olimpiadelor \u015fcolare \u0219i a concursurilor de nivel na\u0163ional \u015fi interna\u0163ional ai c\u0103ror laurea\u0163i, absolven\u0163i cu Diplom\u0103 de bacalaureat, au dreptul s\u0103 fie admi\u015fi, pe locuri finan\u0163ate de la buget, f\u0103r\u0103 sus\u0163inerea concursului de admitere la Universitatea \u201eAlexandru Ioan Cuza\u201d din Ia\u015fi pentru anul universitar 2025\/2026):<\/p>\n<ul>\n<li>Candida\u0163ii care au ob\u0163inut premii \u015fi men\u0163iuni, \u00een timpul liceului, la etapa na\u021bional\u0103 a olimpiadelor de: Fizic\u0103, Astronomie \u015fi Astrofizic\u0103, Biologie, Chimie, Geografie, Matematic\u0103, Informatic\u0103, Inovare si creatie digitala &#8211; Infoeduca\u021bie, Informatic\u0103 aplicat\u0103 &#8211; ACADNET, Tehnologia informatiei, Securitate cibernetica, Creativitate \u0218tiin\u021bific\u0103, \u0218tiin\u021be pentru Juniori, Interdisciplinar\u0103 \u0218tiin\u021bele P\u0103m\u00e2ntului<\/li>\n<\/ul>\n<ul>\n<li>Candida\u0163ii care au luat premii \u0219i men\u021biuni la: Concursul Na\u0163ional de Matematic\u0103 \u015fi Fizic\u0103 \u201eVr\u0103ncianu-Procopiu\u201d, Concursul de Fizic\u0103 \u201ePHI\u201d al Centrelor de Excelen\u0163\u0103, Concursul Na\u0163ional de Fizic\u0103 \u201eEvrika!\u201d si la Concursul de fizic\u0103 \u201e\u0218tefan Procopiu\u201d, Concursul Na\u0163ional de Chimie \u201eCostin D. Neni\u0163escu\u201d, Concursul de chimie &#8222;Petru Poni&#8221;, Concursul &#8222;Academician Cristofor Simionescu&#8221;<\/li>\n<\/ul>\n<ul>\n<li>Candida\u0163ii care, \u00een timpul liceului, au ob\u0163inut premii \u015fi men\u0163iuni \u00een cadrul Concursului Robotic\u0103 \u0218colar\u0103 First Tech Challenge<\/li>\n<\/ul>\n<ul>\n<li>Candida\u021bii care, \u00een timpul liceului, au participat la urm\u0103toarele olimpiade interna\u021bionale: Fizic\u0103, Matematic\u0103, Informatic\u0103, Informatic\u0103 pe echipe, Astronomie \u0219i Astrofizic\u0103, Biologie, Chimie, Geografie, Balcaniada de Fizic\u0103, Olimpiada de Fizic\u0103 a \u021b\u0103rilor din Asia, Olimpiada European\u0103 de Fizic\u0103, Olimpiada Interna\u021bional\u0103 de \u0218tiin\u021be pentru Juniori, Olimpiada de \u015etiin\u0163e a Uniunii Europene, Olimpiada Interna\u021bional\u0103 de \u0218tiin\u021be ale P\u0103m\u00e2ntului, \u201eEUCYS\u201d &#8211; Concursul pentru tineri oameni de \u0219tiin\u021b\u0103 U.E.;<\/li>\n<\/ul>\n<ul>\n<li>Candida\u0163ii care, \u00een timpul liceului, au ob\u0163inut premii \u015fi men\u0163iuni la faza jude\u0163ean\u0103 a olimpiadelor de Fizic\u0103, Astronomie \u015fi Astrofizic\u0103, Biologie, Chimie, Matematic\u0103, Informatic\u0103, Inovare si creatie digitala, Informatic\u0103 aplicat\u0103, Tehnologia informatiei, Securitate cibernetica,\u00a0 Creativitate \u0218tiin\u021bific\u0103, \u0218tiin\u021be pentru Juniori, Interdisciplinar\u0103 \u0218tiin\u021bele P\u0103m\u00e2ntului<\/li>\n<\/ul>\n<p>&nbsp;<\/p>\n<p><strong>Tax\u0103 de \u00eenscriere: 200 lei<\/strong><\/p>\n<p><strong>Nu se percepe tax\u0103 de \u00eenscriere<\/strong> pentru candida\u021bii cu <strong>premii la concursuri<\/strong> \u015fcolare agreate, care <strong>\u00ee\u015fi depun actele \u00a0\u00een original la Facultatea de Fizic\u0103<\/strong>.<\/p>\n<p>Plata taxei se poate efectua la <strong>BRD<\/strong>. \u00cen acest caz specifica\u021bi urmatoarele informa\u021bii:<\/p>\n<ul>\n<li>Cod IBAN: RO68 BRDE 240 SV 895 344 524 00;<\/li>\n<li>Cod tax\u0103 \u0219colarizare: 28 (Tax\u0103 admitere);<\/li>\n<li>Cod form\u0103 \u00eenv\u0103t\u0103m\u00e2nt: 01 (Licen\u021b\u0103 \u2013 cu frecven\u021b\u0103);<\/li>\n<li>Cod Facultatea de Fizic\u0103: 1261.<\/li>\n<\/ul>\n<\/div>\n","protected":false},"excerpt":{"rendered":"<p>Condi\u0163iile de admitere 100% Media de la bacalaureat Criteriu de departajare a candidatilor cu aceea\u015fi medie: nota la proba Fizic\u0103 sau Matematic\u0103\/Informatic\u0103 din cadrul examenului de bacalaureat, \u00een func\u021bie de prima op\u021biune. &nbsp; Pentru olimpici (lista olimpiadelor \u015fcolare \u0219i a concursurilor de nivel na\u0163ional \u015fi interna\u0163ional ai c\u0103ror laurea\u0163i, absolven\u0163i cu Diplom\u0103 de bacalaureat, au dreptul s\u0103 fie\u2026 <span class=\"read-more\"><a href=\"https:\/\/www.phys.uaic.ro\/index.php\/conditii-de-admitere-si-taxe-la-licenta-2025\/\">Read More &raquo;<\/a><\/span><\/p>\n","protected":false},"author":4,"featured_media":0,"parent":0,"menu_order":0,"comment_status":"closed","ping_status":"closed","template":"","meta":{"footnotes":""},"class_list":["post-24671","page","type-page","status-publish","hentry"],"_links":{"self":[{"href":"https:\/\/www.phys.uaic.ro\/index.php\/wp-json\/wp\/v2\/pages\/24671","targetHints":{"allow":["GET"]}}],"collection":[{"href":"https:\/\/www.phys.uaic.ro\/index.php\/wp-json\/wp\/v2\/pages"}],"about":[{"href":"https:\/\/www.phys.uaic.ro\/index.php\/wp-json\/wp\/v2\/types\/page"}],"author":[{"embeddable":true,"href":"https:\/\/www.phys.uaic.ro\/index.php\/wp-json\/wp\/v2\/users\/4"}],"replies":[{"embeddable":true,"href":"https:\/\/www.phys.uaic.ro\/index.php\/wp-json\/wp\/v2\/comments?post=24671"}],"version-history":[{"count":0,"href":"https:\/\/www.phys.uaic.ro\/index.php\/wp-json\/wp\/v2\/pages\/24671\/revisions"}],"wp:attachment":[{"href":"https:\/\/www.phys.uaic.ro\/index.php\/wp-json\/wp\/v2\/media?parent=24671"}],"curies":[{"name":"wp","href":"https:\/\/api.w.org\/{rel}","templated":true}]}}