{"id":24675,"date":"2025-05-26T12:55:42","date_gmt":"2025-05-26T09:55:42","guid":{"rendered":"https:\/\/www.phys.uaic.ro\/?page_id=24675"},"modified":"2025-05-27T13:48:04","modified_gmt":"2025-05-27T10:48:04","slug":"sustinerea-tezei-de-doctorat-a-drd-amarinei-c-mariana-cas-frenti-pe-16-06-2025","status":"publish","type":"page","link":"https:\/\/www.phys.uaic.ro\/index.php\/sustinerea-tezei-de-doctorat-a-drd-amarinei-c-mariana-cas-frenti-pe-16-06-2025\/","title":{"rendered":"Sus\u021binerea tezei de doctorat a drd. AMARINEI C. MARIANA c\u0103s. FREN\u0162I pe 16.06.2025"},"content":{"rendered":"<p><a href=\"https:\/\/www.phys.uaic.ro\/wp-content\/uploads\/2025\/05\/anunt-Amarinei-M.-cas.-Frenti.pdf\" target=\"_blank\" rel=\"noopener\"><em>Anun\u021bul sus\u021binerii publice<\/em><\/a><\/p>\n<p>&nbsp;<\/p>\n<p>La data de <strong>16.06.2025, ora 11<\/strong>, \u00een sala &#8222;Cristian En\u0103chescu&#8221;, dna <strong>AMARINEI C. MARIANA c\u0103s. FREN\u0162I<\/strong> va sus\u0163ine, \u00een \u015fedin\u0163\u0103 public\u0103, teza de doctorat cu titlul<\/p>\n<p><span style=\"font-size: 14pt;\"><em><strong>INVESTIGAREA UNOR STRATURI SUB\u0162IRI DE ZrO2 CU APLICA\u0162II \u00ceN PROTEC\u0162IA MEDIULUI<\/strong><\/em><\/span><\/p>\n<p>\u00een vederea ob\u0163inerii titlului \u015ftiin\u0163ific de doctor \u00een domeniul FIZIC\u0102.<\/p>\n<p>AMARINEI C. MARIANA c\u0103s. FREN\u0162I [<a href=\"https:\/\/www.phys.uaic.ro\/wp-content\/uploads\/2025\/05\/CV-MARIANA-Frenti.pdf\" target=\"_blank\" rel=\"noopener\">CV<\/a>]<\/p>\n<p>&nbsp;<\/p>\n<p>Comisia de doctorat are urm\u0103toarea componen\u0163\u0103:<\/p>\n<ul>\n<li><b>Pre\u015fedinte<\/b>:\n<ul>\n<li>Prof. univ. dr. habil. Ionu\u0163-Cristian TOPAL\u0102, Universitatea \u201cAlexandru Ioan Cuza\u201d din Ia\u0219i [<a href=\"https:\/\/www.phys.uaic.ro\/wp-content\/uploads\/2024\/08\/CV_Topala.pdf\" target=\"_blank\" rel=\"noopener\">CV<\/a>]<\/li>\n<\/ul>\n<\/li>\n<\/ul>\n<ul>\n<li><b>Conduc\u0103tor \u015ftiin\u0163ific<\/b>:\n<ul>\n<li>Prof. univ. dr. Diana-Mihaela MARDARE, Universitatea \u201cAlexandru Ioan Cuza\u201d din Ia\u0219i [<a href=\"https:\/\/www.phys.uaic.ro\/wp-content\/uploads\/2024\/04\/CV-2024-MARDARE-D.-rom.pdf\" target=\"_blank\" rel=\"noopener\">CV<\/a>]<\/li>\n<\/ul>\n<\/li>\n<\/ul>\n<ul>\n<li><b>Referen\u0163i<\/b>:\n<ul>\n<li>Prof. univ. dr. habil. Cristina STAN, Universitatea &#8222;Politehnica&#8221; din Bucure\u015fti [<a href=\"https:\/\/www.phys.uaic.ro\/wp-content\/uploads\/2025\/05\/CV_Europass_CStan_2024.pdf\" target=\"_blank\" rel=\"noopener\">CV<\/a>]<\/li>\n<li>Conf. univ. dr. habil. Mihaela G\u00ceRTAN, Universitatea din Angers, Fran\u0163a [<a href=\"https:\/\/www.phys.uaic.ro\/wp-content\/uploads\/2025\/05\/CV-Mihaela-Girtan-Eng-2025.pdf\" target=\"_blank\" rel=\"noopener\">CV<\/a>]<\/li>\n<li>Conf. univ. dr. Nicoleta CORNEI, Universitatea \u201cAlexandru Ioan Cuza\u201d din Ia\u0219i [<a href=\"https:\/\/www.phys.uaic.ro\/wp-content\/uploads\/2025\/05\/CV-NCornei-2025.pdf\" target=\"_blank\" rel=\"noopener\">CV<\/a>]<\/li>\n<\/ul>\n<\/li>\n<\/ul>\n<p>&nbsp;<\/p>\n<p>Teza poate fi consultat\u0103 la Biblioteca Facult\u0103\u0163ii de Fizic\u0103.<\/p>\n<ul>\n<li><a href=\"https:\/\/www.phys.uaic.ro\/wp-content\/uploads\/2025\/05\/rezumat-teza-Amarinei.pdf\" target=\"_blank\" rel=\"noopener\"><em>Rezumatul tezei de doctorat<\/em><\/a><\/li>\n<\/ul>\n","protected":false},"excerpt":{"rendered":"<p>Anun\u021bul sus\u021binerii publice &nbsp; La data de 16.06.2025, ora 11, \u00een sala &#8222;Cristian En\u0103chescu&#8221;, dna AMARINEI C. MARIANA c\u0103s. FREN\u0162I va sus\u0163ine, \u00een \u015fedin\u0163\u0103 public\u0103, teza de doctorat cu titlul INVESTIGAREA UNOR STRATURI SUB\u0162IRI DE ZrO2 CU APLICA\u0162II \u00ceN PROTEC\u0162IA MEDIULUI \u00een vederea ob\u0163inerii titlului \u015ftiin\u0163ific de doctor \u00een domeniul FIZIC\u0102. AMARINEI C. MARIANA c\u0103s. FREN\u0162I [CV] &nbsp;\u2026 <span class=\"read-more\"><a href=\"https:\/\/www.phys.uaic.ro\/index.php\/sustinerea-tezei-de-doctorat-a-drd-amarinei-c-mariana-cas-frenti-pe-16-06-2025\/\">Read More &raquo;<\/a><\/span><\/p>\n","protected":false},"author":4,"featured_media":0,"parent":0,"menu_order":0,"comment_status":"closed","ping_status":"closed","template":"","meta":{"footnotes":""},"class_list":["post-24675","page","type-page","status-publish","hentry"],"_links":{"self":[{"href":"https:\/\/www.phys.uaic.ro\/index.php\/wp-json\/wp\/v2\/pages\/24675","targetHints":{"allow":["GET"]}}],"collection":[{"href":"https:\/\/www.phys.uaic.ro\/index.php\/wp-json\/wp\/v2\/pages"}],"about":[{"href":"https:\/\/www.phys.uaic.ro\/index.php\/wp-json\/wp\/v2\/types\/page"}],"author":[{"embeddable":true,"href":"https:\/\/www.phys.uaic.ro\/index.php\/wp-json\/wp\/v2\/users\/4"}],"replies":[{"embeddable":true,"href":"https:\/\/www.phys.uaic.ro\/index.php\/wp-json\/wp\/v2\/comments?post=24675"}],"version-history":[{"count":0,"href":"https:\/\/www.phys.uaic.ro\/index.php\/wp-json\/wp\/v2\/pages\/24675\/revisions"}],"wp:attachment":[{"href":"https:\/\/www.phys.uaic.ro\/index.php\/wp-json\/wp\/v2\/media?parent=24675"}],"curies":[{"name":"wp","href":"https:\/\/api.w.org\/{rel}","templated":true}]}}