{"id":24732,"date":"2025-05-29T09:47:29","date_gmt":"2025-05-29T06:47:29","guid":{"rendered":"https:\/\/www.phys.uaic.ro\/?page_id=24732"},"modified":"2025-05-29T14:16:29","modified_gmt":"2025-05-29T11:16:29","slug":"anunt-privind-pre-sustinerea-in-fata-comisiei-de-indrumare-a-tezei-de-doctorat-a-drd-cocean-c-georgiana-pe-30-05-2025","status":"publish","type":"page","link":"https:\/\/www.phys.uaic.ro\/index.php\/anunt-privind-pre-sustinerea-in-fata-comisiei-de-indrumare-a-tezei-de-doctorat-a-drd-cocean-c-georgiana-pe-30-05-2025\/","title":{"rendered":"Anun\u021b privind pre-sus\u021binerea, \u00een fa\u021ba comisiei de \u00eendrumare, a tezei de doctorat a drd. COCEAN C. GEORGIANA pe 30.05.2025"},"content":{"rendered":"<p>La data de<strong> 30 mai 2025<\/strong>, \u00eencep\u00e2nd cu ora 15<sup>30<\/sup>, \u00een Laboratorul de Optic\u0103, va avea loc pre-sus\u021binerea, \u00een fa\u021ba comisiei de \u00eendrumare, a tezei de doctorat cu titlul <strong><em>\u201eContribu\u021bii la ob\u021binerea \u0219i caracterizarea unor materiale speciale cu aplica\u021bii medicale \u0219i senzori de mediu<\/em><\/strong><strong><em>\u201d<\/em><\/strong>, prezentat\u0103 de studenta-doctorand <strong>COCEAN C. GEORGIANA <\/strong>sub \u00eendrumarea domnului prof. univ. dr. habil. <strong>Silviu-Octavian GURLUI.<\/strong><\/p>\n","protected":false},"excerpt":{"rendered":"<p>La data de 30 mai 2025, \u00eencep\u00e2nd cu ora 1530, \u00een Laboratorul de Optic\u0103, va avea loc pre-sus\u021binerea, \u00een fa\u021ba comisiei de \u00eendrumare, a tezei de doctorat cu titlul \u201eContribu\u021bii la ob\u021binerea \u0219i caracterizarea unor materiale speciale cu aplica\u021bii medicale \u0219i senzori de mediu\u201d, prezentat\u0103 de studenta-doctorand COCEAN C. GEORGIANA sub \u00eendrumarea domnului prof. univ. dr. habil. Silviu-Octavian\u2026 <span class=\"read-more\"><a href=\"https:\/\/www.phys.uaic.ro\/index.php\/anunt-privind-pre-sustinerea-in-fata-comisiei-de-indrumare-a-tezei-de-doctorat-a-drd-cocean-c-georgiana-pe-30-05-2025\/\">Read More &raquo;<\/a><\/span><\/p>\n","protected":false},"author":4,"featured_media":0,"parent":0,"menu_order":0,"comment_status":"closed","ping_status":"closed","template":"","meta":{"footnotes":""},"class_list":["post-24732","page","type-page","status-publish","hentry"],"_links":{"self":[{"href":"https:\/\/www.phys.uaic.ro\/index.php\/wp-json\/wp\/v2\/pages\/24732","targetHints":{"allow":["GET"]}}],"collection":[{"href":"https:\/\/www.phys.uaic.ro\/index.php\/wp-json\/wp\/v2\/pages"}],"about":[{"href":"https:\/\/www.phys.uaic.ro\/index.php\/wp-json\/wp\/v2\/types\/page"}],"author":[{"embeddable":true,"href":"https:\/\/www.phys.uaic.ro\/index.php\/wp-json\/wp\/v2\/users\/4"}],"replies":[{"embeddable":true,"href":"https:\/\/www.phys.uaic.ro\/index.php\/wp-json\/wp\/v2\/comments?post=24732"}],"version-history":[{"count":0,"href":"https:\/\/www.phys.uaic.ro\/index.php\/wp-json\/wp\/v2\/pages\/24732\/revisions"}],"wp:attachment":[{"href":"https:\/\/www.phys.uaic.ro\/index.php\/wp-json\/wp\/v2\/media?parent=24732"}],"curies":[{"name":"wp","href":"https:\/\/api.w.org\/{rel}","templated":true}]}}