{"id":24743,"date":"2025-06-02T09:02:26","date_gmt":"2025-06-02T06:02:26","guid":{"rendered":"https:\/\/www.phys.uaic.ro\/?page_id=24743"},"modified":"2025-06-02T09:02:26","modified_gmt":"2025-06-02T06:02:26","slug":"conf-dr-habil-alina-silvia-chiper-expertiza","status":"publish","type":"page","link":"https:\/\/www.phys.uaic.ro\/index.php\/conf-dr-habil-alina-silvia-chiper-expertiza\/","title":{"rendered":"Conf. Dr. habil. Alina-Silvia CHIPER &#8211; expertiz\u0103"},"content":{"rendered":"<p><strong>Domeniul major de cercetare:<\/strong><\/p>\n<ul>\n<li>Fizica plasmei la presiune atmosferic\u0103. Diagnoz\u0103 \u0219i aplica\u021bii.<\/li>\n<\/ul>\n<p>&nbsp;<\/p>\n<p><strong>Direc\u021bii de cercetare \/ Domenii de expertiz\u0103:<\/strong><\/p>\n<ul>\n<li>Procese fizico-chimice \u00een plasme de ne-echilibru la presiune atmosferic\u0103.<\/li>\n<li>Diagnoza plasmelor de ne-echilibru la presiune atmosferic\u0103.<\/li>\n<li>Generarea \u015fi optimizarea plasmelor la presiune atmosferic\u0103 pentru aplica\u021bii precum: protejarea mediului \u00eenconjur\u0103tor, tratamente de suprafa\u0163\u0103, inactivare biologic\u0103.<\/li>\n<\/ul>\n","protected":false},"excerpt":{"rendered":"<p>Domeniul major de cercetare: Fizica plasmei la presiune atmosferic\u0103. Diagnoz\u0103 \u0219i aplica\u021bii. &nbsp; Direc\u021bii de cercetare \/ Domenii de expertiz\u0103: Procese fizico-chimice \u00een plasme de ne-echilibru la presiune atmosferic\u0103. Diagnoza plasmelor de ne-echilibru la presiune atmosferic\u0103. Generarea \u015fi optimizarea plasmelor la presiune atmosferic\u0103 pentru aplica\u021bii precum: protejarea mediului \u00eenconjur\u0103tor, tratamente de suprafa\u0163\u0103, inactivare biologic\u0103.<\/p>\n","protected":false},"author":4,"featured_media":0,"parent":0,"menu_order":0,"comment_status":"closed","ping_status":"closed","template":"","meta":{"footnotes":""},"class_list":["post-24743","page","type-page","status-publish","hentry"],"_links":{"self":[{"href":"https:\/\/www.phys.uaic.ro\/index.php\/wp-json\/wp\/v2\/pages\/24743","targetHints":{"allow":["GET"]}}],"collection":[{"href":"https:\/\/www.phys.uaic.ro\/index.php\/wp-json\/wp\/v2\/pages"}],"about":[{"href":"https:\/\/www.phys.uaic.ro\/index.php\/wp-json\/wp\/v2\/types\/page"}],"author":[{"embeddable":true,"href":"https:\/\/www.phys.uaic.ro\/index.php\/wp-json\/wp\/v2\/users\/4"}],"replies":[{"embeddable":true,"href":"https:\/\/www.phys.uaic.ro\/index.php\/wp-json\/wp\/v2\/comments?post=24743"}],"version-history":[{"count":0,"href":"https:\/\/www.phys.uaic.ro\/index.php\/wp-json\/wp\/v2\/pages\/24743\/revisions"}],"wp:attachment":[{"href":"https:\/\/www.phys.uaic.ro\/index.php\/wp-json\/wp\/v2\/media?parent=24743"}],"curies":[{"name":"wp","href":"https:\/\/api.w.org\/{rel}","templated":true}]}}