{"id":24745,"date":"2025-06-02T09:08:36","date_gmt":"2025-06-02T06:08:36","guid":{"rendered":"https:\/\/www.phys.uaic.ro\/?page_id=24745"},"modified":"2025-06-02T09:08:36","modified_gmt":"2025-06-02T06:08:36","slug":"conf-dr-habil-alina-silvia-chiper-admitere-doctorat","status":"publish","type":"page","link":"https:\/\/www.phys.uaic.ro\/index.php\/conf-dr-habil-alina-silvia-chiper-admitere-doctorat\/","title":{"rendered":"Conf. Dr. habil. Alina-Silvia CHIPER \u2013 admitere doctorat"},"content":{"rendered":"<p><strong>Teme de cercetare propuse:<\/strong><\/p>\n<ul>\n<li>Optimizarea \u015fi diagnoza plasmelor la presiune atmosferic\u0103 cu aplica\u021bii bio-medicale \u0219i protejarea mediului \u00eenconjur\u0103tor.<\/li>\n<li>Activarea apei \u00een plasm\u0103 cu aplica\u021bii \u00een sectorul sanitar, sectorul alimentar \u0219i agricultur\u0103.<\/li>\n<li>Procesarea suprafe\u021belor \u00een plasm\u0103 \u00een vederea dezvolt\u0103rii de aplica\u021bii cu \u00eenalt poten\u021bial tehnologic.<\/li>\n<\/ul>\n<p><strong>\u00a0<\/strong><\/p>\n<p><strong>Tematica admiterii la doctorat:<\/strong><\/p>\n<ol>\n<li>Str\u0103pungerea gazelor la presiune atmosferic\u0103.<\/li>\n<li>Generatori de plasm\u0103 la presiune atmosferic\u0103 (desc\u0103rcarea cu barier\u0103 dielectric\u0103, desc\u0103rcarea corona, arcul electric).<\/li>\n<li>Determinarea parametrilor plasmei prin diagnoz\u0103 optic\u0103 \u0219i spectral\u0103 (temperatura electronilor, temperatura gazului, densitatea de particule).<\/li>\n<li>Procese elementare \u00een plasm\u0103. Tipuri de procese. Procese elementare de volum.<\/li>\n<li>Aplica\u021bii ale plasmei la presiune atmosferic\u0103 (descompunerea poluan\u021bilor gazo\u0219i, aplica\u021bii bio-medicale, modificarea propriet\u0103\u021bilor de suprafa\u021b\u0103 ale materialelor polimere).<\/li>\n<\/ol>\n<p>&nbsp;<\/p>\n<p><strong>Bibliografie:<\/strong><\/p>\n<ol>\n<li>A. S. Chiper, <em>Aplica\u021bii tehnologice ale fizicii plasmei. Elemente introductive. Lucr\u0103ri de laborator<\/em>, Editura Universit\u0103\u021bii \u201eAlexandru Ioan Cuza\u201d din Ia\u0219i, 2023<\/li>\n<li>G. Popa, L. S\u00eerghi, <em>Bazele fizicii plasmei<\/em>, Editura Universit\u0103\u021bii \u201eAlexandru Ioan Cuza\u201d din Ia\u0219i, 2000<\/li>\n<li>S. D. Anghel, <em>\u00a0<\/em><em>Fizica plasmei \u015fi aplica\u0163ii<\/em>, Universitatea Babes-Bolyai, Cluj-Napoca, 2002<\/li>\n<li>I. I. Popescu, I. Iova, E. Toader, <em>Fizica plasmei \u0219i aplica\u021bii<\/em>, Editura \u0218tiin\u021bific\u0103 \u0219i Enciclopedic\u0103, Bucure\u0219ti, 1981<\/li>\n<li>I. Iova, I. I. Popescu, E. I. Toader, <em>Bazele spectroscopiei plasmei<\/em>, Editura \u0218tiin\u021bific\u0103 \u0219i Enciclopedic\u0103, Bucure\u0219ti, 1987<\/li>\n<li>A. Fridman, <em>Plasma Chemistry<\/em>, Cambridge University Press, 2008<\/li>\n<\/ol>\n<p>&nbsp;<\/p>\n","protected":false},"excerpt":{"rendered":"<p>Teme de cercetare propuse: Optimizarea \u015fi diagnoza plasmelor la presiune atmosferic\u0103 cu aplica\u021bii bio-medicale \u0219i protejarea mediului \u00eenconjur\u0103tor. Activarea apei \u00een plasm\u0103 cu aplica\u021bii \u00een sectorul sanitar, sectorul alimentar \u0219i agricultur\u0103. Procesarea suprafe\u021belor \u00een plasm\u0103 \u00een vederea dezvolt\u0103rii de aplica\u021bii cu \u00eenalt poten\u021bial tehnologic. \u00a0 Tematica admiterii la doctorat: Str\u0103pungerea gazelor la presiune atmosferic\u0103. Generatori de plasm\u0103 la\u2026 <span class=\"read-more\"><a href=\"https:\/\/www.phys.uaic.ro\/index.php\/conf-dr-habil-alina-silvia-chiper-admitere-doctorat\/\">Read More &raquo;<\/a><\/span><\/p>\n","protected":false},"author":4,"featured_media":0,"parent":0,"menu_order":0,"comment_status":"closed","ping_status":"closed","template":"","meta":{"footnotes":""},"class_list":["post-24745","page","type-page","status-publish","hentry"],"_links":{"self":[{"href":"https:\/\/www.phys.uaic.ro\/index.php\/wp-json\/wp\/v2\/pages\/24745","targetHints":{"allow":["GET"]}}],"collection":[{"href":"https:\/\/www.phys.uaic.ro\/index.php\/wp-json\/wp\/v2\/pages"}],"about":[{"href":"https:\/\/www.phys.uaic.ro\/index.php\/wp-json\/wp\/v2\/types\/page"}],"author":[{"embeddable":true,"href":"https:\/\/www.phys.uaic.ro\/index.php\/wp-json\/wp\/v2\/users\/4"}],"replies":[{"embeddable":true,"href":"https:\/\/www.phys.uaic.ro\/index.php\/wp-json\/wp\/v2\/comments?post=24745"}],"version-history":[{"count":0,"href":"https:\/\/www.phys.uaic.ro\/index.php\/wp-json\/wp\/v2\/pages\/24745\/revisions"}],"wp:attachment":[{"href":"https:\/\/www.phys.uaic.ro\/index.php\/wp-json\/wp\/v2\/media?parent=24745"}],"curies":[{"name":"wp","href":"https:\/\/api.w.org\/{rel}","templated":true}]}}