{"id":24748,"date":"2025-06-02T09:45:33","date_gmt":"2025-06-02T06:45:33","guid":{"rendered":"https:\/\/www.phys.uaic.ro\/?page_id=24748"},"modified":"2025-06-02T09:45:33","modified_gmt":"2025-06-02T06:45:33","slug":"conf-dr-habil-laura-marinela-ailioaie-expertiza","status":"publish","type":"page","link":"https:\/\/www.phys.uaic.ro\/index.php\/conf-dr-habil-laura-marinela-ailioaie-expertiza\/","title":{"rendered":"Conf. Dr. habil. Laura-Marinela AILIOAIE &#8211; expertiz\u0103"},"content":{"rendered":"<p><strong>Domenii de expertiz\u0103<\/strong><\/p>\n<ol>\n<li>Fotobiomodularea \u0219i aplica\u021bii integrative \u00een recuperarea medical\u0103<\/li>\n<li>Inova\u021bii \u0219i nanotehnologii cu fotosensibilizatori inspira\u021bi din natur\u0103 \u00een terapia fotodinamic\u0103 a cancerului \u0219i alte aplica\u021bii legate de nanomedicina antimicrobian\u0103<\/li>\n<li>Metode fizice \u0219i fotobiomodularea sinergic\u0103 \u00een ameliorarea durerii acute sau cronice \u0219i recuperarea dup\u0103 leziunile sportive<\/li>\n<li>Electroterapia \u00een patologia musculo-scheletal\u0103 \u0219i alte metode fizice de reabilitare<\/li>\n<li>Meloterapia vibroacustic\u0103 \u0219i managementul durerii<\/li>\n<\/ol>\n","protected":false},"excerpt":{"rendered":"<p>Domenii de expertiz\u0103 Fotobiomodularea \u0219i aplica\u021bii integrative \u00een recuperarea medical\u0103 Inova\u021bii \u0219i nanotehnologii cu fotosensibilizatori inspira\u021bi din natur\u0103 \u00een terapia fotodinamic\u0103 a cancerului \u0219i alte aplica\u021bii legate de nanomedicina antimicrobian\u0103 Metode fizice \u0219i fotobiomodularea sinergic\u0103 \u00een ameliorarea durerii acute sau cronice \u0219i recuperarea dup\u0103 leziunile sportive Electroterapia \u00een patologia musculo-scheletal\u0103 \u0219i alte metode fizice de reabilitare Meloterapia vibroacustic\u0103\u2026 <span class=\"read-more\"><a href=\"https:\/\/www.phys.uaic.ro\/index.php\/conf-dr-habil-laura-marinela-ailioaie-expertiza\/\">Read More &raquo;<\/a><\/span><\/p>\n","protected":false},"author":4,"featured_media":0,"parent":0,"menu_order":0,"comment_status":"closed","ping_status":"closed","template":"","meta":{"footnotes":""},"class_list":["post-24748","page","type-page","status-publish","hentry"],"_links":{"self":[{"href":"https:\/\/www.phys.uaic.ro\/index.php\/wp-json\/wp\/v2\/pages\/24748","targetHints":{"allow":["GET"]}}],"collection":[{"href":"https:\/\/www.phys.uaic.ro\/index.php\/wp-json\/wp\/v2\/pages"}],"about":[{"href":"https:\/\/www.phys.uaic.ro\/index.php\/wp-json\/wp\/v2\/types\/page"}],"author":[{"embeddable":true,"href":"https:\/\/www.phys.uaic.ro\/index.php\/wp-json\/wp\/v2\/users\/4"}],"replies":[{"embeddable":true,"href":"https:\/\/www.phys.uaic.ro\/index.php\/wp-json\/wp\/v2\/comments?post=24748"}],"version-history":[{"count":0,"href":"https:\/\/www.phys.uaic.ro\/index.php\/wp-json\/wp\/v2\/pages\/24748\/revisions"}],"wp:attachment":[{"href":"https:\/\/www.phys.uaic.ro\/index.php\/wp-json\/wp\/v2\/media?parent=24748"}],"curies":[{"name":"wp","href":"https:\/\/api.w.org\/{rel}","templated":true}]}}