{"id":24798,"date":"2025-06-06T09:17:20","date_gmt":"2025-06-06T06:17:20","guid":{"rendered":"https:\/\/www.phys.uaic.ro\/?page_id=24798"},"modified":"2025-06-12T09:05:00","modified_gmt":"2025-06-12T06:05:00","slug":"anunt-privind-sustinerea-raportului-de-cercetare-a-drd-hostina-anca-mihaela-pe-26-iunie-2025","status":"publish","type":"page","link":"https:\/\/www.phys.uaic.ro\/index.php\/anunt-privind-sustinerea-raportului-de-cercetare-a-drd-hostina-anca-mihaela-pe-26-iunie-2025\/","title":{"rendered":"Anun\u021b privind sustinerea raportului de cercetare a drd. Ho\u0219tin\u0103 Anca-Mihaela pe 26 iunie 2025"},"content":{"rendered":"<div>\n<div>\n<div>\n<div dir=\"ltr\" data-setdir=\"false\">\n<div>\n<p>La data de <strong>26 iunie 2025<\/strong>, \u00eencep\u00e2nd cu ora 13, \u00een laboratorul de BIOFIZIC\u0102 va avea loc sus\u021binerea raportului de cercetare cu titlul \u00a0<span style=\"font-size: medium;\"><i>,,<strong>Studii asupra stresului oxidativ indus \u00een celulele iradiate<\/strong>&#8222;<\/i><\/span> prezentat de studenta-doctorand\u0103 <strong>Ho\u0219tin\u0103 Anca-Mihaela<\/strong> sub \u00eendrumarea <strong>prof. univ. dr. habil. Dorina-Emilia CREANG\u0102.<\/strong><\/p>\n<div><\/div>\n<p>&nbsp;<\/p>\n<\/div>\n<\/div>\n<\/div>\n<\/div>\n<\/div>\n","protected":false},"excerpt":{"rendered":"<p>La data de 26 iunie 2025, \u00eencep\u00e2nd cu ora 13, \u00een laboratorul de BIOFIZIC\u0102 va avea loc sus\u021binerea raportului de cercetare cu titlul \u00a0,,Studii asupra stresului oxidativ indus \u00een celulele iradiate&#8222; prezentat de studenta-doctorand\u0103 Ho\u0219tin\u0103 Anca-Mihaela sub \u00eendrumarea prof. univ. dr. habil. Dorina-Emilia CREANG\u0102. &nbsp;<\/p>\n","protected":false},"author":4,"featured_media":0,"parent":0,"menu_order":0,"comment_status":"closed","ping_status":"closed","template":"","meta":{"footnotes":""},"class_list":["post-24798","page","type-page","status-publish","hentry"],"_links":{"self":[{"href":"https:\/\/www.phys.uaic.ro\/index.php\/wp-json\/wp\/v2\/pages\/24798","targetHints":{"allow":["GET"]}}],"collection":[{"href":"https:\/\/www.phys.uaic.ro\/index.php\/wp-json\/wp\/v2\/pages"}],"about":[{"href":"https:\/\/www.phys.uaic.ro\/index.php\/wp-json\/wp\/v2\/types\/page"}],"author":[{"embeddable":true,"href":"https:\/\/www.phys.uaic.ro\/index.php\/wp-json\/wp\/v2\/users\/4"}],"replies":[{"embeddable":true,"href":"https:\/\/www.phys.uaic.ro\/index.php\/wp-json\/wp\/v2\/comments?post=24798"}],"version-history":[{"count":0,"href":"https:\/\/www.phys.uaic.ro\/index.php\/wp-json\/wp\/v2\/pages\/24798\/revisions"}],"wp:attachment":[{"href":"https:\/\/www.phys.uaic.ro\/index.php\/wp-json\/wp\/v2\/media?parent=24798"}],"curies":[{"name":"wp","href":"https:\/\/api.w.org\/{rel}","templated":true}]}}