{"id":24847,"date":"2025-06-20T08:56:19","date_gmt":"2025-06-20T05:56:19","guid":{"rendered":"https:\/\/www.phys.uaic.ro\/?page_id=24847"},"modified":"2025-06-20T09:00:24","modified_gmt":"2025-06-20T06:00:24","slug":"anunt-privind-sustinerea-raportului-de-cercetare-a-drd-dobos-alina-stefania-cas-loghin-pe-26-iunie-2025","status":"publish","type":"page","link":"https:\/\/www.phys.uaic.ro\/index.php\/anunt-privind-sustinerea-raportului-de-cercetare-a-drd-dobos-alina-stefania-cas-loghin-pe-26-iunie-2025\/","title":{"rendered":"Anun\u021b privind sustinerea raportului de cercetare a drd. DOBO\u0218 Alina-\u0218tefania (c\u0103s. LOGHIN) pe 27 iunie 2025"},"content":{"rendered":"<p>La data de<strong> 27 iunie 2025<\/strong>, \u00eencep\u00e2nd cu ora <strong>10:00<\/strong>, \u00een Laboratorul de Autoorganizare, va avea loc sus\u021binerea raportului de cercetare cu titlul \u201e<em><strong>Utilizarea dinamicii neliniare \u00een studiul unor propriet\u0103\u021bi ale unor materiale speciale\u201d<\/strong><\/em>, prezentat de studenta-doctorand <strong>DOBO\u0218 Alina-\u0218tefania (c\u0103s. LOGHIN)<\/strong>, sub \u00eendrumarea <strong>prof. univ. dr. Maricel AGOP<\/strong>.<\/p>\n","protected":false},"excerpt":{"rendered":"<p>La data de 27 iunie 2025, \u00eencep\u00e2nd cu ora 10:00, \u00een Laboratorul de Autoorganizare, va avea loc sus\u021binerea raportului de cercetare cu titlul \u201eUtilizarea dinamicii neliniare \u00een studiul unor propriet\u0103\u021bi ale unor materiale speciale\u201d, prezentat de studenta-doctorand DOBO\u0218 Alina-\u0218tefania (c\u0103s. LOGHIN), sub \u00eendrumarea prof. univ. dr. Maricel AGOP.<\/p>\n","protected":false},"author":4,"featured_media":0,"parent":0,"menu_order":0,"comment_status":"closed","ping_status":"closed","template":"","meta":{"footnotes":""},"class_list":["post-24847","page","type-page","status-publish","hentry"],"_links":{"self":[{"href":"https:\/\/www.phys.uaic.ro\/index.php\/wp-json\/wp\/v2\/pages\/24847","targetHints":{"allow":["GET"]}}],"collection":[{"href":"https:\/\/www.phys.uaic.ro\/index.php\/wp-json\/wp\/v2\/pages"}],"about":[{"href":"https:\/\/www.phys.uaic.ro\/index.php\/wp-json\/wp\/v2\/types\/page"}],"author":[{"embeddable":true,"href":"https:\/\/www.phys.uaic.ro\/index.php\/wp-json\/wp\/v2\/users\/4"}],"replies":[{"embeddable":true,"href":"https:\/\/www.phys.uaic.ro\/index.php\/wp-json\/wp\/v2\/comments?post=24847"}],"version-history":[{"count":0,"href":"https:\/\/www.phys.uaic.ro\/index.php\/wp-json\/wp\/v2\/pages\/24847\/revisions"}],"wp:attachment":[{"href":"https:\/\/www.phys.uaic.ro\/index.php\/wp-json\/wp\/v2\/media?parent=24847"}],"curies":[{"name":"wp","href":"https:\/\/api.w.org\/{rel}","templated":true}]}}