{"id":24868,"date":"2025-06-18T14:05:25","date_gmt":"2025-06-18T11:05:25","guid":{"rendered":"https:\/\/www.phys.uaic.ro\/?page_id=24868"},"modified":"2025-07-30T12:56:01","modified_gmt":"2025-07-30T09:56:01","slug":"numarul-de-locuri-la-master-iulie-2025","status":"publish","type":"page","link":"https:\/\/www.phys.uaic.ro\/index.php\/numarul-de-locuri-la-master-iulie-2025\/","title":{"rendered":"Num\u0103rul de locuri la master iulie 2025"},"content":{"rendered":"<p>Domeniul de master: Fizic\u0103<\/p>\n<table style=\"width: 82.5397%; height: 312px;\">\n<tbody>\n<tr style=\"height: 24px;\">\n<td style=\"height: 96px; width: 21.3959%;\" rowspan=\"3\">Specializarea\/ Programul de studii universitare de master<\/td>\n<td style=\"height: 96px; width: 11.3322%;\" rowspan=\"3\">Limba de predare<\/td>\n<td style=\"height: 96px; width: 7.29494%;\" rowspan=\"3\">Forma de \u00eenv\u0103\u021b\u0103m\u00e2nt<\/td>\n<td style=\"height: 96px; width: 7.54789%;\" rowspan=\"3\">Num\u0103r credite<\/td>\n<td style=\"height: 24px; width: 21.0042%;\" colspan=\"4\">Num\u0103r locuri<\/td>\n<\/tr>\n<tr style=\"height: 48px;\">\n<td style=\"height: 48px; width: 10.3513%;\" colspan=\"2\">Rom\u00e2ni, UE, SEE<\/td>\n<td style=\"height: 48px; width: 10.6529%;\" colspan=\"2\">Rom\u00e2ni de pretutindeni<\/td>\n<\/tr>\n<tr style=\"height: 24px;\">\n<td style=\"height: 24px; width: 5.70128%;\">Buget<\/td>\n<td style=\"height: 24px; width: 4.65%;\">Tax\u0103<\/td>\n<td style=\"height: 24px; width: 5.91686%;\">Buget<\/td>\n<td style=\"height: 24px; width: 4.73607%;\">Tax\u0103<\/td>\n<\/tr>\n<tr style=\"height: 24px;\">\n<td style=\"height: 24px; width: 21.3959%;\">Fizic\u0103 pentru tehnologii avansate<\/td>\n<td style=\"height: 24px; width: 11.3322%;\">Englez\u0103<\/td>\n<td style=\"height: 24px; width: 7.29494%;\">IF<\/td>\n<td style=\"height: 24px; width: 7.54789%;\">120<\/td>\n<td style=\"height: 24px; width: 5.70128%;\">9<\/td>\n<td style=\"height: 24px; width: 4.65%;\">25<\/td>\n<td style=\"height: 24px; width: 5.91686%;\">0<\/td>\n<td style=\"height: 24px; width: 4.73607%;\">3<\/td>\n<\/tr>\n<tr style=\"height: 24px;\">\n<td style=\"height: 24px; width: 21.3959%;\">Biofizic\u0103 \u0219i fizic\u0103 medical\u0103<\/td>\n<td style=\"height: 24px; width: 11.3322%;\">Englez\u0103<\/td>\n<td style=\"height: 24px; width: 7.29494%;\">IF<\/td>\n<td style=\"height: 24px; width: 7.54789%;\">120<\/td>\n<td style=\"height: 24px; width: 5.70128%;\">7<\/td>\n<td style=\"height: 24px; width: 4.65%;\">25<\/td>\n<td style=\"height: 24px; width: 5.91686%;\">0<\/td>\n<td style=\"height: 24px; width: 4.73607%;\">1<\/td>\n<\/tr>\n<tr style=\"height: 24px;\">\n<td style=\"height: 24px; width: 21.3959%;\">Fizic\u0103 medical\u0103 aplicat\u0103<\/td>\n<td style=\"height: 24px; width: 11.3322%;\">Rom\u00e2n\u0103<\/td>\n<td style=\"height: 24px; width: 7.29494%;\">IF<\/td>\n<td style=\"height: 24px; width: 7.54789%;\">120<\/td>\n<td style=\"height: 24px; width: 5.70128%;\">7<\/td>\n<td style=\"height: 24px; width: 4.65%;\">25<\/td>\n<td style=\"height: 24px; width: 5.91686%;\">0<\/td>\n<td style=\"height: 24px; width: 4.73607%;\">1<\/td>\n<\/tr>\n<tr style=\"height: 24px;\">\n<td style=\"height: 24px; width: 21.3959%;\">Fizic\u0103 aplicat\u0103 \u00een tehnologii smart \u0219i comunica\u021bii<\/td>\n<td style=\"height: 24px; width: 11.3322%;\">Rom\u00e2n\u0103<\/td>\n<td style=\"height: 24px; width: 7.29494%;\">IF<\/td>\n<td style=\"height: 24px; width: 7.54789%;\">120<\/td>\n<td style=\"height: 24px; width: 5.70128%;\">9<\/td>\n<td style=\"height: 24px; width: 4.65%;\">25<\/td>\n<td style=\"height: 24px; width: 5.91686%;\">0<\/td>\n<td style=\"height: 24px; width: 4.73607%;\">4<\/td>\n<\/tr>\n<tr style=\"height: 48px;\">\n<td style=\"height: 48px; width: 21.3959%;\">Metode fizice aplicate \u00een kinetoterapie \u0219i recuparere medical\u0103<\/td>\n<td style=\"height: 48px; width: 11.3322%;\">Rom\u00e2n\u0103<\/td>\n<td style=\"height: 48px; width: 7.29494%;\">IF<\/td>\n<td style=\"height: 48px; width: 7.54789%;\">120<\/td>\n<td style=\"height: 48px; width: 5.70128%;\">6<\/td>\n<td style=\"height: 48px; width: 4.65%;\">30<\/td>\n<td style=\"height: 48px; width: 5.91686%;\">1<\/td>\n<td style=\"height: 48px; width: 4.73607%;\">4<\/td>\n<\/tr>\n<tr style=\"height: 24px;\">\n<td style=\"height: 24px; width: 21.3959%;\">Optic\u0103 \u0219i optometrie<\/td>\n<td style=\"height: 24px; width: 11.3322%;\">Rom\u00e2n\u0103<\/td>\n<td style=\"height: 24px; width: 7.29494%;\">IF<\/td>\n<td style=\"height: 24px; width: 7.54789%;\">120<\/td>\n<td style=\"height: 24px; width: 5.70128%;\">4<\/td>\n<td style=\"height: 24px; width: 4.65%;\">25<\/td>\n<td style=\"height: 24px; width: 5.91686%;\">0<\/td>\n<td style=\"height: 24px; width: 4.73607%;\">1<\/td>\n<\/tr>\n<tr>\n<td style=\"width: 21.3959%;\">Fizica energiilor \u00eenalte<\/td>\n<td style=\"width: 11.3322%;\">Englez\u0103<\/td>\n<td style=\"width: 7.29494%;\">IF<\/td>\n<td style=\"width: 7.54789%;\">120<\/td>\n<td style=\"width: 5.70128%;\">2<\/td>\n<td style=\"width: 4.65%;\">4<\/td>\n<td style=\"width: 5.91686%;\">0<\/td>\n<td style=\"width: 4.73607%;\">1<\/td>\n<\/tr>\n<tr style=\"height: 48px;\">\n<td style=\"height: 48px; width: 21.3959%;\">Fizic\u0103 aplicat\u0103 \u00een tehnologiile informa\u021biei \u0219i comunica\u021bii (B\u0103l\u021bi)<\/td>\n<td style=\"height: 48px; width: 11.3322%;\">Rom\u00e2n\u0103<\/td>\n<td style=\"height: 48px; width: 7.29494%;\">IF<\/td>\n<td style=\"height: 48px; width: 7.54789%;\">120<\/td>\n<td style=\"height: 48px; width: 5.70128%;\">0<\/td>\n<td style=\"height: 48px; width: 4.65%;\">0<\/td>\n<td style=\"height: 48px; width: 5.91686%;\">19<\/td>\n<td style=\"height: 48px; width: 4.73607%;\">10<\/td>\n<\/tr>\n<\/tbody>\n<\/table>\n<p>&nbsp;<\/p>\n","protected":false},"excerpt":{"rendered":"<p>Domeniul de master: Fizic\u0103 Specializarea\/ Programul de studii universitare de master Limba de predare Forma de \u00eenv\u0103\u021b\u0103m\u00e2nt Num\u0103r credite Num\u0103r locuri Rom\u00e2ni, UE, SEE Rom\u00e2ni de pretutindeni Buget Tax\u0103 Buget Tax\u0103 Fizic\u0103 pentru tehnologii avansate Englez\u0103 IF 120 9 25 0 3 Biofizic\u0103 \u0219i fizic\u0103 medical\u0103 Englez\u0103 IF 120 7 25 0 1 Fizic\u0103 medical\u0103 aplicat\u0103 Rom\u00e2n\u0103 IF\u2026 <span class=\"read-more\"><a href=\"https:\/\/www.phys.uaic.ro\/index.php\/numarul-de-locuri-la-master-iulie-2025\/\">Read More &raquo;<\/a><\/span><\/p>\n","protected":false},"author":4,"featured_media":0,"parent":0,"menu_order":0,"comment_status":"closed","ping_status":"closed","template":"","meta":{"footnotes":""},"class_list":["post-24868","page","type-page","status-publish","hentry"],"_links":{"self":[{"href":"https:\/\/www.phys.uaic.ro\/index.php\/wp-json\/wp\/v2\/pages\/24868","targetHints":{"allow":["GET"]}}],"collection":[{"href":"https:\/\/www.phys.uaic.ro\/index.php\/wp-json\/wp\/v2\/pages"}],"about":[{"href":"https:\/\/www.phys.uaic.ro\/index.php\/wp-json\/wp\/v2\/types\/page"}],"author":[{"embeddable":true,"href":"https:\/\/www.phys.uaic.ro\/index.php\/wp-json\/wp\/v2\/users\/4"}],"replies":[{"embeddable":true,"href":"https:\/\/www.phys.uaic.ro\/index.php\/wp-json\/wp\/v2\/comments?post=24868"}],"version-history":[{"count":0,"href":"https:\/\/www.phys.uaic.ro\/index.php\/wp-json\/wp\/v2\/pages\/24868\/revisions"}],"wp:attachment":[{"href":"https:\/\/www.phys.uaic.ro\/index.php\/wp-json\/wp\/v2\/media?parent=24868"}],"curies":[{"name":"wp","href":"https:\/\/api.w.org\/{rel}","templated":true}]}}