{"id":24906,"date":"2025-06-20T08:58:57","date_gmt":"2025-06-20T05:58:57","guid":{"rendered":"https:\/\/www.phys.uaic.ro\/?page_id=24906"},"modified":"2025-06-20T08:58:57","modified_gmt":"2025-06-20T05:58:57","slug":"anunt-privind-sustinerea-raportului-de-cercetare-a-drd-ambrosi-ecaterina-pe-3-iulie-2025","status":"publish","type":"page","link":"https:\/\/www.phys.uaic.ro\/index.php\/anunt-privind-sustinerea-raportului-de-cercetare-a-drd-ambrosi-ecaterina-pe-3-iulie-2025\/","title":{"rendered":"Anun\u021b privind sustinerea raportului de cercetare a drd. AMBROSI\u00a0Ecaterina pe 3 iulie 2025"},"content":{"rendered":"<p>La data de <strong>3 iulie 2025<\/strong>, \u00eencep\u00e2nd cu <strong>ora 10<\/strong>, \u00een laboratorul de AUTOORGANIZARE va avea loc sus\u021binerea raportului de cercetare cu titlul\u00a0 ,<em><strong>,Contribu\u021bii la studiul solu\u021biilor ternare<\/strong><\/em>\u201d prezentat de studenta-doctorand\u0103 <strong>AMBROSI\u00a0Ecaterina<\/strong> sub \u00eendrumarea <strong>prof. univ. dr. habil. Dan-Gheorghe DIMITRIU.<\/strong><\/p>\n","protected":false},"excerpt":{"rendered":"<p>La data de 3 iulie 2025, \u00eencep\u00e2nd cu ora 10, \u00een laboratorul de AUTOORGANIZARE va avea loc sus\u021binerea raportului de cercetare cu titlul\u00a0 ,,Contribu\u021bii la studiul solu\u021biilor ternare\u201d prezentat de studenta-doctorand\u0103 AMBROSI\u00a0Ecaterina sub \u00eendrumarea prof. univ. dr. habil. Dan-Gheorghe DIMITRIU.<\/p>\n","protected":false},"author":4,"featured_media":0,"parent":0,"menu_order":0,"comment_status":"closed","ping_status":"closed","template":"","meta":{"footnotes":""},"class_list":["post-24906","page","type-page","status-publish","hentry"],"_links":{"self":[{"href":"https:\/\/www.phys.uaic.ro\/index.php\/wp-json\/wp\/v2\/pages\/24906","targetHints":{"allow":["GET"]}}],"collection":[{"href":"https:\/\/www.phys.uaic.ro\/index.php\/wp-json\/wp\/v2\/pages"}],"about":[{"href":"https:\/\/www.phys.uaic.ro\/index.php\/wp-json\/wp\/v2\/types\/page"}],"author":[{"embeddable":true,"href":"https:\/\/www.phys.uaic.ro\/index.php\/wp-json\/wp\/v2\/users\/4"}],"replies":[{"embeddable":true,"href":"https:\/\/www.phys.uaic.ro\/index.php\/wp-json\/wp\/v2\/comments?post=24906"}],"version-history":[{"count":0,"href":"https:\/\/www.phys.uaic.ro\/index.php\/wp-json\/wp\/v2\/pages\/24906\/revisions"}],"wp:attachment":[{"href":"https:\/\/www.phys.uaic.ro\/index.php\/wp-json\/wp\/v2\/media?parent=24906"}],"curies":[{"name":"wp","href":"https:\/\/api.w.org\/{rel}","templated":true}]}}