{"id":24936,"date":"2025-06-25T12:53:40","date_gmt":"2025-06-25T09:53:40","guid":{"rendered":"https:\/\/www.phys.uaic.ro\/?page_id=24936"},"modified":"2025-06-25T12:53:40","modified_gmt":"2025-06-25T09:53:40","slug":"anunt-privind-pre-sustinerea-in-fata-comisiei-de-indrumare-a-tezei-de-doctorat-a-drd-turcanu-gabriela-iulia-cas-irina-pe-26-06-2025","status":"publish","type":"page","link":"https:\/\/www.phys.uaic.ro\/index.php\/anunt-privind-pre-sustinerea-in-fata-comisiei-de-indrumare-a-tezei-de-doctorat-a-drd-turcanu-gabriela-iulia-cas-irina-pe-26-06-2025\/","title":{"rendered":"Anun\u021b privind pre-sus\u021binerea, \u00een fa\u021ba comisiei de \u00eendrumare, a tezei de doctorat a drd. \u021aURCANU Gabriela-Iulia (c\u0103s. IRINA) pe 26.06.2025"},"content":{"rendered":"<p>La data de <strong>26 iunie 2025<\/strong>, \u00eencep\u00e2nd cu ora 13:30, \u00een Sala S366, va avea loc pre-sus\u021binerea, \u00een fa\u021ba comisiei de \u00eendrumare, a tezei de doctorat cu titlul <em>\u201e<strong>Compozite polimer-oxid pentru aplica\u021bii \u00een electronica flexibil\u0103<\/strong>\u201d<\/em>, prezentat\u0103 de studenta-doctorand <strong>\u021aURCANU Gabriela-Iulia (c\u0103s. IRINA)<\/strong> sub \u00eendrumarea doamnei <strong>conf. univ. dr. habil. Lavinia-Petronela CURECHERIU<\/strong>.<\/p>\n","protected":false},"excerpt":{"rendered":"<p>La data de 26 iunie 2025, \u00eencep\u00e2nd cu ora 13:30, \u00een Sala S366, va avea loc pre-sus\u021binerea, \u00een fa\u021ba comisiei de \u00eendrumare, a tezei de doctorat cu titlul \u201eCompozite polimer-oxid pentru aplica\u021bii \u00een electronica flexibil\u0103\u201d, prezentat\u0103 de studenta-doctorand \u021aURCANU Gabriela-Iulia (c\u0103s. IRINA) sub \u00eendrumarea doamnei conf. univ. dr. habil. Lavinia-Petronela CURECHERIU.<\/p>\n","protected":false},"author":4,"featured_media":0,"parent":0,"menu_order":0,"comment_status":"closed","ping_status":"closed","template":"","meta":{"footnotes":""},"class_list":["post-24936","page","type-page","status-publish","hentry"],"_links":{"self":[{"href":"https:\/\/www.phys.uaic.ro\/index.php\/wp-json\/wp\/v2\/pages\/24936","targetHints":{"allow":["GET"]}}],"collection":[{"href":"https:\/\/www.phys.uaic.ro\/index.php\/wp-json\/wp\/v2\/pages"}],"about":[{"href":"https:\/\/www.phys.uaic.ro\/index.php\/wp-json\/wp\/v2\/types\/page"}],"author":[{"embeddable":true,"href":"https:\/\/www.phys.uaic.ro\/index.php\/wp-json\/wp\/v2\/users\/4"}],"replies":[{"embeddable":true,"href":"https:\/\/www.phys.uaic.ro\/index.php\/wp-json\/wp\/v2\/comments?post=24936"}],"version-history":[{"count":0,"href":"https:\/\/www.phys.uaic.ro\/index.php\/wp-json\/wp\/v2\/pages\/24936\/revisions"}],"wp:attachment":[{"href":"https:\/\/www.phys.uaic.ro\/index.php\/wp-json\/wp\/v2\/media?parent=24936"}],"curies":[{"name":"wp","href":"https:\/\/api.w.org\/{rel}","templated":true}]}}